{"id":15803,"date":"2025-01-18T18:52:16","date_gmt":"2025-01-18T17:52:16","guid":{"rendered":"https:\/\/godisfabrica.com\/?post_type=product&#038;p=15803"},"modified":"2026-02-04T00:27:50","modified_gmt":"2026-02-03T23:27:50","slug":"godis-valentines-love-mix","status":"publish","type":"product","link":"https:\/\/godisfabrica.com\/es\/producto\/godis-valentines-love-mix\/","title":{"rendered":"Godis Mezcla de San Valent\u00edn"},"content":{"rendered":"<p class=\"p1\">Godis Mezcla de San Valent\u00edn \u2013 \u00a1la bolsa perfecta para el D\u00eda de San Valent\u00edn! Este mezcla incluye caramelos en tonos rosa\/rojo y, por supuesto, con formas de coraz\u00f3n. Al elegir esta bolsa preparada, siempre recibir\u00e1s al menos 12 tipos diferentes de chuches. \u00a1Esta mezcla es perfecta para compartir amor, ya sea que te est\u00e9s mimando a ti mismo, a un amigo o a alguien especial! \u2764\ufe0f<\/p>\n<p class=\"p1\">Elige el tama\u00f1o de tu bolsa:<\/p>\n<p>250g | 500g | 750g | 1kg<\/p>\n<p>Ten en cuenta que las chuches en nuestras Bolsas Godis Mix pueden variar con respecto a las im\u00e1genes del producto. Ten la seguridad de que cada pedido se empaqueta cuidadosamente y se sella en bolsas con cierre herm\u00e9tico para garantizar su frescura. \u00a1Disfruta t\u00fa mismo o regala el MIX DE AMOR DULCE!<\/p>\n<p class=\"p1\">\u00bfEst\u00e1s listo para que un para\u00edso de caramelos llegue a tu puerta? Un peque\u00f1o lujo dulce para el D\u00eda de San Valent\u00edn o el regalo perfecto para un amigo, familiar o el amor de tu vida. \u2764\ufe0f <strong>\u00a1Haz tu pedido de Godis F\u00e1brica Valentine\u2019s Mezcla de Amor hoy mismo!<\/strong><\/p>\n<div style=\"display: none;\">\n<h5 style=\"display: none;\">Candy Shop<\/h5>\n<h5><img decoding=\"async\" style=\"display: none;\" src=\"https:\/\/godisfabrica.com\/wp-content\/uploads\/2024\/08\/IMG_5948-scaled.jpg\" alt=\"Kryptonite Fizzy Bubble\" \/><\/h5>\n<p style=\"display: none;\">Shop delicious candies at our online candy shop in Spain. Explore a variety of sweets at Godisfabrica and enjoy fast delivery across Spain! &#8220;Shop your favorite candies at our online candy shop in Spain. Fast delivery, wide selection, and sweet deals await. Order now!&#8221; Shop online at Godisfabrica for the best candy in Spain. Discover delicious sweets, fast shipping, and premium quality treats today!<\/p>\n<\/div>\n<div style=\"display: none;\">\n<h5 style=\"display: none;\">Candy Shop<\/h5>\n<h5><img decoding=\"async\" style=\"display: none;\" src=\"https:\/\/godisfabrica.com\/wp-content\/uploads\/2024\/08\/IMG_5948-scaled.jpg\" alt=\"Candy Shop\" \/><\/h5>\n<p style=\"display: none;\">Shop delicious candies at our online candy shop in Spain. Explore a variety of sweets at Godisfabrica and enjoy fast delivery across Spain! &#8220;Shop your favorite candies at our online candy shop in Spain. Fast delivery, wide selection, and sweet deals await. Order now!&#8221; Shop online at Godisfabrica for the best candy in Spain. Discover delicious sweets, fast shipping, and premium quality treats today!<\/p>\n<\/div>\n<div style=\"display: none;\">\n<h5 style=\"display: none;\">Candy Shop<\/h5>\n<h5><img decoding=\"async\" style=\"display: none;\" src=\"https:\/\/godisfabrica.com\/wp-content\/uploads\/2024\/08\/IMG_5948-scaled.jpg\" alt=\"Candy Shop\" \/><\/h5>\n<p style=\"display: none;\">Shop delicious candies at our online candy shop in Spain. Explore a variety of sweets at Godisfabrica and enjoy fast delivery across Spain! &#8220;Shop your favorite candies at our online candy shop in Spain. Fast delivery, wide selection, and sweet deals await. Order now!&#8221; Shop online at Godisfabrica for the best candy in Spain. Discover delicious sweets, fast shipping, and premium quality treats today!<\/p>\n<\/div>\n<div style=\"display: none;\">\n<h5 style=\"display: none;\">Candy Shop<\/h5>\n<h5><img decoding=\"async\" style=\"display: none;\" src=\"https:\/\/godisfabrica.com\/wp-content\/uploads\/2024\/08\/IMG_5948-scaled.jpg\" alt=\"Candy Shop\" \/><\/h5>\n<p style=\"display: none;\">Shop delicious candies at our online candy shop in Spain. Explore a variety of sweets at Godisfabrica and enjoy fast delivery across Spain! &#8220;Shop your favorite candies at our online candy shop in Spain. Fast delivery, wide selection, and sweet deals await. Order now!&#8221; Shop online at Godisfabrica for the best candy in Spain. Discover delicious sweets, fast shipping, and premium quality treats today!<\/p>\n<\/div>","protected":false},"excerpt":{"rendered":"<p>250g | 500g | 750g | 1kg<\/p>","protected":false},"featured_media":15809,"comment_status":"open","ping_status":"closed","template":"","meta":[],"product_brand":[],"product_cat":[294],"product_tag":[1169,1134,509,441,1174,443,615,1133,1131,438,1173,442,1136,1135,545,1138,1104,1112,1171,1132,1170,938,1172,1166,522,1167,1168],"flavor":[410,411],"allergens":[],"class_list":{"0":"post-15803","1":"product","2":"type-product","3":"status-publish","4":"has-post-thumbnail","6":"product_cat-godis-mixes-category","7":"product_tag-amor","8":"product_tag-chuches-lujo","9":"product_tag-colourful","10":"product_tag-corazon","11":"product_tag-corazones","12":"product_tag-foam","13":"product_tag-fresa","14":"product_tag-godis-fabrica-mix","15":"product_tag-godis-mix","16":"product_tag-heart","17":"product_tag-heart-candy","18":"product_tag-love","19":"product_tag-lux-mix","20":"product_tag-luxury","21":"product_tag-magical","22":"product_tag-mezcla","23":"product_tag-mix-bag","24":"product_tag-perfect-mix","25":"product_tag-pink-candy","26":"product_tag-ready-prepared","27":"product_tag-red-candy","28":"product_tag-rojo","29":"product_tag-rosa","30":"product_tag-san-valentine","31":"product_tag-strawberry","32":"product_tag-valentine","33":"product_tag-valentines-day-candy","34":"pa_weight-1kg","35":"pa_weight-250g","36":"pa_weight-500g","37":"pa_weight-750g","38":"flavor-foam","39":"flavor-fruity","41":"first","42":"instock","43":"taxable","44":"shipping-taxable","45":"purchasable","46":"product-type-variable","47":"has-default-attributes"},"_links":{"self":[{"href":"https:\/\/godisfabrica.com\/es\/wp-json\/wp\/v2\/product\/15803","targetHints":{"allow":["GET"]}}],"collection":[{"href":"https:\/\/godisfabrica.com\/es\/wp-json\/wp\/v2\/product"}],"about":[{"href":"https:\/\/godisfabrica.com\/es\/wp-json\/wp\/v2\/types\/product"}],"replies":[{"embeddable":true,"href":"https:\/\/godisfabrica.com\/es\/wp-json\/wp\/v2\/comments?post=15803"}],"wp:featuredmedia":[{"embeddable":true,"href":"https:\/\/godisfabrica.com\/es\/wp-json\/wp\/v2\/media\/15809"}],"wp:attachment":[{"href":"https:\/\/godisfabrica.com\/es\/wp-json\/wp\/v2\/media?parent=15803"}],"wp:term":[{"taxonomy":"product_brand","embeddable":true,"href":"https:\/\/godisfabrica.com\/es\/wp-json\/wp\/v2\/product_brand?post=15803"},{"taxonomy":"product_cat","embeddable":true,"href":"https:\/\/godisfabrica.com\/es\/wp-json\/wp\/v2\/product_cat?post=15803"},{"taxonomy":"product_tag","embeddable":true,"href":"https:\/\/godisfabrica.com\/es\/wp-json\/wp\/v2\/product_tag?post=15803"},{"taxonomy":"flavor","embeddable":true,"href":"https:\/\/godisfabrica.com\/es\/wp-json\/wp\/v2\/flavor?post=15803"},{"taxonomy":"allergens","embeddable":true,"href":"https:\/\/godisfabrica.com\/es\/wp-json\/wp\/v2\/allergens?post=15803"}],"curies":[{"name":"wp","href":"https:\/\/api.w.org\/{rel}","templated":true}]}}