{"id":15926,"date":"2025-02-28T19:42:02","date_gmt":"2025-02-28T18:42:02","guid":{"rendered":"https:\/\/godisfabrica.com\/?post_type=product&#038;p=15926"},"modified":"2026-03-26T09:53:34","modified_gmt":"2026-03-26T08:53:34","slug":"raspberry-lollipop","status":"publish","type":"product","link":"https:\/\/godisfabrica.com\/es\/producto\/raspberry-lollipop\/","title":{"rendered":"Pirul\u00ed de Frambuesa"},"content":{"rendered":"<p>Pirul\u00ed de Frambuesa \u2013 \u00a1Una dulce obra de arte de Choco Bako!<\/p>\n<p>\u00a1Prep\u00e1rate para una explosi\u00f3n de sabor a frambuesa fresca con esta pirul\u00ed sueca 100% artesanal en forma de espiral! Hecho con una receta centenaria, cada pirul\u00ed se cocina a la antigua usanza: en una olla de cobre abierta sobre una llama de gas. Luego ocurre la verdadera magia: cada pieza se corta a mano con tijeras y se envuelve cuidadosamente antes de salir del taller. \u00a1Sin atajos, solo pura y deliciosa artesan\u00eda!<\/p>\n<p>\u00a1As\u00ed que toma un Pirul\u00ed de Frambuesa, haz un viaje al pasado y disfruta del sabor de la tradici\u00f3n \u2014 \u00a1lamida a lamida!<\/p>\n<div style=\"display: none;\">\n<h5 style=\"display: none;\">Frambuesa de Gelatina<\/h5>\n<h5><img decoding=\"async\" style=\"display: none;\" src=\"https:\/\/godisfabrica.com\/wp-content\/uploads\/2024\/08\/IMG_5948-scaled.jpg\" alt=\"Candy Shop\" \/><\/h5>\n<p style=\"display: none;\">Shop delicious candies at our online candy shop in Spain. Explore a variety of sweets at Godisfabrica and enjoy fast delivery across Spain! &#8220;Shop your favorite candies at our online candy shop in Spain. Fast delivery, wide selection, and sweet deals await. Order now!&#8221; Shop online at Godisfabrica for the best candy in Spain. Discover delicious sweets, fast shipping, and premium quality treats today!<\/p>\n<\/div>\n<div style=\"display: none;\">\n<h5 style=\"display: none;\">Raspberry<\/h5>\n<h5><img decoding=\"async\" style=\"display: none;\" src=\"https:\/\/godisfabrica.com\/wp-content\/uploads\/2024\/08\/IMG_5948-scaled.jpg\" alt=\"Candy Shop\" \/><\/h5>\n<p style=\"display: none;\">Shop delicious candies at our online candy shop in Spain. Explore a variety of sweets at Godisfabrica and enjoy fast delivery across Spain! &#8220;Shop your favorite candies at our online candy shop in Spain. Fast delivery, wide selection, and sweet deals await. Order now!&#8221; Shop online at Godisfabrica for the best candy in Spain. Discover delicious sweets, fast shipping, and premium quality treats today!<\/p>\n<\/div>\n<p><img decoding=\"async\" style=\"display: none;\" src=\"https:\/\/godisfabrica.com\/wp-content\/uploads\/2024\/08\/IMG_5948-scaled.jpg\" alt=\"Candy Shop\" \/><img decoding=\"async\" style=\"display: none;\" src=\"https:\/\/godisfabrica.com\/wp-content\/uploads\/2024\/08\/IMG_5948-scaled.jpg\" alt=\"Candy Shop\" \/><\/p>","protected":false},"excerpt":{"rendered":"<p>1 unidad \u2013 50g<\/p>","protected":false},"featured_media":16246,"comment_status":"open","ping_status":"closed","template":"","meta":[],"product_brand":[],"product_cat":[293],"product_tag":[1193,580,1189,1188,478,1383,631,701,1219,729,1191,1192,1190,1187,702,446,1194,842,1195,1196,568],"flavor":[411,1327,421,419],"allergens":[426],"class_list":{"0":"post-15926","1":"product","2":"type-product","3":"status-publish","4":"has-post-thumbnail","6":"product_cat-candy-products-godis-fabrica","7":"product_tag-art","8":"product_tag-caramelo","9":"product_tag-chupar","10":"product_tag-chupete","11":"product_tag-classic","12":"product_tag-espirulina","13":"product_tag-frambuesa","14":"product_tag-gelatin-free","15":"product_tag-gelatin-free-candy","16":"product_tag-hallon","17":"product_tag-handmade","18":"product_tag-hecho-a-mano","19":"product_tag-lick","20":"product_tag-lollipop","21":"product_tag-new","22":"product_tag-raspberry","23":"product_tag-raspberry-lollipop","24":"product_tag-raspberry-taste","25":"product_tag-spiral","26":"product_tag-spiral-lollipop","27":"product_tag-vadelma","28":"flavor-fruity","29":"flavor-hard-candy","30":"flavor-lollipop","31":"flavor-palm-oil-free","32":"allergens-gelatin-free","34":"first","35":"instock","36":"taxable","37":"shipping-taxable","38":"purchasable","39":"product-type-simple"},"_links":{"self":[{"href":"https:\/\/godisfabrica.com\/es\/wp-json\/wp\/v2\/product\/15926","targetHints":{"allow":["GET"]}}],"collection":[{"href":"https:\/\/godisfabrica.com\/es\/wp-json\/wp\/v2\/product"}],"about":[{"href":"https:\/\/godisfabrica.com\/es\/wp-json\/wp\/v2\/types\/product"}],"replies":[{"embeddable":true,"href":"https:\/\/godisfabrica.com\/es\/wp-json\/wp\/v2\/comments?post=15926"}],"wp:featuredmedia":[{"embeddable":true,"href":"https:\/\/godisfabrica.com\/es\/wp-json\/wp\/v2\/media\/16246"}],"wp:attachment":[{"href":"https:\/\/godisfabrica.com\/es\/wp-json\/wp\/v2\/media?parent=15926"}],"wp:term":[{"taxonomy":"product_brand","embeddable":true,"href":"https:\/\/godisfabrica.com\/es\/wp-json\/wp\/v2\/product_brand?post=15926"},{"taxonomy":"product_cat","embeddable":true,"href":"https:\/\/godisfabrica.com\/es\/wp-json\/wp\/v2\/product_cat?post=15926"},{"taxonomy":"product_tag","embeddable":true,"href":"https:\/\/godisfabrica.com\/es\/wp-json\/wp\/v2\/product_tag?post=15926"},{"taxonomy":"flavor","embeddable":true,"href":"https:\/\/godisfabrica.com\/es\/wp-json\/wp\/v2\/flavor?post=15926"},{"taxonomy":"allergens","embeddable":true,"href":"https:\/\/godisfabrica.com\/es\/wp-json\/wp\/v2\/allergens?post=15926"}],"curies":[{"name":"wp","href":"https:\/\/api.w.org\/{rel}","templated":true}]}}