{"id":15938,"date":"2025-02-28T22:42:05","date_gmt":"2025-02-28T21:42:05","guid":{"rendered":"https:\/\/godisfabrica.com\/?post_type=product&#038;p=15938"},"modified":"2026-05-04T17:21:24","modified_gmt":"2026-05-04T15:21:24","slug":"cola-spaghetti","status":"publish","type":"product","link":"https:\/\/godisfabrica.com\/es\/producto\/cola-spaghetti\/","title":{"rendered":"Espagueti de Cola"},"content":{"rendered":"<p>Espagueti de Cola \u2013 \u00a1Un giro \u00e1cido para tu boca!<\/p>\n<p>\u00a1Prep\u00e1rate para un enredo salvaje de sabor con los Espaguetis de Cola \u00c1cido! Estas hebras masticables y el\u00e1sticas de gomita ofrecen un delicioso toque \u00e1cido, seguido de una explosi\u00f3n de dulce cola efervescente. \u00a1Perfectos para quienes aman un dulce tan divertido de comer como delicioso!<\/p>\n<p>\u00a1G\u00edralos, est\u00edralos, succiona (bueno, quiz\u00e1s no tanto), pero lo m\u00e1s importante: disfruta de cada mordisco \u00e1cido y masticable! Ya sea que busques un snack divertido, un dulce para la hora de la pel\u00edcula o simplemente una manera de despertar a tus papilas gustativas, \u00a1estos espaguetis seguramente te conquistar\u00e1n!<\/p>\n<p>\u00a1Advertencia: Los Espaguetis de Cola pueden causar un repentino fruncimiento de labios y un deseo incontrolable de m\u00e1s chuches!<\/p>\n<div style=\"display: none;\">\n<h5 style=\"display: none;\">Frambuesa de Gelatina<\/h5>\n<h5><img decoding=\"async\" style=\"display: none;\" src=\"https:\/\/godisfabrica.com\/wp-content\/uploads\/2024\/08\/IMG_5948-scaled.jpg\" alt=\"Candy Shop\" \/><\/h5>\n<p style=\"display: none;\">Shop delicious candies at our online candy shop in Spain. Explore a variety of sweets at Godisfabrica and enjoy fast delivery across Spain! &#8220;Shop your favorite candies at our online candy shop in Spain. Fast delivery, wide selection, and sweet deals await. Order now!&#8221; Shop online at Godisfabrica for the best candy in Spain. Discover delicious sweets, fast shipping, and premium quality treats today!<\/p>\n<\/div>\n<div style=\"display: none;\">\n<h5 style=\"display: none;\">Raspberry<\/h5>\n<h5><img decoding=\"async\" style=\"display: none;\" src=\"https:\/\/godisfabrica.com\/wp-content\/uploads\/2024\/08\/IMG_5948-scaled.jpg\" alt=\"Candy Shop\" \/><\/h5>\n<p style=\"display: none;\">Shop delicious candies at our online candy shop in Spain. Explore a variety of sweets at Godisfabrica and enjoy fast delivery across Spain! &#8220;Shop your favorite candies at our online candy shop in Spain. Fast delivery, wide selection, and sweet deals await. Order now!&#8221; Shop online at Godisfabrica for the best candy in Spain. Discover delicious sweets, fast shipping, and premium quality treats today!<\/p>\n<\/div>\n<p><img decoding=\"async\" style=\"display: none;\" src=\"https:\/\/godisfabrica.com\/wp-content\/uploads\/2024\/08\/IMG_5948-scaled.jpg\" alt=\"Candy Shop\" \/><img decoding=\"async\" style=\"display: none;\" src=\"https:\/\/godisfabrica.com\/wp-content\/uploads\/2024\/08\/IMG_5948-scaled.jpg\" alt=\"Candy Shop\" \/><\/p>","protected":false},"excerpt":{"rendered":"<p>50g<\/p>","protected":false},"featured_media":16301,"comment_status":"open","ping_status":"closed","template":"","meta":[],"product_brand":[],"product_cat":[225],"product_tag":[1128,731,1110,817,547,806,831,1205,1203,435,585,1201,1202],"flavor":[418,415],"allergens":[426,2020],"class_list":{"0":"post-15938","1":"product","2":"type-product","3":"status-publish","4":"has-post-thumbnail","6":"product_cat-pick-mix-candy-godis-fabrica","7":"product_tag-acida","8":"product_tag-acido","9":"product_tag-chuches-acidas","10":"product_tag-coca-cola","11":"product_tag-cola","12":"product_tag-cola-candy","13":"product_tag-famous","14":"product_tag-fruits","15":"product_tag-rope-candy","16":"product_tag-sour","17":"product_tag-sour-candy","18":"product_tag-spaghetti","19":"product_tag-spaghetti-candy","20":"flavor-cola","21":"flavor-sour","22":"allergens-gelatin-free","23":"allergens-halal","25":"first","26":"instock","27":"taxable","28":"shipping-taxable","29":"purchasable","30":"product-type-simple"},"_links":{"self":[{"href":"https:\/\/godisfabrica.com\/es\/wp-json\/wp\/v2\/product\/15938","targetHints":{"allow":["GET"]}}],"collection":[{"href":"https:\/\/godisfabrica.com\/es\/wp-json\/wp\/v2\/product"}],"about":[{"href":"https:\/\/godisfabrica.com\/es\/wp-json\/wp\/v2\/types\/product"}],"replies":[{"embeddable":true,"href":"https:\/\/godisfabrica.com\/es\/wp-json\/wp\/v2\/comments?post=15938"}],"wp:featuredmedia":[{"embeddable":true,"href":"https:\/\/godisfabrica.com\/es\/wp-json\/wp\/v2\/media\/16301"}],"wp:attachment":[{"href":"https:\/\/godisfabrica.com\/es\/wp-json\/wp\/v2\/media?parent=15938"}],"wp:term":[{"taxonomy":"product_brand","embeddable":true,"href":"https:\/\/godisfabrica.com\/es\/wp-json\/wp\/v2\/product_brand?post=15938"},{"taxonomy":"product_cat","embeddable":true,"href":"https:\/\/godisfabrica.com\/es\/wp-json\/wp\/v2\/product_cat?post=15938"},{"taxonomy":"product_tag","embeddable":true,"href":"https:\/\/godisfabrica.com\/es\/wp-json\/wp\/v2\/product_tag?post=15938"},{"taxonomy":"flavor","embeddable":true,"href":"https:\/\/godisfabrica.com\/es\/wp-json\/wp\/v2\/flavor?post=15938"},{"taxonomy":"allergens","embeddable":true,"href":"https:\/\/godisfabrica.com\/es\/wp-json\/wp\/v2\/allergens?post=15938"}],"curies":[{"name":"wp","href":"https:\/\/api.w.org\/{rel}","templated":true}]}}