{"id":15948,"date":"2025-03-01T13:10:10","date_gmt":"2025-03-01T12:10:10","guid":{"rendered":"https:\/\/godisfabrica.com\/?post_type=product&#038;p=15948"},"modified":"2026-05-04T17:21:24","modified_gmt":"2026-05-04T15:21:24","slug":"pinky-skulls","status":"publish","type":"product","link":"https:\/\/godisfabrica.com\/es\/producto\/pinky-skulls\/","title":{"rendered":"Calaveritas Rosas"},"content":{"rendered":"<p>Calaveritas Rosas \u2013 \u00a1Una felicidad dulce y ligeramente \u00e1cida, 100% vegana!<\/p>\n<p>Prep\u00e1rate: \u00a1estas Calaveritas Rosas vienen a sacudir tus papilas y despertar tus sentidos! Estos sabrosos caramelos con forma de calavera tienen un intenso sabor a fresa, pero no te dejes enga\u00f1ar por su adorable color rosa\u2026 est\u00e1n cubiertos con un polvito \u00e1cido que har\u00e1 que frunzas los labios y pongas esa cara de \u201c\u00a1oh, es amargo!\u201d.<\/p>\n<p>Perfectas para picar, compartir o gastar bromas a tus amigos, las Calaveritas Rosas son tan traviesas como deliciosas. \u00bfLa mejor parte? Son veganas, sin gelatina y sin gluten, \u00a1as\u00ed que todos pueden disfrutar de esta divertida acidez!<\/p>\n<div style=\"display: none;\">\n<h5 style=\"display: none;\">Frambuesa de Gelatina<\/h5>\n<h5><img decoding=\"async\" style=\"display: none;\" src=\"https:\/\/godisfabrica.com\/wp-content\/uploads\/2024\/08\/IMG_5948-scaled.jpg\" alt=\"Candy Shop\" \/><\/h5>\n<p style=\"display: none;\">Shop delicious candies at our online candy shop in Spain. Explore a variety of sweets at Godisfabrica and enjoy fast delivery across Spain! &#8220;Shop your favorite candies at our online candy shop in Spain. Fast delivery, wide selection, and sweet deals await. Order now!&#8221; Shop online at Godisfabrica for the best candy in Spain. Discover delicious sweets, fast shipping, and premium quality treats today!<\/p>\n<\/div>\n<div style=\"display: none;\">\n<h5 style=\"display: none;\">Raspberry<\/h5>\n<h5><img decoding=\"async\" style=\"display: none;\" src=\"https:\/\/godisfabrica.com\/wp-content\/uploads\/2024\/08\/IMG_5948-scaled.jpg\" alt=\"Candy Shop\" \/><\/h5>\n<p style=\"display: none;\">Shop delicious candies at our online candy shop in Spain. Explore a variety of sweets at Godisfabrica and enjoy fast delivery across Spain! &#8220;Shop your favorite candies at our online candy shop in Spain. Fast delivery, wide selection, and sweet deals await. Order now!&#8221; Shop online at Godisfabrica for the best candy in Spain. Discover delicious sweets, fast shipping, and premium quality treats today!<\/p>\n<\/div>\n<p><img decoding=\"async\" style=\"display: none;\" src=\"https:\/\/godisfabrica.com\/wp-content\/uploads\/2024\/08\/IMG_5948-scaled.jpg\" alt=\"Candy Shop\" \/><img decoding=\"async\" style=\"display: none;\" src=\"https:\/\/godisfabrica.com\/wp-content\/uploads\/2024\/08\/IMG_5948-scaled.jpg\" alt=\"Candy Shop\" \/><\/p>","protected":false},"excerpt":{"rendered":"<p>50g<\/p>","protected":false},"featured_media":16231,"comment_status":"open","ping_status":"closed","template":"","meta":[],"product_brand":[],"product_cat":[290,225],"product_tag":[1128,731,629,628,1409,601,537,615,508,540,1205,507,1213,701,582,2074,2073,1172,239,523,435,585,522,604,291,445,607,939,455,661],"flavor":[411,419,415],"allergens":[426,427,425],"class_list":{"0":"post-15948","1":"product","2":"type-product","3":"status-publish","4":"has-post-thumbnail","6":"product_cat-vegan-products-godis-fabrica","7":"product_cat-pick-mix-candy-godis-fabrica","8":"product_tag-acida","9":"product_tag-acido","10":"product_tag-berries","11":"product_tag-berry","12":"product_tag-calavera","13":"product_tag-candy-people","14":"product_tag-chuches-veganas","15":"product_tag-fresa","16":"product_tag-fruit","17":"product_tag-fruit-candy","18":"product_tag-fruits","19":"product_tag-fruity","20":"product_tag-frutos","21":"product_tag-gelatin-free","22":"product_tag-pink","23":"product_tag-pinky","24":"product_tag-pinky-skulls","25":"product_tag-rosa","26":"product_tag-skull","27":"product_tag-skulls","28":"product_tag-sour","29":"product_tag-sour-candy","30":"product_tag-strawberry","31":"product_tag-sweet","32":"product_tag-vegan","33":"product_tag-vegan-candy","34":"product_tag-vegano","35":"product_tag-vege","36":"product_tag-vegetarian","37":"product_tag-veggie","38":"flavor-fruity","39":"flavor-palm-oil-free","40":"flavor-sour","41":"allergens-gelatin-free","42":"allergens-lactose-free","43":"allergens-vegan","45":"first","46":"instock","47":"taxable","48":"shipping-taxable","49":"purchasable","50":"product-type-simple"},"_links":{"self":[{"href":"https:\/\/godisfabrica.com\/es\/wp-json\/wp\/v2\/product\/15948","targetHints":{"allow":["GET"]}}],"collection":[{"href":"https:\/\/godisfabrica.com\/es\/wp-json\/wp\/v2\/product"}],"about":[{"href":"https:\/\/godisfabrica.com\/es\/wp-json\/wp\/v2\/types\/product"}],"replies":[{"embeddable":true,"href":"https:\/\/godisfabrica.com\/es\/wp-json\/wp\/v2\/comments?post=15948"}],"wp:featuredmedia":[{"embeddable":true,"href":"https:\/\/godisfabrica.com\/es\/wp-json\/wp\/v2\/media\/16231"}],"wp:attachment":[{"href":"https:\/\/godisfabrica.com\/es\/wp-json\/wp\/v2\/media?parent=15948"}],"wp:term":[{"taxonomy":"product_brand","embeddable":true,"href":"https:\/\/godisfabrica.com\/es\/wp-json\/wp\/v2\/product_brand?post=15948"},{"taxonomy":"product_cat","embeddable":true,"href":"https:\/\/godisfabrica.com\/es\/wp-json\/wp\/v2\/product_cat?post=15948"},{"taxonomy":"product_tag","embeddable":true,"href":"https:\/\/godisfabrica.com\/es\/wp-json\/wp\/v2\/product_tag?post=15948"},{"taxonomy":"flavor","embeddable":true,"href":"https:\/\/godisfabrica.com\/es\/wp-json\/wp\/v2\/flavor?post=15948"},{"taxonomy":"allergens","embeddable":true,"href":"https:\/\/godisfabrica.com\/es\/wp-json\/wp\/v2\/allergens?post=15948"}],"curies":[{"name":"wp","href":"https:\/\/api.w.org\/{rel}","templated":true}]}}