{"id":15950,"date":"2025-03-01T13:38:15","date_gmt":"2025-03-01T12:38:15","guid":{"rendered":"https:\/\/godisfabrica.com\/?post_type=product&#038;p=15950"},"modified":"2026-05-07T18:34:59","modified_gmt":"2026-05-07T16:34:59","slug":"sour-berry-skulls","status":"publish","type":"product","link":"https:\/\/godisfabrica.com\/es\/producto\/sour-berry-skulls\/","title":{"rendered":"Calaveras de Bayas \u00c1cidas"},"content":{"rendered":"<p>\u00a1Calaveras de Bayas \u00c1cidas \u2013 Un shock dulce y \u00e1cido para el sistema!<\/p>\n<p>Calaveras de Bayas \u00c1cidas rojas y blancas: Una deliciosa combinaci\u00f3n de caramelos \u00e1cidos llenos de sabores a bayas en los colores cl\u00e1sicos de la bandera danesa. Est\u00e1n cubiertas con un polvo \u00e1cido que har\u00e1 que tus labios se frunzan y tu rostro haga esa expresi\u00f3n de \"\u00a1eso est\u00e1 \u00e1cido!\".<\/p>\n<p>\u00a1Perfectas para picar, compartir o hacer una broma a tus amigos a escondidas, estas calaveras son tan traviesas como deliciosas! \u00bfY lo mejor? Son veganas, sin gelatina y sin gluten, \u00a1as\u00ed que todos pueden unirse a la diversi\u00f3n \u00e1cida!<\/p>\n<p>\u00a1Advertencia! Puede causar selfies incontrolables con cara \u00e1cida.<\/p>\n<div style=\"display: none;\">\n<h5 style=\"display: none;\">Frambuesa de Gelatina<\/h5>\n<h5><img decoding=\"async\" style=\"display: none;\" src=\"https:\/\/godisfabrica.com\/wp-content\/uploads\/2024\/08\/IMG_5948-scaled.jpg\" alt=\"Candy Shop\" \/><\/h5>\n<p style=\"display: none;\">Shop delicious candies at our online candy shop in Spain. Explore a variety of sweets at Godisfabrica and enjoy fast delivery across Spain! &#8220;Shop your favorite candies at our online candy shop in Spain. Fast delivery, wide selection, and sweet deals await. Order now!&#8221; Shop online at Godisfabrica for the best candy in Spain. Discover delicious sweets, fast shipping, and premium quality treats today!<\/p>\n<\/div>\n<div style=\"display: none;\">\n<h5 style=\"display: none;\">Raspberry<\/h5>\n<h5><img decoding=\"async\" style=\"display: none;\" src=\"https:\/\/godisfabrica.com\/wp-content\/uploads\/2024\/08\/IMG_5948-scaled.jpg\" alt=\"Candy Shop\" \/><\/h5>\n<p style=\"display: none;\">Shop delicious candies at our online candy shop in Spain. Explore a variety of sweets at Godisfabrica and enjoy fast delivery across Spain! &#8220;Shop your favorite candies at our online candy shop in Spain. Fast delivery, wide selection, and sweet deals await. Order now!&#8221; Shop online at Godisfabrica for the best candy in Spain. Discover delicious sweets, fast shipping, and premium quality treats today!<\/p>\n<\/div>\n<p><img decoding=\"async\" style=\"display: none;\" src=\"https:\/\/godisfabrica.com\/wp-content\/uploads\/2024\/08\/IMG_5948-scaled.jpg\" alt=\"Candy Shop\" \/><img decoding=\"async\" style=\"display: none;\" src=\"https:\/\/godisfabrica.com\/wp-content\/uploads\/2024\/08\/IMG_5948-scaled.jpg\" alt=\"Candy Shop\" \/><\/p>","protected":false},"excerpt":{"rendered":"<p>50g<\/p>","protected":false},"featured_media":16232,"comment_status":"open","ping_status":"closed","template":"","meta":[],"product_brand":[],"product_cat":[225,290],"product_tag":[1128,731,629,628,601,615,508,540,1205,507,1213,701,1093,702,582,1172,239,435,585,522,291,445],"flavor":[411,419,415],"allergens":[426,427,425],"class_list":{"0":"post-15950","1":"product","2":"type-product","3":"status-publish","4":"has-post-thumbnail","6":"product_cat-pick-mix-candy-godis-fabrica","7":"product_cat-vegan-products-godis-fabrica","8":"product_tag-acida","9":"product_tag-acido","10":"product_tag-berries","11":"product_tag-berry","12":"product_tag-candy-people","13":"product_tag-fresa","14":"product_tag-fruit","15":"product_tag-fruit-candy","16":"product_tag-fruits","17":"product_tag-fruity","18":"product_tag-frutos","19":"product_tag-gelatin-free","20":"product_tag-gluten-free","21":"product_tag-new","22":"product_tag-pink","23":"product_tag-rosa","24":"product_tag-skull","25":"product_tag-sour","26":"product_tag-sour-candy","27":"product_tag-strawberry","28":"product_tag-vegan","29":"product_tag-vegan-candy","30":"flavor-fruity","31":"flavor-palm-oil-free","32":"flavor-sour","33":"allergens-gelatin-free","34":"allergens-lactose-free","35":"allergens-vegan","37":"first","38":"instock","39":"taxable","40":"shipping-taxable","41":"purchasable","42":"product-type-simple"},"_links":{"self":[{"href":"https:\/\/godisfabrica.com\/es\/wp-json\/wp\/v2\/product\/15950","targetHints":{"allow":["GET"]}}],"collection":[{"href":"https:\/\/godisfabrica.com\/es\/wp-json\/wp\/v2\/product"}],"about":[{"href":"https:\/\/godisfabrica.com\/es\/wp-json\/wp\/v2\/types\/product"}],"replies":[{"embeddable":true,"href":"https:\/\/godisfabrica.com\/es\/wp-json\/wp\/v2\/comments?post=15950"}],"wp:featuredmedia":[{"embeddable":true,"href":"https:\/\/godisfabrica.com\/es\/wp-json\/wp\/v2\/media\/16232"}],"wp:attachment":[{"href":"https:\/\/godisfabrica.com\/es\/wp-json\/wp\/v2\/media?parent=15950"}],"wp:term":[{"taxonomy":"product_brand","embeddable":true,"href":"https:\/\/godisfabrica.com\/es\/wp-json\/wp\/v2\/product_brand?post=15950"},{"taxonomy":"product_cat","embeddable":true,"href":"https:\/\/godisfabrica.com\/es\/wp-json\/wp\/v2\/product_cat?post=15950"},{"taxonomy":"product_tag","embeddable":true,"href":"https:\/\/godisfabrica.com\/es\/wp-json\/wp\/v2\/product_tag?post=15950"},{"taxonomy":"flavor","embeddable":true,"href":"https:\/\/godisfabrica.com\/es\/wp-json\/wp\/v2\/flavor?post=15950"},{"taxonomy":"allergens","embeddable":true,"href":"https:\/\/godisfabrica.com\/es\/wp-json\/wp\/v2\/allergens?post=15950"}],"curies":[{"name":"wp","href":"https:\/\/api.w.org\/{rel}","templated":true}]}}