{"id":15987,"date":"2025-03-02T21:44:08","date_gmt":"2025-03-02T20:44:08","guid":{"rendered":"https:\/\/godisfabrica.com\/?post_type=product&#038;p=15987"},"modified":"2026-04-18T18:25:03","modified_gmt":"2026-04-18T16:25:03","slug":"sour-cola-skulls","status":"publish","type":"product","link":"https:\/\/godisfabrica.com\/es\/producto\/sour-cola-skulls\/","title":{"rendered":"Calaveras de Cola \u00c1cidas"},"content":{"rendered":"<p>Calaveras de Cola \u00c1cidas \u2013 \u00a1Una bomba fizzy de cola para tu sistema!<\/p>\n<p>Calaveras de Cola \u00c1cidas Blancas y Marrones, \u00a1Una mezcla refrescante de sabores \u00e1cidos y cola! Estas calaveras est\u00e1n cubiertas con un polvo \u00e1cido que te har\u00e1 fruncir los labios y poner esa cara de \u201c\u00a1esto est\u00e1 \u00e1cido!\u201d. El sabor de cola, mundialmente famoso, nunca falla, \u00bfverdad? Son las golosinas perfectas para picar, compartir o hacerle una broma a tus amigos. \u00a1Estas calaveras son tan traviesas como deliciosas! \u00bfLo mejor de todo? Son veganas, sin gelatina y sin gluten, \u00a1as\u00ed que todos pueden disfrutar de esta divertida explosi\u00f3n de sabor \u00e1cido!<\/p>\n<p>\u00a1Advertencia! Puede causar selfies incontrolables con cara \u00e1cida.<\/p>\n<div>\n<h5>Frambuesa de Gelatina<\/h5>\n<h5><img decoding=\"async\" src=\"https:\/\/godisfabrica.com\/wp-content\/uploads\/2024\/08\/IMG_5948-scaled.jpg\" alt=\"Candy Shop\" \/><\/h5>\n<p>Shop delicious candies at our online candy shop in Spain. Explore a variety of sweets at Godisfabrica and enjoy fast delivery across Spain! &#8220;Shop your favorite candies at our online candy shop in Spain. Fast delivery, wide selection, and sweet deals await. Order now!&#8221; Shop online at Godisfabrica for the best candy in Spain. Discover delicious sweets, fast shipping, and premium quality treats today!<\/p>\n<\/div>\n<div>\n<h5>Raspberry<\/h5>\n<h5><img decoding=\"async\" src=\"https:\/\/godisfabrica.com\/wp-content\/uploads\/2024\/08\/IMG_5948-scaled.jpg\" alt=\"Candy Shop\" \/><\/h5>\n<p>Shop delicious candies at our online candy shop in Spain. Explore a variety of sweets at Godisfabrica and enjoy fast delivery across Spain! &#8220;Shop your favorite candies at our online candy shop in Spain. Fast delivery, wide selection, and sweet deals await. Order now!&#8221; Shop online at Godisfabrica for the best candy in Spain. Discover delicious sweets, fast shipping, and premium quality treats today!<\/p>\n<\/div>\n<p><img decoding=\"async\" src=\"https:\/\/godisfabrica.com\/wp-content\/uploads\/2024\/08\/IMG_5948-scaled.jpg\" alt=\"Candy Shop\" \/><img decoding=\"async\" src=\"https:\/\/godisfabrica.com\/wp-content\/uploads\/2024\/08\/IMG_5948-scaled.jpg\" alt=\"Candy Shop\" \/><\/p>","protected":false},"excerpt":{"rendered":"<p>2 unidades - 25g<\/p>","protected":false},"featured_media":16229,"comment_status":"open","ping_status":"closed","template":"","meta":[],"product_brand":[],"product_cat":[225,290],"product_tag":[1128,731,1110,817,547,806,816,701,1093,702,1222,239,523,435,585,291,445],"flavor":[418,415],"allergens":[426,428,425],"class_list":{"0":"post-15987","1":"product","2":"type-product","3":"status-publish","4":"has-post-thumbnail","6":"product_cat-pick-mix-candy-godis-fabrica","7":"product_cat-vegan-products-godis-fabrica","8":"product_tag-acida","9":"product_tag-acido","10":"product_tag-chuches-acidas","11":"product_tag-coca-cola","12":"product_tag-cola","13":"product_tag-cola-candy","14":"product_tag-cola-flavor","15":"product_tag-gelatin-free","16":"product_tag-gluten-free","17":"product_tag-new","18":"product_tag-sin-gelatina","19":"product_tag-skull","20":"product_tag-skulls","21":"product_tag-sour","22":"product_tag-sour-candy","23":"product_tag-vegan","24":"product_tag-vegan-candy","25":"flavor-cola","26":"flavor-sour","27":"allergens-gelatin-free","28":"allergens-gluten-free","29":"allergens-vegan","31":"first","32":"outofstock","33":"taxable","34":"shipping-taxable","35":"purchasable","36":"product-type-simple"},"_links":{"self":[{"href":"https:\/\/godisfabrica.com\/es\/wp-json\/wp\/v2\/product\/15987","targetHints":{"allow":["GET"]}}],"collection":[{"href":"https:\/\/godisfabrica.com\/es\/wp-json\/wp\/v2\/product"}],"about":[{"href":"https:\/\/godisfabrica.com\/es\/wp-json\/wp\/v2\/types\/product"}],"replies":[{"embeddable":true,"href":"https:\/\/godisfabrica.com\/es\/wp-json\/wp\/v2\/comments?post=15987"}],"wp:featuredmedia":[{"embeddable":true,"href":"https:\/\/godisfabrica.com\/es\/wp-json\/wp\/v2\/media\/16229"}],"wp:attachment":[{"href":"https:\/\/godisfabrica.com\/es\/wp-json\/wp\/v2\/media?parent=15987"}],"wp:term":[{"taxonomy":"product_brand","embeddable":true,"href":"https:\/\/godisfabrica.com\/es\/wp-json\/wp\/v2\/product_brand?post=15987"},{"taxonomy":"product_cat","embeddable":true,"href":"https:\/\/godisfabrica.com\/es\/wp-json\/wp\/v2\/product_cat?post=15987"},{"taxonomy":"product_tag","embeddable":true,"href":"https:\/\/godisfabrica.com\/es\/wp-json\/wp\/v2\/product_tag?post=15987"},{"taxonomy":"flavor","embeddable":true,"href":"https:\/\/godisfabrica.com\/es\/wp-json\/wp\/v2\/flavor?post=15987"},{"taxonomy":"allergens","embeddable":true,"href":"https:\/\/godisfabrica.com\/es\/wp-json\/wp\/v2\/allergens?post=15987"}],"curies":[{"name":"wp","href":"https:\/\/api.w.org\/{rel}","templated":true}]}}