{"id":16076,"date":"2025-03-06T00:10:05","date_gmt":"2025-03-05T23:10:05","guid":{"rendered":"https:\/\/godisfabrica.com\/?post_type=product&#038;p=16076"},"modified":"2026-04-06T19:52:33","modified_gmt":"2026-04-06T17:52:33","slug":"estrella-ranch-sourcream-chips","status":"publish","type":"product","link":"https:\/\/godisfabrica.com\/es\/producto\/estrella-ranch-sourcream-chips\/","title":{"rendered":"Estrella Chips de Ranch y Crema Agria"},"content":{"rendered":"<p>Estrella Chips de Ranch y Crema Agria (West Coast) \u2013 \u00a1El crujido que nunca olvidar\u00e1s!<\/p>\n<p>Estrella (V\u00e4stkustchips) Ranch y Crema Agria son papas fritas con mucha personalidad. El sabor Ranch tiene un rico y delicioso toque de tomate, cebolla, ajo, piment\u00f3n, hierbas y queso, que se complementa perfectamente con la cremosidad de la crema agria. Las papas de la Costa Oeste est\u00e1n hechas con papas suecas cuidadosamente seleccionadas, que se cortan con la piel y se fr\u00eden en sart\u00e9n en peque\u00f1os lotes durante m\u00e1s tiempo que las papas fritas tradicionales. \u00bfEl resultado? Papas extra crujientes y naturalmente sabrosas. Con el Sello Ecol\u00f3gico Sueco.<\/p>\n<p>Ya sea que las est\u00e9s sumergiendo en salsa o comi\u00e9ndolas directamente de la bolsa como un verdadero campe\u00f3n de los snacks, las Papas Estrella Ranch y Crema Agria har\u00e1n que tus papilas gustativas canten \u201c\u00a1ranch-ic\u00edsimas!\u201d Un solo crujido y entender\u00e1s por qu\u00e9 estas papas son un cl\u00e1sico legendario.<\/p>\n<p>\u00a1Advertencia: Puede causar una obsesi\u00f3n incontrolable por las papas y pronto te encontrar\u00e1s buscando en Google \u201c\u00bfqu\u00e9 es ranch?\u201d!<\/p>\n<div>\n<h5>Frambuesa de Gelatina<\/h5>\n<h5><img decoding=\"async\" src=\"https:\/\/godisfabrica.com\/wp-content\/uploads\/2024\/08\/IMG_5948-scaled.jpg\" alt=\"Candy Shop\" \/><\/h5>\n<p>Shop delicious candies at our online candy shop in Spain. Explore a variety of sweets at Godisfabrica and enjoy fast delivery across Spain! &#8220;Shop your favorite candies at our online candy shop in Spain. Fast delivery, wide selection, and sweet deals await. Order now!&#8221; Shop online at Godisfabrica for the best candy in Spain. Discover delicious sweets, fast shipping, and premium quality treats today!<\/p>\n<\/div>\n<div>\n<h5>Raspberry<\/h5>\n<h5><img decoding=\"async\" src=\"https:\/\/godisfabrica.com\/wp-content\/uploads\/2024\/08\/IMG_5948-scaled.jpg\" alt=\"Candy Shop\" \/><\/h5>\n<p>Shop delicious candies at our online candy shop in Spain. Explore a variety of sweets at Godisfabrica and enjoy fast delivery across Spain! &#8220;Shop your favorite candies at our online candy shop in Spain. Fast delivery, wide selection, and sweet deals await. Order now!&#8221; Shop online at Godisfabrica for the best candy in Spain. Discover delicious sweets, fast shipping, and premium quality treats today!<\/p>\n<\/div>\n<p><img decoding=\"async\" src=\"https:\/\/godisfabrica.com\/wp-content\/uploads\/2024\/08\/IMG_5948-scaled.jpg\" alt=\"Candy Shop\" \/><img decoding=\"async\" src=\"https:\/\/godisfabrica.com\/wp-content\/uploads\/2024\/08\/IMG_5948-scaled.jpg\" alt=\"Candy Shop\" \/><\/p>","protected":false},"excerpt":{"rendered":"<p>175g<\/p>","protected":false},"featured_media":16349,"comment_status":"open","ping_status":"closed","template":"","meta":[],"product_brand":[],"product_cat":[292],"product_tag":[634,633,1297,975,1307,702,1308,1294,636,1300,1299,1295,637,1304,1305,1298,1301,1302,976,644,1306],"flavor":[414,415],"allergens":[],"class_list":{"0":"post-16076","1":"product","2":"type-product","3":"status-publish","4":"has-post-thumbnail","6":"product_cat-snacks-category-godis-fabrica","7":"product_tag-chips","8":"product_tag-estrella","9":"product_tag-estrella-chips","10":"product_tag-finnish-chips","11":"product_tag-garlic","12":"product_tag-new","13":"product_tag-onion","14":"product_tag-papas-frita","15":"product_tag-patatas","16":"product_tag-patatas-chips","17":"product_tag-patatas-fritas","18":"product_tag-potato","19":"product_tag-potato-chips","20":"product_tag-ranch","21":"product_tag-ranch-chips","22":"product_tag-scandi-chips","23":"product_tag-sipsit","24":"product_tag-sourcream-onion","25":"product_tag-swedish-chips","26":"product_tag-taffel","27":"product_tag-tomato","28":"flavor-salty","29":"flavor-sour","31":"first","32":"outofstock","33":"taxable","34":"shipping-taxable","35":"purchasable","36":"product-type-simple"},"_links":{"self":[{"href":"https:\/\/godisfabrica.com\/es\/wp-json\/wp\/v2\/product\/16076","targetHints":{"allow":["GET"]}}],"collection":[{"href":"https:\/\/godisfabrica.com\/es\/wp-json\/wp\/v2\/product"}],"about":[{"href":"https:\/\/godisfabrica.com\/es\/wp-json\/wp\/v2\/types\/product"}],"replies":[{"embeddable":true,"href":"https:\/\/godisfabrica.com\/es\/wp-json\/wp\/v2\/comments?post=16076"}],"wp:featuredmedia":[{"embeddable":true,"href":"https:\/\/godisfabrica.com\/es\/wp-json\/wp\/v2\/media\/16349"}],"wp:attachment":[{"href":"https:\/\/godisfabrica.com\/es\/wp-json\/wp\/v2\/media?parent=16076"}],"wp:term":[{"taxonomy":"product_brand","embeddable":true,"href":"https:\/\/godisfabrica.com\/es\/wp-json\/wp\/v2\/product_brand?post=16076"},{"taxonomy":"product_cat","embeddable":true,"href":"https:\/\/godisfabrica.com\/es\/wp-json\/wp\/v2\/product_cat?post=16076"},{"taxonomy":"product_tag","embeddable":true,"href":"https:\/\/godisfabrica.com\/es\/wp-json\/wp\/v2\/product_tag?post=16076"},{"taxonomy":"flavor","embeddable":true,"href":"https:\/\/godisfabrica.com\/es\/wp-json\/wp\/v2\/flavor?post=16076"},{"taxonomy":"allergens","embeddable":true,"href":"https:\/\/godisfabrica.com\/es\/wp-json\/wp\/v2\/allergens?post=16076"}],"curies":[{"name":"wp","href":"https:\/\/api.w.org\/{rel}","templated":true}]}}