{"id":16084,"date":"2025-03-06T10:42:53","date_gmt":"2025-03-06T09:42:53","guid":{"rendered":"https:\/\/godisfabrica.com\/?post_type=product&#038;p=16084"},"modified":"2026-04-05T13:39:45","modified_gmt":"2026-04-05T11:39:45","slug":"tutti-frutti-sour-melon","status":"publish","type":"product","link":"https:\/\/godisfabrica.com\/es\/producto\/tutti-frutti-sour-melon\/","title":{"rendered":"Tutti Frutti Mel\u00f3n \u00c1cido"},"content":{"rendered":"<p>Tutti Frutti Mel\u00f3n \u00c1cido \u2013 \u00a1Una fiesta de sabores dulces y \u00e1cidos de mel\u00f3n!<\/p>\n<p>\u00a1Prep\u00e1rate para una explosi\u00f3n de locura afrutada de mel\u00f3n! Los caramelos Tutti Frutti Mel\u00f3n \u00c1cido ofrecen el equilibrio perfecto entre dulzura jugosa y acidez que har\u00e1 que tus papilas gustativas bailen como si estuvieran en un festival de verano. Hechos con colores naturales, completamente sin gelatina y 100% aptos para veganos, \u00a1para que puedas disfrutar de un bocadito con alegr\u00eda y una peque\u00f1a mueca de acidez!<\/p>\n<p>Disfruta de tus Tutti Frutti Mel\u00f3n \u00c1cido solo o comparte el amor \u00e1cido con un amigo (si te sientes generoso).<\/p>\n<p>&nbsp;<\/p>\n<div style=\"display: none;\">\n<h5 style=\"display: none;\">Frambuesa de Gelatina<\/h5>\n<h5><img decoding=\"async\" style=\"display: none;\" src=\"https:\/\/godisfabrica.com\/wp-content\/uploads\/2024\/08\/IMG_5948-scaled.jpg\" alt=\"Candy Shop\" \/><\/h5>\n<p style=\"display: none;\">Shop delicious candies at our online candy shop in Spain. Explore a variety of sweets at Godisfabrica and enjoy fast delivery across Spain! &#8220;Shop your favorite candies at our online candy shop in Spain. Fast delivery, wide selection, and sweet deals await. Order now!&#8221; Shop online at Godisfabrica for the best candy in Spain. Discover delicious sweets, fast shipping, and premium quality treats today!<\/p>\n<\/div>\n<div style=\"display: none;\">\n<h5 style=\"display: none;\">Raspberry<\/h5>\n<h5><img decoding=\"async\" style=\"display: none;\" src=\"https:\/\/godisfabrica.com\/wp-content\/uploads\/2024\/08\/IMG_5948-scaled.jpg\" alt=\"Candy Shop\" \/><\/h5>\n<p style=\"display: none;\">Shop delicious candies at our online candy shop in Spain. Explore a variety of sweets at Godisfabrica and enjoy fast delivery across Spain! &#8220;Shop your favorite candies at our online candy shop in Spain. Fast delivery, wide selection, and sweet deals await. Order now!&#8221; Shop online at Godisfabrica for the best candy in Spain. Discover delicious sweets, fast shipping, and premium quality treats today!<\/p>\n<\/div>\n<p><img decoding=\"async\" style=\"display: none;\" src=\"https:\/\/godisfabrica.com\/wp-content\/uploads\/2024\/08\/IMG_5948-scaled.jpg\" alt=\"Candy Shop\" \/><img decoding=\"async\" style=\"display: none;\" src=\"https:\/\/godisfabrica.com\/wp-content\/uploads\/2024\/08\/IMG_5948-scaled.jpg\" alt=\"Candy Shop\" \/><\/p>","protected":false},"excerpt":{"rendered":"<p>50g<\/p>","protected":false},"featured_media":16224,"comment_status":"open","ping_status":"closed","template":"","meta":[],"product_brand":[],"product_cat":[225,290],"product_tag":[1128,731,1110,537,229,1107,508,540,1205,507,1276,1213,968,520,702,1313,1222,543,1312,291,445,607],"flavor":[411,419,415],"allergens":[426,427,425],"class_list":{"0":"post-16084","1":"product","2":"type-product","3":"status-publish","4":"has-post-thumbnail","6":"product_cat-pick-mix-candy-godis-fabrica","7":"product_cat-vegan-products-godis-fabrica","8":"product_tag-acida","9":"product_tag-acido","10":"product_tag-chuches-acidas","11":"product_tag-chuches-veganas","12":"product_tag-fazer","13":"product_tag-fazer-candy","14":"product_tag-fruit","15":"product_tag-fruit-candy","16":"product_tag-fruits","17":"product_tag-fruity","18":"product_tag-frutal","19":"product_tag-frutos","20":"product_tag-golosinas-veganas","21":"product_tag-melon","22":"product_tag-new","23":"product_tag-sin-gelatin","24":"product_tag-sin-gelatina","25":"product_tag-tutti-frutti","26":"product_tag-tutti-frutti-sour","27":"product_tag-vegan","28":"product_tag-vegan-candy","29":"product_tag-vegano","30":"flavor-fruity","31":"flavor-palm-oil-free","32":"flavor-sour","33":"allergens-gelatin-free","34":"allergens-lactose-free","35":"allergens-vegan","37":"first","38":"instock","39":"taxable","40":"shipping-taxable","41":"purchasable","42":"product-type-simple"},"_links":{"self":[{"href":"https:\/\/godisfabrica.com\/es\/wp-json\/wp\/v2\/product\/16084","targetHints":{"allow":["GET"]}}],"collection":[{"href":"https:\/\/godisfabrica.com\/es\/wp-json\/wp\/v2\/product"}],"about":[{"href":"https:\/\/godisfabrica.com\/es\/wp-json\/wp\/v2\/types\/product"}],"replies":[{"embeddable":true,"href":"https:\/\/godisfabrica.com\/es\/wp-json\/wp\/v2\/comments?post=16084"}],"wp:featuredmedia":[{"embeddable":true,"href":"https:\/\/godisfabrica.com\/es\/wp-json\/wp\/v2\/media\/16224"}],"wp:attachment":[{"href":"https:\/\/godisfabrica.com\/es\/wp-json\/wp\/v2\/media?parent=16084"}],"wp:term":[{"taxonomy":"product_brand","embeddable":true,"href":"https:\/\/godisfabrica.com\/es\/wp-json\/wp\/v2\/product_brand?post=16084"},{"taxonomy":"product_cat","embeddable":true,"href":"https:\/\/godisfabrica.com\/es\/wp-json\/wp\/v2\/product_cat?post=16084"},{"taxonomy":"product_tag","embeddable":true,"href":"https:\/\/godisfabrica.com\/es\/wp-json\/wp\/v2\/product_tag?post=16084"},{"taxonomy":"flavor","embeddable":true,"href":"https:\/\/godisfabrica.com\/es\/wp-json\/wp\/v2\/flavor?post=16084"},{"taxonomy":"allergens","embeddable":true,"href":"https:\/\/godisfabrica.com\/es\/wp-json\/wp\/v2\/allergens?post=16084"}],"curies":[{"name":"wp","href":"https:\/\/api.w.org\/{rel}","templated":true}]}}