{"id":16094,"date":"2025-03-06T12:18:46","date_gmt":"2025-03-06T11:18:46","guid":{"rendered":"https:\/\/godisfabrica.com\/?post_type=product&#038;p=16094"},"modified":"2026-01-16T22:50:55","modified_gmt":"2026-01-16T21:50:55","slug":"fruit-liquorice-rocks","status":"publish","type":"product","link":"https:\/\/godisfabrica.com\/es\/producto\/fruit-liquorice-rocks\/","title":{"rendered":"Piedras de Regaliz y Fruta"},"content":{"rendered":"<p>Piedras de Regaliz y Fruta \u2013 Caramelos duros con sabor a regaliz, pera y fresa.<\/p>\n<p>Descubre el equilibrio perfecto entre lo dulce y lo salado con estos caramelos duros rellenos de polvo. Las Piedras de Regaliz y Fruta son caramelos \u00fanicos que combinan el intenso sabor del regaliz con la dulzura afrutada de la fresa o la pera. Adem\u00e1s, est\u00e1n rellenos de un delicioso polvo.<\/p>\n<p>Con cada lamida, experimenta una explosi\u00f3n satisfactoria de sabores mezclados. Ideales para los amantes de los dulces que buscan una combinaci\u00f3n de regaliz tradicional y dulzura afrutada, estos caramelos son el capricho perfecto para cualquier ocasi\u00f3n.<\/p>\n<p>\u00a1Prueba las Piedras de Regaliz y Fruta hoy y disfruta lo mejor de ambos mundos!<\/p>\n<div style=\"display: none;\">\n<h5 style=\"display: none;\">Frambuesa de Gelatina<\/h5>\n<h5><img decoding=\"async\" style=\"display: none;\" src=\"https:\/\/godisfabrica.com\/wp-content\/uploads\/2024\/08\/IMG_5948-scaled.jpg\" alt=\"Candy Shop\" \/><\/h5>\n<p style=\"display: none;\">Shop delicious candies at our online candy shop in Spain. Explore a variety of sweets at Godisfabrica and enjoy fast delivery across Spain! &#8220;Shop your favorite candies at our online candy shop in Spain. Fast delivery, wide selection, and sweet deals await. Order now!&#8221; Shop online at Godisfabrica for the best candy in Spain. Discover delicious sweets, fast shipping, and premium quality treats today!<\/p>\n<\/div>\n<div style=\"display: none;\">\n<h5 style=\"display: none;\">Raspberry<\/h5>\n<h5><img decoding=\"async\" style=\"display: none;\" src=\"https:\/\/godisfabrica.com\/wp-content\/uploads\/2024\/08\/IMG_5948-scaled.jpg\" alt=\"Candy Shop\" \/><\/h5>\n<p style=\"display: none;\">Shop delicious candies at our online candy shop in Spain. Explore a variety of sweets at Godisfabrica and enjoy fast delivery across Spain! &#8220;Shop your favorite candies at our online candy shop in Spain. Fast delivery, wide selection, and sweet deals await. Order now!&#8221; Shop online at Godisfabrica for the best candy in Spain. Discover delicious sweets, fast shipping, and premium quality treats today!<\/p>\n<\/div>\n<p><img decoding=\"async\" style=\"display: none;\" src=\"https:\/\/godisfabrica.com\/wp-content\/uploads\/2024\/08\/IMG_5948-scaled.jpg\" alt=\"Candy Shop\" \/><img decoding=\"async\" style=\"display: none;\" src=\"https:\/\/godisfabrica.com\/wp-content\/uploads\/2024\/08\/IMG_5948-scaled.jpg\" alt=\"Candy Shop\" \/><\/p>","protected":false},"excerpt":{"rendered":"<p>50g<\/p>","protected":false},"featured_media":16337,"comment_status":"open","ping_status":"closed","template":"","meta":[],"product_brand":[],"product_cat":[225],"product_tag":[1326,1325,950,615,508,540,1205,507,1276,1213,1259,924,236,529,702,614,680,677,492,522,552],"flavor":[411,1327,413,419],"allergens":[426,428,427],"class_list":{"0":"post-16094","1":"product","2":"type-product","3":"status-publish","4":"has-post-thumbnail","6":"product_cat-pick-mix-candy-godis-fabrica","7":"product_tag-caramelos-duros","8":"product_tag-chuches-duras","9":"product_tag-duro","10":"product_tag-fresa","11":"product_tag-fruit","12":"product_tag-fruit-candy","13":"product_tag-fruits","14":"product_tag-fruity","15":"product_tag-frutal","16":"product_tag-frutos","17":"product_tag-hard","18":"product_tag-hard-candy","19":"product_tag-licorice","20":"product_tag-liquorice","21":"product_tag-new","22":"product_tag-pear","23":"product_tag-pera","24":"product_tag-regaliz","25":"product_tag-rounded","26":"product_tag-strawberry","27":"product_tag-swedish-candy","28":"flavor-fruity","29":"flavor-hard-candy","30":"flavor-liquorice","31":"flavor-palm-oil-free","32":"allergens-gelatin-free","33":"allergens-gluten-free","34":"allergens-lactose-free","36":"first","37":"instock","38":"taxable","39":"shipping-taxable","40":"purchasable","41":"product-type-simple"},"_links":{"self":[{"href":"https:\/\/godisfabrica.com\/es\/wp-json\/wp\/v2\/product\/16094","targetHints":{"allow":["GET"]}}],"collection":[{"href":"https:\/\/godisfabrica.com\/es\/wp-json\/wp\/v2\/product"}],"about":[{"href":"https:\/\/godisfabrica.com\/es\/wp-json\/wp\/v2\/types\/product"}],"replies":[{"embeddable":true,"href":"https:\/\/godisfabrica.com\/es\/wp-json\/wp\/v2\/comments?post=16094"}],"wp:featuredmedia":[{"embeddable":true,"href":"https:\/\/godisfabrica.com\/es\/wp-json\/wp\/v2\/media\/16337"}],"wp:attachment":[{"href":"https:\/\/godisfabrica.com\/es\/wp-json\/wp\/v2\/media?parent=16094"}],"wp:term":[{"taxonomy":"product_brand","embeddable":true,"href":"https:\/\/godisfabrica.com\/es\/wp-json\/wp\/v2\/product_brand?post=16094"},{"taxonomy":"product_cat","embeddable":true,"href":"https:\/\/godisfabrica.com\/es\/wp-json\/wp\/v2\/product_cat?post=16094"},{"taxonomy":"product_tag","embeddable":true,"href":"https:\/\/godisfabrica.com\/es\/wp-json\/wp\/v2\/product_tag?post=16094"},{"taxonomy":"flavor","embeddable":true,"href":"https:\/\/godisfabrica.com\/es\/wp-json\/wp\/v2\/flavor?post=16094"},{"taxonomy":"allergens","embeddable":true,"href":"https:\/\/godisfabrica.com\/es\/wp-json\/wp\/v2\/allergens?post=16094"}],"curies":[{"name":"wp","href":"https:\/\/api.w.org\/{rel}","templated":true}]}}