{"id":16096,"date":"2025-03-06T13:10:57","date_gmt":"2025-03-06T12:10:57","guid":{"rendered":"https:\/\/godisfabrica.com\/?post_type=product&#038;p=16096"},"modified":"2026-04-20T12:49:57","modified_gmt":"2026-04-20T10:49:57","slug":"sour-fruity-liquorice","status":"publish","type":"product","link":"https:\/\/godisfabrica.com\/es\/producto\/sour-fruity-liquorice\/","title":{"rendered":"Regaliz Afrutado \u00c1cido"},"content":{"rendered":"<p>Regaliz Afrutado \u00c1cido \u2013 Mezcla de regaliz finland\u00e9s y caramelo de frutas con recubrimiento de az\u00facar \u00e1cido.<\/p>\n<p>\u00a1Prep\u00e1rate para disfrutar con Regaliz Afrutado \u00c1cido! Es una mezcla salvaje de regaliz finland\u00e9s y caramelos de frutas con varios sabores, todo envuelto en un recubrimiento de az\u00facar \u00e1cido que har\u00e1 que tus papilas gustativas hagan un baile de felicidad. Es como una fiesta dulce y \u00e1cida, con el regaliz como el invitado misterioso y genial, y los caramelos de frutas trayendo toda la diversi\u00f3n frutal.<\/p>\n<p>\u00a1El Regaliz Afrutado \u00c1cido es perfecto para cuando te sientas aventurero y quieras que tus golosinas te sorprendan, un toque \u00e1cido a la vez!<\/p>\n<div style=\"display: none;\">\n<h5 style=\"display: none;\">Frambuesa de Gelatina<\/h5>\n<h5><img decoding=\"async\" style=\"display: none;\" src=\"https:\/\/godisfabrica.com\/wp-content\/uploads\/2024\/08\/IMG_5948-scaled.jpg\" alt=\"Candy Shop\" \/><\/h5>\n<p style=\"display: none;\">Shop delicious candies at our online candy shop in Spain. Explore a variety of sweets at Godisfabrica and enjoy fast delivery across Spain! &#8220;Shop your favorite candies at our online candy shop in Spain. Fast delivery, wide selection, and sweet deals await. Order now!&#8221; Shop online at Godisfabrica for the best candy in Spain. Discover delicious sweets, fast shipping, and premium quality treats today!<\/p>\n<\/div>\n<div style=\"display: none;\">\n<h5 style=\"display: none;\">Raspberry<\/h5>\n<h5><img decoding=\"async\" style=\"display: none;\" src=\"https:\/\/godisfabrica.com\/wp-content\/uploads\/2024\/08\/IMG_5948-scaled.jpg\" alt=\"Candy Shop\" \/><\/h5>\n<p style=\"display: none;\">Shop delicious candies at our online candy shop in Spain. Explore a variety of sweets at Godisfabrica and enjoy fast delivery across Spain! &#8220;Shop your favorite candies at our online candy shop in Spain. Fast delivery, wide selection, and sweet deals await. Order now!&#8221; Shop online at Godisfabrica for the best candy in Spain. Discover delicious sweets, fast shipping, and premium quality treats today!<\/p>\n<\/div>\n<p><img decoding=\"async\" style=\"display: none;\" src=\"https:\/\/godisfabrica.com\/wp-content\/uploads\/2024\/08\/IMG_5948-scaled.jpg\" alt=\"Candy Shop\" \/><img decoding=\"async\" style=\"display: none;\" src=\"https:\/\/godisfabrica.com\/wp-content\/uploads\/2024\/08\/IMG_5948-scaled.jpg\" alt=\"Candy Shop\" \/><\/p>","protected":false},"excerpt":{"rendered":"<p>50g<\/p>","protected":false},"featured_media":16190,"comment_status":"open","ping_status":"closed","template":"","meta":[],"product_brand":[],"product_cat":[225],"product_tag":[1128,1328,615,508,540,1205,507,1276,1213,924,236,529,702,614,680,677,698,435,585,1329,522,552],"flavor":[411,413,419,415],"allergens":[427],"class_list":{"0":"post-16096","1":"product","2":"type-product","3":"status-publish","4":"has-post-thumbnail","6":"product_cat-pick-mix-candy-godis-fabrica","7":"product_tag-acida","8":"product_tag-finnish-liquorice","9":"product_tag-fresa","10":"product_tag-fruit","11":"product_tag-fruit-candy","12":"product_tag-fruits","13":"product_tag-fruity","14":"product_tag-frutal","15":"product_tag-frutos","16":"product_tag-hard-candy","17":"product_tag-licorice","18":"product_tag-liquorice","19":"product_tag-new","20":"product_tag-pear","21":"product_tag-pera","22":"product_tag-regaliz","23":"product_tag-regaliz-dulce","24":"product_tag-sour","25":"product_tag-sour-candy","26":"product_tag-sour-coat","27":"product_tag-strawberry","28":"product_tag-swedish-candy","29":"flavor-fruity","30":"flavor-liquorice","31":"flavor-palm-oil-free","32":"flavor-sour","33":"allergens-lactose-free","35":"first","36":"instock","37":"taxable","38":"shipping-taxable","39":"purchasable","40":"product-type-simple"},"_links":{"self":[{"href":"https:\/\/godisfabrica.com\/es\/wp-json\/wp\/v2\/product\/16096","targetHints":{"allow":["GET"]}}],"collection":[{"href":"https:\/\/godisfabrica.com\/es\/wp-json\/wp\/v2\/product"}],"about":[{"href":"https:\/\/godisfabrica.com\/es\/wp-json\/wp\/v2\/types\/product"}],"replies":[{"embeddable":true,"href":"https:\/\/godisfabrica.com\/es\/wp-json\/wp\/v2\/comments?post=16096"}],"wp:featuredmedia":[{"embeddable":true,"href":"https:\/\/godisfabrica.com\/es\/wp-json\/wp\/v2\/media\/16190"}],"wp:attachment":[{"href":"https:\/\/godisfabrica.com\/es\/wp-json\/wp\/v2\/media?parent=16096"}],"wp:term":[{"taxonomy":"product_brand","embeddable":true,"href":"https:\/\/godisfabrica.com\/es\/wp-json\/wp\/v2\/product_brand?post=16096"},{"taxonomy":"product_cat","embeddable":true,"href":"https:\/\/godisfabrica.com\/es\/wp-json\/wp\/v2\/product_cat?post=16096"},{"taxonomy":"product_tag","embeddable":true,"href":"https:\/\/godisfabrica.com\/es\/wp-json\/wp\/v2\/product_tag?post=16096"},{"taxonomy":"flavor","embeddable":true,"href":"https:\/\/godisfabrica.com\/es\/wp-json\/wp\/v2\/flavor?post=16096"},{"taxonomy":"allergens","embeddable":true,"href":"https:\/\/godisfabrica.com\/es\/wp-json\/wp\/v2\/allergens?post=16096"}],"curies":[{"name":"wp","href":"https:\/\/api.w.org\/{rel}","templated":true}]}}