{"id":16128,"date":"2025-03-06T23:15:51","date_gmt":"2025-03-06T22:15:51","guid":{"rendered":"https:\/\/godisfabrica.com\/?post_type=product&#038;p=16128"},"modified":"2026-04-29T08:00:30","modified_gmt":"2026-04-29T06:00:30","slug":"sweet-cherry","status":"publish","type":"product","link":"https:\/\/godisfabrica.com\/es\/producto\/sweet-cherry\/","title":{"rendered":"Cereza Dulce"},"content":{"rendered":"<p>Cereza Dulce \u2013 \u00a1Prep\u00e1rate para una explosi\u00f3n de sabor a cereza!<\/p>\n<p>\u00a1Estas peque\u00f1as delicias con forma de cereza tienen todo el sabor afrutado de una cereza sin el baj\u00f3n de az\u00facar! Son caramelos sin az\u00facar. \u00a1Cada bocado estalla con ese delicioso sabor a cereza que har\u00e1 que tus papilas gustativas hagan una danza de felicidad! Adem\u00e1s, son sin az\u00facar, as\u00ed que puedes disfrutar sin culpa (\u00a1y quiz\u00e1s hasta convencerte de que son muy saludables!).<\/p>\n<p>\u00a1Adelante, pon una Cereza Dulce en tu boca y deja que comience la magia de la cereza!<\/p>\n<p>&nbsp;<\/p>\n<div style=\"display: none;\">\n<h5 style=\"display: none;\">Frambuesa de Gelatina<\/h5>\n<h5><img decoding=\"async\" style=\"display: none;\" src=\"https:\/\/godisfabrica.com\/wp-content\/uploads\/2024\/08\/IMG_5948-scaled.jpg\" alt=\"Candy Shop\" \/><\/h5>\n<p style=\"display: none;\">Shop delicious candies at our online candy shop in Spain. Explore a variety of sweets at Godisfabrica and enjoy fast delivery across Spain! &#8220;Shop your favorite candies at our online candy shop in Spain. Fast delivery, wide selection, and sweet deals await. Order now!&#8221; Shop online at Godisfabrica for the best candy in Spain. Discover delicious sweets, fast shipping, and premium quality treats today!<\/p>\n<\/div>\n<div style=\"display: none;\">\n<h5 style=\"display: none;\">Raspberry<\/h5>\n<h5><img decoding=\"async\" style=\"display: none;\" src=\"https:\/\/godisfabrica.com\/wp-content\/uploads\/2024\/08\/IMG_5948-scaled.jpg\" alt=\"Candy Shop\" \/><\/h5>\n<p style=\"display: none;\">Shop delicious candies at our online candy shop in Spain. Explore a variety of sweets at Godisfabrica and enjoy fast delivery across Spain! &#8220;Shop your favorite candies at our online candy shop in Spain. Fast delivery, wide selection, and sweet deals await. Order now!&#8221; Shop online at Godisfabrica for the best candy in Spain. Discover delicious sweets, fast shipping, and premium quality treats today!<\/p>\n<\/div>\n<p><img decoding=\"async\" style=\"display: none;\" src=\"https:\/\/godisfabrica.com\/wp-content\/uploads\/2024\/08\/IMG_5948-scaled.jpg\" alt=\"Candy Shop\" \/><img decoding=\"async\" style=\"display: none;\" src=\"https:\/\/godisfabrica.com\/wp-content\/uploads\/2024\/08\/IMG_5948-scaled.jpg\" alt=\"Candy Shop\" \/><\/p>","protected":false},"excerpt":{"rendered":"<p>50g<\/p>","protected":false},"featured_media":16216,"comment_status":"open","ping_status":"closed","template":"","meta":[],"product_brand":[],"product_cat":[225],"product_tag":[1275,629,628,1382,1380,1381,229,615,508,540,1205,507,1276,1213,1341,440,702],"flavor":[411,417,419,1269],"allergens":[428,427],"class_list":{"0":"post-16128","1":"product","2":"type-product","3":"status-publish","4":"has-post-thumbnail","6":"product_cat-pick-mix-candy-godis-fabrica","7":"product_tag-baya","8":"product_tag-berries","9":"product_tag-berry","10":"product_tag-cereza","11":"product_tag-cherry","12":"product_tag-cherry-taste","13":"product_tag-fazer","14":"product_tag-fresa","15":"product_tag-fruit","16":"product_tag-fruit-candy","17":"product_tag-fruits","18":"product_tag-fruity","19":"product_tag-frutal","20":"product_tag-frutos","21":"product_tag-gel-candy","22":"product_tag-jelly","23":"product_tag-new","24":"flavor-fruity","25":"flavor-jelly","26":"flavor-palm-oil-free","27":"flavor-sugar-free","28":"allergens-gluten-free","29":"allergens-lactose-free","31":"first","32":"instock","33":"taxable","34":"shipping-taxable","35":"purchasable","36":"product-type-simple"},"_links":{"self":[{"href":"https:\/\/godisfabrica.com\/es\/wp-json\/wp\/v2\/product\/16128","targetHints":{"allow":["GET"]}}],"collection":[{"href":"https:\/\/godisfabrica.com\/es\/wp-json\/wp\/v2\/product"}],"about":[{"href":"https:\/\/godisfabrica.com\/es\/wp-json\/wp\/v2\/types\/product"}],"replies":[{"embeddable":true,"href":"https:\/\/godisfabrica.com\/es\/wp-json\/wp\/v2\/comments?post=16128"}],"wp:featuredmedia":[{"embeddable":true,"href":"https:\/\/godisfabrica.com\/es\/wp-json\/wp\/v2\/media\/16216"}],"wp:attachment":[{"href":"https:\/\/godisfabrica.com\/es\/wp-json\/wp\/v2\/media?parent=16128"}],"wp:term":[{"taxonomy":"product_brand","embeddable":true,"href":"https:\/\/godisfabrica.com\/es\/wp-json\/wp\/v2\/product_brand?post=16128"},{"taxonomy":"product_cat","embeddable":true,"href":"https:\/\/godisfabrica.com\/es\/wp-json\/wp\/v2\/product_cat?post=16128"},{"taxonomy":"product_tag","embeddable":true,"href":"https:\/\/godisfabrica.com\/es\/wp-json\/wp\/v2\/product_tag?post=16128"},{"taxonomy":"flavor","embeddable":true,"href":"https:\/\/godisfabrica.com\/es\/wp-json\/wp\/v2\/flavor?post=16128"},{"taxonomy":"allergens","embeddable":true,"href":"https:\/\/godisfabrica.com\/es\/wp-json\/wp\/v2\/allergens?post=16128"}],"curies":[{"name":"wp","href":"https:\/\/api.w.org\/{rel}","templated":true}]}}