{"id":16132,"date":"2025-03-07T22:35:47","date_gmt":"2025-03-07T21:35:47","guid":{"rendered":"https:\/\/godisfabrica.com\/?post_type=product&#038;p=16132"},"modified":"2026-05-07T19:39:53","modified_gmt":"2026-05-07T17:39:53","slug":"sweet-peach","status":"publish","type":"product","link":"https:\/\/godisfabrica.com\/es\/producto\/sweet-peach\/","title":{"rendered":"Melocot\u00f3n Dulce"},"content":{"rendered":"<p>Melocot\u00f3n Dulce - \u00a1Date un capricho con una experiencia dulce y afrutada con estas gelatinas de melocot\u00f3n sin az\u00facar! Estos deliciosos caramelos de goma est\u00e1n llenos de sabor y tienen un jugoso gusto a melocot\u00f3n que te transportar\u00e1 a d\u00edas soleados y melocotones madurados al sol. Perfectos para quienes quieren darse un capricho sin la \"culpa del az\u00facar\".<\/p>\n<p>\u00a1Da un mordisco a Melocot\u00f3n Dulce y deja que su irresistible sabor melocotonero se apodere de ti!<\/p>\n<div style=\"display: none;\">\n<h5 style=\"display: none;\">Frambuesa de Gelatina<\/h5>\n<h5><img decoding=\"async\" style=\"display: none;\" src=\"https:\/\/godisfabrica.com\/wp-content\/uploads\/2024\/08\/IMG_5948-scaled.jpg\" alt=\"Candy Shop\" \/><\/h5>\n<p style=\"display: none;\">Shop delicious candies at our online candy shop in Spain. Explore a variety of sweets at Godisfabrica and enjoy fast delivery across Spain! &#8220;Shop your favorite candies at our online candy shop in Spain. Fast delivery, wide selection, and sweet deals await. Order now!&#8221; Shop online at Godisfabrica for the best candy in Spain. Discover delicious sweets, fast shipping, and premium quality treats today!<\/p>\n<\/div>\n<div style=\"display: none;\">\n<h5 style=\"display: none;\">Raspberry<\/h5>\n<h5><img decoding=\"async\" style=\"display: none;\" src=\"https:\/\/godisfabrica.com\/wp-content\/uploads\/2024\/08\/IMG_5948-scaled.jpg\" alt=\"Candy Shop\" \/><\/h5>\n<p style=\"display: none;\">Shop delicious candies at our online candy shop in Spain. Explore a variety of sweets at Godisfabrica and enjoy fast delivery across Spain! &#8220;Shop your favorite candies at our online candy shop in Spain. Fast delivery, wide selection, and sweet deals await. Order now!&#8221; Shop online at Godisfabrica for the best candy in Spain. Discover delicious sweets, fast shipping, and premium quality treats today!<\/p>\n<\/div>\n<p><img decoding=\"async\" style=\"display: none;\" src=\"https:\/\/godisfabrica.com\/wp-content\/uploads\/2024\/08\/IMG_5948-scaled.jpg\" alt=\"Candy Shop\" \/><img decoding=\"async\" style=\"display: none;\" src=\"https:\/\/godisfabrica.com\/wp-content\/uploads\/2024\/08\/IMG_5948-scaled.jpg\" alt=\"Candy Shop\" \/><\/p>","protected":false},"excerpt":{"rendered":"<p>50g<\/p>","protected":false},"featured_media":16217,"comment_status":"open","ping_status":"closed","template":"","meta":[],"product_brand":[],"product_cat":[225],"product_tag":[1275,629,628,1340,1366,897,615,508,540,1205,507,1276,1213,1341,440,579,702,1365,522,1364],"flavor":[411,417,419,1269],"allergens":[428,427],"class_list":{"0":"post-16132","1":"product","2":"type-product","3":"status-publish","4":"has-post-thumbnail","6":"product_cat-pick-mix-candy-godis-fabrica","7":"product_tag-baya","8":"product_tag-berries","9":"product_tag-berry","10":"product_tag-chuches-fresa","11":"product_tag-chuches-sin-azucar","12":"product_tag-forest-berries","13":"product_tag-fresa","14":"product_tag-fruit","15":"product_tag-fruit-candy","16":"product_tag-fruits","17":"product_tag-fruity","18":"product_tag-frutal","19":"product_tag-frutos","20":"product_tag-gel-candy","21":"product_tag-jelly","22":"product_tag-malaco","23":"product_tag-new","24":"product_tag-sin-azucar","25":"product_tag-strawberry","26":"product_tag-sugar-free","27":"flavor-fruity","28":"flavor-jelly","29":"flavor-palm-oil-free","30":"flavor-sugar-free","31":"allergens-gluten-free","32":"allergens-lactose-free","34":"first","35":"instock","36":"taxable","37":"shipping-taxable","38":"purchasable","39":"product-type-simple"},"_links":{"self":[{"href":"https:\/\/godisfabrica.com\/es\/wp-json\/wp\/v2\/product\/16132","targetHints":{"allow":["GET"]}}],"collection":[{"href":"https:\/\/godisfabrica.com\/es\/wp-json\/wp\/v2\/product"}],"about":[{"href":"https:\/\/godisfabrica.com\/es\/wp-json\/wp\/v2\/types\/product"}],"replies":[{"embeddable":true,"href":"https:\/\/godisfabrica.com\/es\/wp-json\/wp\/v2\/comments?post=16132"}],"wp:featuredmedia":[{"embeddable":true,"href":"https:\/\/godisfabrica.com\/es\/wp-json\/wp\/v2\/media\/16217"}],"wp:attachment":[{"href":"https:\/\/godisfabrica.com\/es\/wp-json\/wp\/v2\/media?parent=16132"}],"wp:term":[{"taxonomy":"product_brand","embeddable":true,"href":"https:\/\/godisfabrica.com\/es\/wp-json\/wp\/v2\/product_brand?post=16132"},{"taxonomy":"product_cat","embeddable":true,"href":"https:\/\/godisfabrica.com\/es\/wp-json\/wp\/v2\/product_cat?post=16132"},{"taxonomy":"product_tag","embeddable":true,"href":"https:\/\/godisfabrica.com\/es\/wp-json\/wp\/v2\/product_tag?post=16132"},{"taxonomy":"flavor","embeddable":true,"href":"https:\/\/godisfabrica.com\/es\/wp-json\/wp\/v2\/flavor?post=16132"},{"taxonomy":"allergens","embeddable":true,"href":"https:\/\/godisfabrica.com\/es\/wp-json\/wp\/v2\/allergens?post=16132"}],"curies":[{"name":"wp","href":"https:\/\/api.w.org\/{rel}","templated":true}]}}