{"id":16136,"date":"2025-03-07T22:59:39","date_gmt":"2025-03-07T21:59:39","guid":{"rendered":"https:\/\/godisfabrica.com\/?post_type=product&#038;p=16136"},"modified":"2026-04-16T18:24:12","modified_gmt":"2026-04-16T16:24:12","slug":"bubs-vanilla-strawberry-mini","status":"publish","type":"product","link":"https:\/\/godisfabrica.com\/es\/producto\/bubs-vanilla-strawberry-mini\/","title":{"rendered":"Bubs Vainilla y Fresa Mini"},"content":{"rendered":"<p>Bubs Vainilla y Fresa Mini \u2013 \u00a1Amor a primera mordida!<\/p>\n<p>Peque\u00f1os pero poderosos, \u00a1Bubs de Vainilla y Fresa Mini es la combinaci\u00f3n perfecta de cremosa vainilla y dulce fresa en un solo bocado delicioso y masticable! Piensa en ellos como un batido de fresa en forma de caramelo\u2014solo que m\u00e1s peque\u00f1os, m\u00e1s adorables y much\u00edsimo m\u00e1s adictivos. Son tan buenos que podr\u00edan desaparecer de tu bolsa de Pick&amp;Mix m\u00e1s r\u00e1pido de lo planeado (\u00bffuiste t\u00fa, o se esfumaron por arte de magia?).<\/p>\n<p>\u00a1Advertencia! Puede causar felicidad espont\u00e1nea y una irrefrenable necesidad de decir \u00a1YO... AMO... BUBS! Este dulce no contiene gelatina ni otros aditivos de origen animal.<\/p>\n<div style=\"display: none;\">\n<h5 style=\"display: none;\">Frambuesa de Gelatina<\/h5>\n<h5><img decoding=\"async\" style=\"display: none;\" src=\"https:\/\/godisfabrica.com\/wp-content\/uploads\/2024\/08\/IMG_5948-scaled.jpg\" alt=\"Candy Shop\" \/><\/h5>\n<p style=\"display: none;\">Shop delicious candies at our online candy shop in Spain. Explore a variety of sweets at Godisfabrica and enjoy fast delivery across Spain! &#8220;Shop your favorite candies at our online candy shop in Spain. Fast delivery, wide selection, and sweet deals await. Order now!&#8221; Shop online at Godisfabrica for the best candy in Spain. Discover delicious sweets, fast shipping, and premium quality treats today!<\/p>\n<\/div>\n<div style=\"display: none;\">\n<h5 style=\"display: none;\">Raspberry<\/h5>\n<h5><img decoding=\"async\" style=\"display: none;\" src=\"https:\/\/godisfabrica.com\/wp-content\/uploads\/2024\/08\/IMG_5948-scaled.jpg\" alt=\"Candy Shop\" \/><\/h5>\n<p style=\"display: none;\">Shop delicious candies at our online candy shop in Spain. Explore a variety of sweets at Godisfabrica and enjoy fast delivery across Spain! &#8220;Shop your favorite candies at our online candy shop in Spain. Fast delivery, wide selection, and sweet deals await. Order now!&#8221; Shop online at Godisfabrica for the best candy in Spain. Discover delicious sweets, fast shipping, and premium quality treats today!<\/p>\n<\/div>\n<p><img decoding=\"async\" style=\"display: none;\" src=\"https:\/\/godisfabrica.com\/wp-content\/uploads\/2024\/08\/IMG_5948-scaled.jpg\" alt=\"Candy Shop\" \/><img decoding=\"async\" style=\"display: none;\" src=\"https:\/\/godisfabrica.com\/wp-content\/uploads\/2024\/08\/IMG_5948-scaled.jpg\" alt=\"Candy Shop\" \/><\/p>","protected":false},"excerpt":{"rendered":"<p>50g<\/p>","protected":false},"featured_media":16275,"comment_status":"open","ping_status":"closed","template":"","meta":[],"product_brand":[],"product_cat":[290,225],"product_tag":[434,1368,682,1156,537,443,735,615,508,540,1205,507,1276,1213,968,702,522,1060,552,231,291,445,607],"flavor":[410,411,419],"allergens":[426,428,427,425],"class_list":{"0":"post-16136","1":"product","2":"type-product","3":"status-publish","4":"has-post-thumbnail","6":"product_cat-vegan-products-godis-fabrica","7":"product_cat-pick-mix-candy-godis-fabrica","8":"product_tag-bubs","9":"product_tag-bubs-godis","10":"product_tag-bubs-mini","11":"product_tag-bubsgodis","12":"product_tag-chuches-veganas","13":"product_tag-foam","14":"product_tag-foamy","15":"product_tag-fresa","16":"product_tag-fruit","17":"product_tag-fruit-candy","18":"product_tag-fruits","19":"product_tag-fruity","20":"product_tag-frutal","21":"product_tag-frutos","22":"product_tag-golosinas-veganas","23":"product_tag-new","24":"product_tag-strawberry","25":"product_tag-strawberry-candy","26":"product_tag-swedish-candy","27":"product_tag-vanilla","28":"product_tag-vegan","29":"product_tag-vegan-candy","30":"product_tag-vegano","31":"flavor-foam","32":"flavor-fruity","33":"flavor-palm-oil-free","34":"allergens-gelatin-free","35":"allergens-gluten-free","36":"allergens-lactose-free","37":"allergens-vegan","39":"first","40":"outofstock","41":"taxable","42":"shipping-taxable","43":"purchasable","44":"product-type-simple"},"_links":{"self":[{"href":"https:\/\/godisfabrica.com\/es\/wp-json\/wp\/v2\/product\/16136","targetHints":{"allow":["GET"]}}],"collection":[{"href":"https:\/\/godisfabrica.com\/es\/wp-json\/wp\/v2\/product"}],"about":[{"href":"https:\/\/godisfabrica.com\/es\/wp-json\/wp\/v2\/types\/product"}],"replies":[{"embeddable":true,"href":"https:\/\/godisfabrica.com\/es\/wp-json\/wp\/v2\/comments?post=16136"}],"wp:featuredmedia":[{"embeddable":true,"href":"https:\/\/godisfabrica.com\/es\/wp-json\/wp\/v2\/media\/16275"}],"wp:attachment":[{"href":"https:\/\/godisfabrica.com\/es\/wp-json\/wp\/v2\/media?parent=16136"}],"wp:term":[{"taxonomy":"product_brand","embeddable":true,"href":"https:\/\/godisfabrica.com\/es\/wp-json\/wp\/v2\/product_brand?post=16136"},{"taxonomy":"product_cat","embeddable":true,"href":"https:\/\/godisfabrica.com\/es\/wp-json\/wp\/v2\/product_cat?post=16136"},{"taxonomy":"product_tag","embeddable":true,"href":"https:\/\/godisfabrica.com\/es\/wp-json\/wp\/v2\/product_tag?post=16136"},{"taxonomy":"flavor","embeddable":true,"href":"https:\/\/godisfabrica.com\/es\/wp-json\/wp\/v2\/flavor?post=16136"},{"taxonomy":"allergens","embeddable":true,"href":"https:\/\/godisfabrica.com\/es\/wp-json\/wp\/v2\/allergens?post=16136"}],"curies":[{"name":"wp","href":"https:\/\/api.w.org\/{rel}","templated":true}]}}