{"id":16141,"date":"2025-03-07T23:53:23","date_gmt":"2025-03-07T22:53:23","guid":{"rendered":"https:\/\/godisfabrica.com\/?post_type=product&#038;p=16141"},"modified":"2026-04-28T16:23:36","modified_gmt":"2026-04-28T14:23:36","slug":"sour-bubblegum-soothers","status":"publish","type":"product","link":"https:\/\/godisfabrica.com\/es\/producto\/sour-bubblegum-soothers\/","title":{"rendered":"Chupetes de Chicle \u00c1cido"},"content":{"rendered":"<p>Chupetes de Chicle \u00c1cido \u2013 \u00a1La soda fizzy con un giro \u00e1cido!<\/p>\n<p>\u00bfQui\u00e9n necesita una pajita cuando puedes masticar tu bebida gaseosa en su lugar? \u00a1Estos Chupetes de Chicle \u00c1cido llevan el sabor del chicle y le a\u00f1aden una dosis de diversi\u00f3n con un toque de acidez que har\u00e1 que tu boca se ponga a hacer muecas! Estos deliciosos chupetes son efervescentes, \u00e1cidos y tremendamente adictivos\u2014como beber tu soda favorita con gas, pero sin los derrames. Perfectos para los ataques de hambre, los amantes de los dulces \u00e1cidos, o cualquiera que piense que el chicle o las sodas normales no son lo suficientemente emocionantes.<\/p>\n<p>\u00a1Advertencia: pueden causar un irresistible deseo de seguir masticando!<\/p>","protected":false},"excerpt":{"rendered":"<p>50g<\/p>","protected":false},"featured_media":16226,"comment_status":"open","ping_status":"closed","template":"","meta":[],"product_brand":[],"product_cat":[225,290],"product_tag":[1076,1369,544,706,537,1188,1129,509,437,1370,1077,701,1093,705,987,702,1222,504,505,435,585,510,291,445,607],"flavor":[424,419,415],"allergens":[426,428,427,425],"class_list":{"0":"post-16141","1":"product","2":"type-product","3":"status-publish","4":"has-post-thumbnail","6":"product_cat-pick-mix-candy-godis-fabrica","7":"product_cat-vegan-products-godis-fabrica","8":"product_tag-bubble","9":"product_tag-bubble-gum","10":"product_tag-bubblegum","11":"product_tag-chicle","12":"product_tag-chuches-veganas","13":"product_tag-chupete","14":"product_tag-chupetes","15":"product_tag-colourful","16":"product_tag-fizzy","17":"product_tag-fizzy-soother","18":"product_tag-frizzy","19":"product_tag-gelatin-free","20":"product_tag-gluten-free","21":"product_tag-gum","22":"product_tag-nappar","23":"product_tag-new","24":"product_tag-sin-gelatina","25":"product_tag-soother","26":"product_tag-soothers","27":"product_tag-sour","28":"product_tag-sour-candy","29":"product_tag-tutti","30":"product_tag-vegan","31":"product_tag-vegan-candy","32":"product_tag-vegano","33":"flavor-bubblegum","34":"flavor-palm-oil-free","35":"flavor-sour","36":"allergens-gelatin-free","37":"allergens-gluten-free","38":"allergens-lactose-free","39":"allergens-vegan","41":"first","42":"instock","43":"taxable","44":"shipping-taxable","45":"purchasable","46":"product-type-simple"},"_links":{"self":[{"href":"https:\/\/godisfabrica.com\/es\/wp-json\/wp\/v2\/product\/16141","targetHints":{"allow":["GET"]}}],"collection":[{"href":"https:\/\/godisfabrica.com\/es\/wp-json\/wp\/v2\/product"}],"about":[{"href":"https:\/\/godisfabrica.com\/es\/wp-json\/wp\/v2\/types\/product"}],"replies":[{"embeddable":true,"href":"https:\/\/godisfabrica.com\/es\/wp-json\/wp\/v2\/comments?post=16141"}],"wp:featuredmedia":[{"embeddable":true,"href":"https:\/\/godisfabrica.com\/es\/wp-json\/wp\/v2\/media\/16226"}],"wp:attachment":[{"href":"https:\/\/godisfabrica.com\/es\/wp-json\/wp\/v2\/media?parent=16141"}],"wp:term":[{"taxonomy":"product_brand","embeddable":true,"href":"https:\/\/godisfabrica.com\/es\/wp-json\/wp\/v2\/product_brand?post=16141"},{"taxonomy":"product_cat","embeddable":true,"href":"https:\/\/godisfabrica.com\/es\/wp-json\/wp\/v2\/product_cat?post=16141"},{"taxonomy":"product_tag","embeddable":true,"href":"https:\/\/godisfabrica.com\/es\/wp-json\/wp\/v2\/product_tag?post=16141"},{"taxonomy":"flavor","embeddable":true,"href":"https:\/\/godisfabrica.com\/es\/wp-json\/wp\/v2\/flavor?post=16141"},{"taxonomy":"allergens","embeddable":true,"href":"https:\/\/godisfabrica.com\/es\/wp-json\/wp\/v2\/allergens?post=16141"}],"curies":[{"name":"wp","href":"https:\/\/api.w.org\/{rel}","templated":true}]}}