{"id":16897,"date":"2025-05-05T22:23:19","date_gmt":"2025-05-05T20:23:19","guid":{"rendered":"https:\/\/godisfabrica.com\/?post_type=product&#038;p=16897"},"modified":"2026-04-05T13:39:45","modified_gmt":"2026-04-05T11:39:45","slug":"bubs-raspberry-liquorice-skull","status":"publish","type":"product","link":"https:\/\/godisfabrica.com\/es\/producto\/bubs-raspberry-liquorice-skull\/","title":{"rendered":"Bubs Calavera Regaliz y Frambuesa"},"content":{"rendered":"<p class=\"\" data-start=\"108\" data-end=\"184\">Bubs Calavera Regaliz y Frambuesa \u2013 \u00a1La rebelde suave y dulce de la familia!<\/p>\n<p class=\"\" data-start=\"186\" data-end=\"605\">\u00bfEs la prima perdida de esa leyenda del regaliz? Tal vez. \u00bfSe llevan bien? Qui\u00e9n sabe. Lo que s\u00ed sabemos es que esta calavera rosa y negra llega a la fiesta con su propia actitud frutal. M\u00e1s suave que su pariente famosa, pero con ese golpe de frambuesa y regaliz que no falla. Esta chuche vegana espumosa es blanda, masticable y peligrosamente adictiva. Perfecta para quienes aman el regaliz.. con un toque de dulzura.<\/p>\n<p class=\"\" data-start=\"186\" data-end=\"605\">Con un solo bocado de la Calavera de Regaliz y Frambuesa de Bubs dir\u00e1s: espera.. \u00bfqui\u00e9n era la superestrella? Esta chuche est\u00e1 completamente libre de gelatina y otros ingredientes de origen animal \u2013 un capricho 100\u202f% vegano que todos pueden disfrutar.<\/p>\n<div style=\"display: none;\">\n<h5 style=\"display: none;\">Frambuesa de Gelatina<\/h5>\n<h5><img decoding=\"async\" style=\"display: none;\" src=\"https:\/\/godisfabrica.com\/wp-content\/uploads\/2024\/08\/IMG_5948-scaled.jpg\" alt=\"Candy Shop\" \/><\/h5>\n<p style=\"display: none;\">Shop delicious candies at our online candy shop in Spain. Explore a variety of sweets at Godisfabrica and enjoy fast delivery across Spain! &#8220;Shop your favorite candies at our online candy shop in Spain. Fast delivery, wide selection, and sweet deals await. Order now!&#8221; Shop online at Godisfabrica for the best candy in Spain. Discover delicious sweets, fast shipping, and premium quality treats today!<\/p>\n<\/div>\n<div style=\"display: none;\">\n<h5 style=\"display: none;\">Raspberry<\/h5>\n<h5><img decoding=\"async\" style=\"display: none;\" src=\"https:\/\/godisfabrica.com\/wp-content\/uploads\/2024\/08\/IMG_5948-scaled.jpg\" alt=\"Candy Shop\" \/><\/h5>\n<p style=\"display: none;\">Shop delicious candies at our online candy shop in Spain. Explore a variety of sweets at Godisfabrica and enjoy fast delivery across Spain! &#8220;Shop your favorite candies at our online candy shop in Spain. Fast delivery, wide selection, and sweet deals await. Order now!&#8221; Shop online at Godisfabrica for the best candy in Spain. Discover delicious sweets, fast shipping, and premium quality treats today!<\/p>\n<\/div>\n<p><img decoding=\"async\" style=\"display: none;\" src=\"https:\/\/godisfabrica.com\/wp-content\/uploads\/2024\/08\/IMG_5948-scaled.jpg\" alt=\"Candy Shop\" \/><img decoding=\"async\" style=\"display: none;\" src=\"https:\/\/godisfabrica.com\/wp-content\/uploads\/2024\/08\/IMG_5948-scaled.jpg\" alt=\"Candy Shop\" \/><\/p>","protected":false},"excerpt":{"rendered":"<p>50g<\/p>","protected":false},"featured_media":19017,"comment_status":"open","ping_status":"closed","template":"","meta":[],"product_brand":[],"product_cat":[290,225],"product_tag":[434,1090,1368,1409,537,1456,508,540,1324,1093,236,529,446,842,677,1262,1455,923,239,552,291,445,607],"flavor":[410,411,413,419],"allergens":[426,428,427,425],"class_list":{"0":"post-16897","1":"product","2":"type-product","3":"status-publish","4":"has-post-thumbnail","6":"product_cat-vegan-products-godis-fabrica","7":"product_cat-pick-mix-candy-godis-fabrica","8":"product_tag-bubs","9":"product_tag-bubs-candy","10":"product_tag-bubs-godis","11":"product_tag-calavera","12":"product_tag-chuches-veganas","13":"product_tag-frambues","14":"product_tag-fruit","15":"product_tag-fruit-candy","16":"product_tag-fruity-sour-candy","17":"product_tag-gluten-free","18":"product_tag-licorice","19":"product_tag-liquorice","20":"product_tag-raspberry","21":"product_tag-raspberry-taste","22":"product_tag-regaliz","23":"product_tag-regaliz-calidad","24":"product_tag-regaliz-vegana","25":"product_tag-salty-liquorice","26":"product_tag-skull","27":"product_tag-swedish-candy","28":"product_tag-vegan","29":"product_tag-vegan-candy","30":"product_tag-vegano","31":"flavor-foam","32":"flavor-fruity","33":"flavor-liquorice","34":"flavor-palm-oil-free","35":"allergens-gelatin-free","36":"allergens-gluten-free","37":"allergens-lactose-free","38":"allergens-vegan","40":"first","41":"instock","42":"taxable","43":"shipping-taxable","44":"purchasable","45":"product-type-simple"},"_links":{"self":[{"href":"https:\/\/godisfabrica.com\/es\/wp-json\/wp\/v2\/product\/16897","targetHints":{"allow":["GET"]}}],"collection":[{"href":"https:\/\/godisfabrica.com\/es\/wp-json\/wp\/v2\/product"}],"about":[{"href":"https:\/\/godisfabrica.com\/es\/wp-json\/wp\/v2\/types\/product"}],"replies":[{"embeddable":true,"href":"https:\/\/godisfabrica.com\/es\/wp-json\/wp\/v2\/comments?post=16897"}],"wp:featuredmedia":[{"embeddable":true,"href":"https:\/\/godisfabrica.com\/es\/wp-json\/wp\/v2\/media\/19017"}],"wp:attachment":[{"href":"https:\/\/godisfabrica.com\/es\/wp-json\/wp\/v2\/media?parent=16897"}],"wp:term":[{"taxonomy":"product_brand","embeddable":true,"href":"https:\/\/godisfabrica.com\/es\/wp-json\/wp\/v2\/product_brand?post=16897"},{"taxonomy":"product_cat","embeddable":true,"href":"https:\/\/godisfabrica.com\/es\/wp-json\/wp\/v2\/product_cat?post=16897"},{"taxonomy":"product_tag","embeddable":true,"href":"https:\/\/godisfabrica.com\/es\/wp-json\/wp\/v2\/product_tag?post=16897"},{"taxonomy":"flavor","embeddable":true,"href":"https:\/\/godisfabrica.com\/es\/wp-json\/wp\/v2\/flavor?post=16897"},{"taxonomy":"allergens","embeddable":true,"href":"https:\/\/godisfabrica.com\/es\/wp-json\/wp\/v2\/allergens?post=16897"}],"curies":[{"name":"wp","href":"https:\/\/api.w.org\/{rel}","templated":true}]}}