{"id":17032,"date":"2025-06-03T21:20:13","date_gmt":"2025-06-03T19:20:13","guid":{"rendered":"https:\/\/godisfabrica.com\/?post_type=product&#038;p=17032"},"modified":"2025-12-11T12:14:13","modified_gmt":"2025-12-11T11:14:13","slug":"godis-candy-bottle-m","status":"publish","type":"product","link":"https:\/\/godisfabrica.com\/es\/producto\/godis-candy-bottle-m\/","title":{"rendered":"Godis Tarro de Chuches M"},"content":{"rendered":"<p>Godis Tarro de Chuches M es un tarro de vidrio personalizado, relleno con nuestra selecci\u00f3n de chuches Pick &amp; Mix o con las chuches que t\u00fa elijas. Ya sea para darte un capricho, sorprender a un amigo o hacer un regalo especial, \u00a1nuestro dulce tarro de chuches est\u00e1 hecho para compartir amor!<\/p>\n<p>\u00bfC\u00f3mo funciona si quieres pedir un tarro con las chuches que t\u00fa elijas?<\/p>\n<p>El tarro tiene una capacidad de 500ml y puedes elegir de 1 a 4 tipos de chuches para llenarlo.\nA\u00f1ade el producto a tu carrito \u2013 mira el nombre de las chuches que quieres incluir \u2013 y escribe sus nombres en el campo de notas al finalizar la compra. \u00a1As\u00ed de f\u00e1cil! Ten en cuenta que el peso del tarro depende del tipo de chuches que elijas, y que los dulces pueden variar respecto a las fotos del producto.<\/p>\n<p>Tambi\u00e9n descubre nuestros tarros Godis en otros tama\u00f1os: el m\u00e1s peque\u00f1o, tama\u00f1o S (400 ml), y el m\u00e1s grande, tama\u00f1o L (1 L). Para botellas a\u00fan m\u00e1s grandes, sets personalizados de chuches o ensaladas de chuches de hasta 20 kg, por favor cont\u00e1ctanos por WhatsApp: +34 611 55 11 44.<\/p>","protected":false},"excerpt":{"rendered":"<p>1 unidad \u2013 600g<\/p>","protected":false},"featured_media":17034,"comment_status":"open","ping_status":"closed","template":"","meta":[],"product_brand":[],"product_cat":[293],"product_tag":[1169,1272,1175,580,441,1174,578,831,1165,1176,1173,1179,442,468,1273,582,503,584,1164,938,1172,1177,1166,552,1274,1271],"flavor":[],"allergens":[],"class_list":{"0":"post-17032","1":"product","2":"type-product","3":"status-publish","4":"has-post-thumbnail","6":"product_cat-candy-products-godis-fabrica","7":"product_tag-amor","8":"product_tag-botella","9":"product_tag-candy-bottle","10":"product_tag-caramelo","11":"product_tag-corazon","12":"product_tag-corazones","13":"product_tag-creamy","14":"product_tag-famous","15":"product_tag-gift","16":"product_tag-glass-bottle","17":"product_tag-heart-candy","18":"product_tag-labios","19":"product_tag-love","20":"product_tag-original","21":"product_tag-perfect-gift","22":"product_tag-pink","23":"product_tag-popular","24":"product_tag-red","25":"product_tag-regalo","26":"product_tag-rojo","27":"product_tag-rosa","28":"product_tag-san-valentin","29":"product_tag-san-valentine","30":"product_tag-swedish-candy","31":"product_tag-sweet-gift","32":"product_tag-tarro","34":"first","35":"instock","36":"taxable","37":"shipping-taxable","38":"purchasable","39":"product-type-simple"},"_links":{"self":[{"href":"https:\/\/godisfabrica.com\/es\/wp-json\/wp\/v2\/product\/17032","targetHints":{"allow":["GET"]}}],"collection":[{"href":"https:\/\/godisfabrica.com\/es\/wp-json\/wp\/v2\/product"}],"about":[{"href":"https:\/\/godisfabrica.com\/es\/wp-json\/wp\/v2\/types\/product"}],"replies":[{"embeddable":true,"href":"https:\/\/godisfabrica.com\/es\/wp-json\/wp\/v2\/comments?post=17032"}],"wp:featuredmedia":[{"embeddable":true,"href":"https:\/\/godisfabrica.com\/es\/wp-json\/wp\/v2\/media\/17034"}],"wp:attachment":[{"href":"https:\/\/godisfabrica.com\/es\/wp-json\/wp\/v2\/media?parent=17032"}],"wp:term":[{"taxonomy":"product_brand","embeddable":true,"href":"https:\/\/godisfabrica.com\/es\/wp-json\/wp\/v2\/product_brand?post=17032"},{"taxonomy":"product_cat","embeddable":true,"href":"https:\/\/godisfabrica.com\/es\/wp-json\/wp\/v2\/product_cat?post=17032"},{"taxonomy":"product_tag","embeddable":true,"href":"https:\/\/godisfabrica.com\/es\/wp-json\/wp\/v2\/product_tag?post=17032"},{"taxonomy":"flavor","embeddable":true,"href":"https:\/\/godisfabrica.com\/es\/wp-json\/wp\/v2\/flavor?post=17032"},{"taxonomy":"allergens","embeddable":true,"href":"https:\/\/godisfabrica.com\/es\/wp-json\/wp\/v2\/allergens?post=17032"}],"curies":[{"name":"wp","href":"https:\/\/api.w.org\/{rel}","templated":true}]}}