{"id":17274,"date":"2025-06-15T10:25:07","date_gmt":"2025-06-15T08:25:07","guid":{"rendered":"https:\/\/godisfabrica.com\/?post_type=product&#038;p=17274"},"modified":"2026-01-28T09:33:26","modified_gmt":"2026-01-28T08:33:26","slug":"fizzy-lollipop","status":"publish","type":"product","link":"https:\/\/godisfabrica.com\/es\/producto\/fizzy-lollipop\/","title":{"rendered":"Pirul\u00ed Fizzy"},"content":{"rendered":"<p data-start=\"89\" data-end=\"149\">Pirul\u00ed Fizzy \u2013 \u00a1Un dulce burbujeante y retorcido de Choco Bako!<\/p>\n<p data-start=\"151\" data-end=\"494\">Prep\u00e1rate para una aventura que har\u00e1 cosquillas en tu lengua con este pirul\u00ed fizzy (efervescente) y artesanal. Elaborado a la manera cl\u00e1sica sueca, siguiendo una receta de m\u00e1s de 100 a\u00f1os, se cocina lentamente en un caldero de cobre sobre una llama de gas real\u2014sin m\u00e1quinas modernas. Despu\u00e9s, se corta a mano con tijeras (\u00a1s\u00ed, tijeras de verdad!) y se envuelve con cuidado para conservar ese toque cl\u00e1sico de toda la vida.<\/p>\n<p data-start=\"496\" data-end=\"623\">Mete un pirul\u00ed fizzy en la boca, siente c\u00f3mo las burbujas bailan y disfruta de una explosi\u00f3n de dulzura y burbujeante diversi\u00f3n que no es nada com\u00fan.<\/p>\n<div style=\"display: none;\">\n<h5 style=\"display: none;\">Frambuesa de Gelatina<\/h5>\n<h5><img decoding=\"async\" style=\"display: none;\" src=\"https:\/\/godisfabrica.com\/wp-content\/uploads\/2024\/08\/IMG_5948-scaled.jpg\" alt=\"Candy Shop\" \/><\/h5>\n<p style=\"display: none;\">Shop delicious candies at our online candy shop in Spain. Explore a variety of sweets at Godisfabrica and enjoy fast delivery across Spain! &#8220;Shop your favorite candies at our online candy shop in Spain. Fast delivery, wide selection, and sweet deals await. Order now!&#8221; Shop online at Godisfabrica for the best candy in Spain. Discover delicious sweets, fast shipping, and premium quality treats today!<\/p>\n<\/div>\n<div style=\"display: none;\">\n<h5 style=\"display: none;\">Raspberry<\/h5>\n<h5><img decoding=\"async\" style=\"display: none;\" src=\"https:\/\/godisfabrica.com\/wp-content\/uploads\/2024\/08\/IMG_5948-scaled.jpg\" alt=\"Candy Shop\" \/><\/h5>\n<p style=\"display: none;\">Shop delicious candies at our online candy shop in Spain. Explore a variety of sweets at Godisfabrica and enjoy fast delivery across Spain! &#8220;Shop your favorite candies at our online candy shop in Spain. Fast delivery, wide selection, and sweet deals await. Order now!&#8221; Shop online at Godisfabrica for the best candy in Spain. Discover delicious sweets, fast shipping, and premium quality treats today!<\/p>\n<\/div>\n<p><img decoding=\"async\" style=\"display: none;\" src=\"https:\/\/godisfabrica.com\/wp-content\/uploads\/2024\/08\/IMG_5948-scaled.jpg\" alt=\"Candy Shop\" \/><img decoding=\"async\" style=\"display: none;\" src=\"https:\/\/godisfabrica.com\/wp-content\/uploads\/2024\/08\/IMG_5948-scaled.jpg\" alt=\"Candy Shop\" \/><\/p>","protected":false},"excerpt":{"rendered":"<p>1 unidad \u2013 50g<\/p>","protected":false},"featured_media":17365,"comment_status":"open","ping_status":"closed","template":"","meta":[],"product_brand":[],"product_cat":[293],"product_tag":[1193,556,1076,544,580,1189,1188,478,1228,1486,1383,437,1487,701,1219,729,1191,924,1192,1190,1187,702,582,1195,1196],"flavor":[424,1327,421,419,422],"allergens":[426],"class_list":{"0":"post-17274","1":"product","2":"type-product","3":"status-publish","4":"has-post-thumbnail","6":"product_cat-candy-products-godis-fabrica","7":"product_tag-art","8":"product_tag-blue","9":"product_tag-bubble","10":"product_tag-bubblegum","11":"product_tag-caramelo","12":"product_tag-chupar","13":"product_tag-chupete","14":"product_tag-classic","15":"product_tag-dizzy","16":"product_tag-dizzy-lollipop","17":"product_tag-espirulina","18":"product_tag-fizzy","19":"product_tag-fizzy-taste","20":"product_tag-gelatin-free","21":"product_tag-gelatin-free-candy","22":"product_tag-hallon","23":"product_tag-handmade","24":"product_tag-hard-candy","25":"product_tag-hecho-a-mano","26":"product_tag-lick","27":"product_tag-lollipop","28":"product_tag-new","29":"product_tag-pink","30":"product_tag-spiral","31":"product_tag-spiral-lollipop","32":"flavor-bubblegum","33":"flavor-hard-candy","34":"flavor-lollipop","35":"flavor-palm-oil-free","36":"flavor-wrapped","37":"allergens-gelatin-free","39":"first","40":"instock","41":"taxable","42":"shipping-taxable","43":"purchasable","44":"product-type-simple"},"_links":{"self":[{"href":"https:\/\/godisfabrica.com\/es\/wp-json\/wp\/v2\/product\/17274","targetHints":{"allow":["GET"]}}],"collection":[{"href":"https:\/\/godisfabrica.com\/es\/wp-json\/wp\/v2\/product"}],"about":[{"href":"https:\/\/godisfabrica.com\/es\/wp-json\/wp\/v2\/types\/product"}],"replies":[{"embeddable":true,"href":"https:\/\/godisfabrica.com\/es\/wp-json\/wp\/v2\/comments?post=17274"}],"wp:featuredmedia":[{"embeddable":true,"href":"https:\/\/godisfabrica.com\/es\/wp-json\/wp\/v2\/media\/17365"}],"wp:attachment":[{"href":"https:\/\/godisfabrica.com\/es\/wp-json\/wp\/v2\/media?parent=17274"}],"wp:term":[{"taxonomy":"product_brand","embeddable":true,"href":"https:\/\/godisfabrica.com\/es\/wp-json\/wp\/v2\/product_brand?post=17274"},{"taxonomy":"product_cat","embeddable":true,"href":"https:\/\/godisfabrica.com\/es\/wp-json\/wp\/v2\/product_cat?post=17274"},{"taxonomy":"product_tag","embeddable":true,"href":"https:\/\/godisfabrica.com\/es\/wp-json\/wp\/v2\/product_tag?post=17274"},{"taxonomy":"flavor","embeddable":true,"href":"https:\/\/godisfabrica.com\/es\/wp-json\/wp\/v2\/flavor?post=17274"},{"taxonomy":"allergens","embeddable":true,"href":"https:\/\/godisfabrica.com\/es\/wp-json\/wp\/v2\/allergens?post=17274"}],"curies":[{"name":"wp","href":"https:\/\/api.w.org\/{rel}","templated":true}]}}