{"id":17292,"date":"2025-06-16T16:15:02","date_gmt":"2025-06-16T14:15:02","guid":{"rendered":"https:\/\/godisfabrica.com\/?post_type=product&#038;p=17292"},"modified":"2026-04-18T18:19:44","modified_gmt":"2026-04-18T16:19:44","slug":"super-tag-sour-bag","status":"publish","type":"product","link":"https:\/\/godisfabrica.com\/es\/producto\/super-tag-sour-bag\/","title":{"rendered":"Bolsa Chapa Super \u00c1cida"},"content":{"rendered":"<p>Bolsa Chapa S\u00faper \u00c1cida \u2013 \u00a1Creada por un cient\u00edfico loco obsesionado con lo \u00e1cido!<\/p>\n<p>Si crees que sabes lo que es \u00e1cido, pi\u00e9nsalo otra vez. Estas no son solo \u00e1cidas, son S\u00faper \u00c1cidas Tag, como una monta\u00f1a rusa para tu boca creada por un cient\u00edfico loco obsesionado con el lim\u00f3n. Dentro de esta bolsa de colores arco\u00edris encontrar\u00e1s los legendarios caramelos Sour S (S-M\u00e4rke): cuatro sabores afrutados que oscilan salvajemente entre la dulce alegr\u00eda y el caos \u00e1cido. Cada caramelo lleva orgulloso una peque\u00f1a \u201cS\u201d, que obviamente significa \u00c1cido, Dulce y un poquito de Grito por dentro.<\/p>\n<p>Y s\u00ed, han puesto una ventana en la parte inferior de la bolsa S\u00faper \u00c1cida Tag para que puedas ver c\u00f3mo se acerca tu perdici\u00f3n en brillantes colores frutales. Ideal para amantes de lo \u00e1cido, buscadores de emociones y gente a la que le gusta hacer llorar de alegr\u00eda a sus amigos.<\/p>\n<div style=\"display: none;\">\n<h5 style=\"display: none;\">Frambuesa de Gelatina<\/h5>\n<h5><img decoding=\"async\" style=\"display: none;\" src=\"https:\/\/godisfabrica.com\/wp-content\/uploads\/2024\/08\/IMG_5948-scaled.jpg\" alt=\"Candy Shop\" \/><\/h5>\n<p style=\"display: none;\">Shop delicious candies at our online candy shop in Spain. Explore a variety of sweets at Godisfabrica and enjoy fast delivery across Spain! &#8220;Shop your favorite candies at our online candy shop in Spain. Fast delivery, wide selection, and sweet deals await. Order now!&#8221; Shop online at Godisfabrica for the best candy in Spain. Discover delicious sweets, fast shipping, and premium quality treats today!<\/p>\n<\/div>\n<div style=\"display: none;\">\n<h5 style=\"display: none;\">Raspberry<\/h5>\n<h5><img decoding=\"async\" style=\"display: none;\" src=\"https:\/\/godisfabrica.com\/wp-content\/uploads\/2024\/08\/IMG_5948-scaled.jpg\" alt=\"Candy Shop\" \/><\/h5>\n<p style=\"display: none;\">Shop delicious candies at our online candy shop in Spain. Explore a variety of sweets at Godisfabrica and enjoy fast delivery across Spain! &#8220;Shop your favorite candies at our online candy shop in Spain. Fast delivery, wide selection, and sweet deals await. Order now!&#8221; Shop online at Godisfabrica for the best candy in Spain. Discover delicious sweets, fast shipping, and premium quality treats today!<\/p>\n<\/div>\n<p><img decoding=\"async\" style=\"display: none;\" src=\"https:\/\/godisfabrica.com\/wp-content\/uploads\/2024\/08\/IMG_5948-scaled.jpg\" alt=\"Candy Shop\" \/><img decoding=\"async\" style=\"display: none;\" src=\"https:\/\/godisfabrica.com\/wp-content\/uploads\/2024\/08\/IMG_5948-scaled.jpg\" alt=\"Candy Shop\" \/><\/p>","protected":false},"excerpt":{"rendered":"<p>80g<\/p>","protected":false},"featured_media":17610,"comment_status":"open","ping_status":"closed","template":"","meta":[],"product_brand":[],"product_cat":[293],"product_tag":[1128,731,862,1275,1278,1277,601,1851,1110,508,540,1205,507,1276,1213,702,956,435,585,1279],"flavor":[411,415],"allergens":[],"class_list":{"0":"post-17292","1":"product","2":"type-product","3":"status-publish","4":"has-post-thumbnail","6":"product_cat-candy-products-godis-fabrica","7":"product_tag-acida","8":"product_tag-acido","9":"product_tag-arando","10":"product_tag-baya","11":"product_tag-bolsa","12":"product_tag-candy-bag","13":"product_tag-candy-people","14":"product_tag-chapa","15":"product_tag-chuches-acidas","16":"product_tag-fruit","17":"product_tag-fruit-candy","18":"product_tag-fruits","19":"product_tag-fruity","20":"product_tag-frutal","21":"product_tag-frutos","22":"product_tag-new","23":"product_tag-s-marke","24":"product_tag-sour","25":"product_tag-sour-candy","26":"product_tag-super-tag","27":"flavor-fruity","28":"flavor-sour","30":"first","31":"outofstock","32":"taxable","33":"shipping-taxable","34":"purchasable","35":"product-type-simple"},"_links":{"self":[{"href":"https:\/\/godisfabrica.com\/es\/wp-json\/wp\/v2\/product\/17292","targetHints":{"allow":["GET"]}}],"collection":[{"href":"https:\/\/godisfabrica.com\/es\/wp-json\/wp\/v2\/product"}],"about":[{"href":"https:\/\/godisfabrica.com\/es\/wp-json\/wp\/v2\/types\/product"}],"replies":[{"embeddable":true,"href":"https:\/\/godisfabrica.com\/es\/wp-json\/wp\/v2\/comments?post=17292"}],"wp:featuredmedia":[{"embeddable":true,"href":"https:\/\/godisfabrica.com\/es\/wp-json\/wp\/v2\/media\/17610"}],"wp:attachment":[{"href":"https:\/\/godisfabrica.com\/es\/wp-json\/wp\/v2\/media?parent=17292"}],"wp:term":[{"taxonomy":"product_brand","embeddable":true,"href":"https:\/\/godisfabrica.com\/es\/wp-json\/wp\/v2\/product_brand?post=17292"},{"taxonomy":"product_cat","embeddable":true,"href":"https:\/\/godisfabrica.com\/es\/wp-json\/wp\/v2\/product_cat?post=17292"},{"taxonomy":"product_tag","embeddable":true,"href":"https:\/\/godisfabrica.com\/es\/wp-json\/wp\/v2\/product_tag?post=17292"},{"taxonomy":"flavor","embeddable":true,"href":"https:\/\/godisfabrica.com\/es\/wp-json\/wp\/v2\/flavor?post=17292"},{"taxonomy":"allergens","embeddable":true,"href":"https:\/\/godisfabrica.com\/es\/wp-json\/wp\/v2\/allergens?post=17292"}],"curies":[{"name":"wp","href":"https:\/\/api.w.org\/{rel}","templated":true}]}}