{"id":17306,"date":"2025-06-20T21:06:39","date_gmt":"2025-06-20T19:06:39","guid":{"rendered":"https:\/\/godisfabrica.com\/?post_type=product&#038;p=17306"},"modified":"2026-04-30T17:50:26","modified_gmt":"2026-04-30T15:50:26","slug":"tutti-frutti-summer-rings","status":"publish","type":"product","link":"https:\/\/godisfabrica.com\/es\/producto\/tutti-frutti-summer-rings\/","title":{"rendered":"Aros de Verano Tutti Frutti"},"content":{"rendered":"<p data-start=\"97\" data-end=\"167\">Aros de Verano Tutti Frutti \u2013 \u00a1Como unas dulces vacaciones de verano!<\/p>\n<p data-start=\"169\" data-end=\"485\">\u00a1Prep\u00e1rate para el verano y la fiesta! Los Aros de Verano Tutti Frutti llegan para invadir tu alijo de snacks con un caos frutal y burbujeante. Esta edici\u00f3n limitada est\u00e1 llena de vibras veraniegas: Cola-Lim\u00f3n, Flor de Sa\u00faco-Manzana, Frambuesa-Ruibarbo, y el sorprendentemente fabuloso Ar\u00e1ndano-Cactus (s\u00ed, cactus, y s\u00ed, funciona).<\/p>\n<p data-start=\"487\" data-end=\"778\">Cada aro est\u00e1 cubierto con un polvo \u00e1cido y brillante que hace cosquillas en la lengua y pone a bailar tus papilas gustativas. No tienen gelatina, son veganos, sin aceite de palma y elaborados con colorantes y sabores naturales\u2014para que puedas picar como un adulto responsable mientras te sientes como un ni\u00f1o con subid\u00f3n de az\u00facar en vacaciones de verano. \u00a1Lanza los Aros de Verano Tutti Frutti al carrito antes de que desaparezcan como el sol en septiembre! \u00a1El verano nunca supo tan divertido!<\/p>\n<div style=\"display: none;\">\n<h5 style=\"display: none;\">Frambuesa de Gelatina<\/h5>\n<h5><img decoding=\"async\" style=\"display: none;\" src=\"https:\/\/godisfabrica.com\/wp-content\/uploads\/2024\/08\/IMG_5948-scaled.jpg\" alt=\"Candy Shop\" \/><\/h5>\n<p style=\"display: none;\">Shop delicious candies at our online candy shop in Spain. Explore a variety of sweets at Godisfabrica and enjoy fast delivery across Spain! &#8220;Shop your favorite candies at our online candy shop in Spain. Fast delivery, wide selection, and sweet deals await. Order now!&#8221; Shop online at Godisfabrica for the best candy in Spain. Discover delicious sweets, fast shipping, and premium quality treats today!<\/p>\n<\/div>\n<div style=\"display: none;\">\n<h5 style=\"display: none;\">Raspberry<\/h5>\n<h5><img decoding=\"async\" style=\"display: none;\" src=\"https:\/\/godisfabrica.com\/wp-content\/uploads\/2024\/08\/IMG_5948-scaled.jpg\" alt=\"Candy Shop\" \/><\/h5>\n<p style=\"display: none;\">Shop delicious candies at our online candy shop in Spain. Explore a variety of sweets at Godisfabrica and enjoy fast delivery across Spain! &#8220;Shop your favorite candies at our online candy shop in Spain. Fast delivery, wide selection, and sweet deals await. Order now!&#8221; Shop online at Godisfabrica for the best candy in Spain. Discover delicious sweets, fast shipping, and premium quality treats today!<\/p>\n<\/div>\n<p><img decoding=\"async\" style=\"display: none;\" src=\"https:\/\/godisfabrica.com\/wp-content\/uploads\/2024\/08\/IMG_5948-scaled.jpg\" alt=\"Candy Shop\" \/><img decoding=\"async\" style=\"display: none;\" src=\"https:\/\/godisfabrica.com\/wp-content\/uploads\/2024\/08\/IMG_5948-scaled.jpg\" alt=\"Candy Shop\" \/><\/p>","protected":false},"excerpt":{"rendered":"<p>50g<\/p>","protected":false},"featured_media":17612,"comment_status":"open","ping_status":"closed","template":"","meta":[],"product_brand":[],"product_cat":[225,290],"product_tag":[1128,731,1275,629,628,537,229,1107,508,540,1205,507,1276,1213,968,520,702,1493,1494,1313,1222,1495,543,1312,291,445,607],"flavor":[411,419,415],"allergens":[426,427,425],"class_list":{"0":"post-17306","1":"product","2":"type-product","3":"status-publish","4":"has-post-thumbnail","6":"product_cat-pick-mix-candy-godis-fabrica","7":"product_cat-vegan-products-godis-fabrica","8":"product_tag-acida","9":"product_tag-acido","10":"product_tag-baya","11":"product_tag-berries","12":"product_tag-berry","13":"product_tag-chuches-veganas","14":"product_tag-fazer","15":"product_tag-fazer-candy","16":"product_tag-fruit","17":"product_tag-fruit-candy","18":"product_tag-fruits","19":"product_tag-fruity","20":"product_tag-frutal","21":"product_tag-frutos","22":"product_tag-golosinas-veganas","23":"product_tag-melon","24":"product_tag-new","25":"product_tag-ring","26":"product_tag-ring-candy","27":"product_tag-sin-gelatin","28":"product_tag-sin-gelatina","29":"product_tag-summer-rings","30":"product_tag-tutti-frutti","31":"product_tag-tutti-frutti-sour","32":"product_tag-vegan","33":"product_tag-vegan-candy","34":"product_tag-vegano","35":"flavor-fruity","36":"flavor-palm-oil-free","37":"flavor-sour","38":"allergens-gelatin-free","39":"allergens-lactose-free","40":"allergens-vegan","42":"first","43":"instock","44":"taxable","45":"shipping-taxable","46":"purchasable","47":"product-type-simple"},"_links":{"self":[{"href":"https:\/\/godisfabrica.com\/es\/wp-json\/wp\/v2\/product\/17306","targetHints":{"allow":["GET"]}}],"collection":[{"href":"https:\/\/godisfabrica.com\/es\/wp-json\/wp\/v2\/product"}],"about":[{"href":"https:\/\/godisfabrica.com\/es\/wp-json\/wp\/v2\/types\/product"}],"replies":[{"embeddable":true,"href":"https:\/\/godisfabrica.com\/es\/wp-json\/wp\/v2\/comments?post=17306"}],"wp:featuredmedia":[{"embeddable":true,"href":"https:\/\/godisfabrica.com\/es\/wp-json\/wp\/v2\/media\/17612"}],"wp:attachment":[{"href":"https:\/\/godisfabrica.com\/es\/wp-json\/wp\/v2\/media?parent=17306"}],"wp:term":[{"taxonomy":"product_brand","embeddable":true,"href":"https:\/\/godisfabrica.com\/es\/wp-json\/wp\/v2\/product_brand?post=17306"},{"taxonomy":"product_cat","embeddable":true,"href":"https:\/\/godisfabrica.com\/es\/wp-json\/wp\/v2\/product_cat?post=17306"},{"taxonomy":"product_tag","embeddable":true,"href":"https:\/\/godisfabrica.com\/es\/wp-json\/wp\/v2\/product_tag?post=17306"},{"taxonomy":"flavor","embeddable":true,"href":"https:\/\/godisfabrica.com\/es\/wp-json\/wp\/v2\/flavor?post=17306"},{"taxonomy":"allergens","embeddable":true,"href":"https:\/\/godisfabrica.com\/es\/wp-json\/wp\/v2\/allergens?post=17306"}],"curies":[{"name":"wp","href":"https:\/\/api.w.org\/{rel}","templated":true}]}}