{"id":17587,"date":"2025-07-11T21:18:34","date_gmt":"2025-07-11T19:18:34","guid":{"rendered":"https:\/\/godisfabrica.com\/?post_type=product&#038;p=17587"},"modified":"2026-04-22T17:15:31","modified_gmt":"2026-04-22T15:15:31","slug":"arlequin-fizz-rings","status":"publish","type":"product","link":"https:\/\/godisfabrica.com\/es\/producto\/arlequin-fizz-rings\/","title":{"rendered":"Aros Arlequin Fizz"},"content":{"rendered":"<p data-start=\"0\" data-end=\"79\">Aros Arlequ\u00edn Fizz \u2013 \u00a1Como un carnaval en tu lengua!<\/p>\n<p data-start=\"81\" data-end=\"303\">\u00a1Sube a la monta\u00f1a rusa del sabor con los Aros Arlequ\u00edn Fizz de Lutti!  Estas peque\u00f1as anillas de gelatina con un toque \u00e1cido son lo que pasa cuando el cl\u00e1sico caramelo Arlequ\u00edn se moderniza en pleno siglo XXI y decide irse de fiesta. Son afrutadas, efervescentes y con forma de anillo, as\u00ed que puedes llevarlas como joyas\u2026 y luego com\u00e9rtelas en un glorioso acto de rebeld\u00eda azucarada. B\u00e1sicamente, son moda y sabor en un solo bocado.<\/p>\n<p data-start=\"549\" data-end=\"737\">Cada bocado de los Aros Arlequ\u00edn Fizz te da una explosi\u00f3n \u00e1cida y nost\u00e1lgica que grita: \u201c\u00a1No soy el caramelo de tu abuela!\u201d (a menos que tu abuela fuera muy, muy guay). Perfectos para compartir, acumular... o dejar a tu dentista totalmente confundido. Pueden provocar bailes espont\u00e1neos, alegr\u00eda incontrolable e incluso envidia de anillos.<\/p>\n<div style=\"display: none;\">\n<h5 style=\"display: none;\">Frambuesa de Gelatina<\/h5>\n<h5><img decoding=\"async\" style=\"display: none;\" src=\"https:\/\/godisfabrica.com\/wp-content\/uploads\/2024\/08\/IMG_5948-scaled.jpg\" alt=\"Candy Shop\" \/><\/h5>\n<p style=\"display: none;\">Shop delicious candies at our online candy shop in Spain. Explore a variety of sweets at Godisfabrica and enjoy fast delivery across Spain! &#8220;Shop your favorite candies at our online candy shop in Spain. Fast delivery, wide selection, and sweet deals await. Order now!&#8221; Shop online at Godisfabrica for the best candy in Spain. Discover delicious sweets, fast shipping, and premium quality treats today!<\/p>\n<\/div>\n<div style=\"display: none;\">\n<h5 style=\"display: none;\">Raspberry<\/h5>\n<h5><img decoding=\"async\" style=\"display: none;\" src=\"https:\/\/godisfabrica.com\/wp-content\/uploads\/2024\/08\/IMG_5948-scaled.jpg\" alt=\"Candy Shop\" \/><\/h5>\n<p style=\"display: none;\">Shop delicious candies at our online candy shop in Spain. Explore a variety of sweets at Godisfabrica and enjoy fast delivery across Spain! &#8220;Shop your favorite candies at our online candy shop in Spain. Fast delivery, wide selection, and sweet deals await. Order now!&#8221; Shop online at Godisfabrica for the best candy in Spain. Discover delicious sweets, fast shipping, and premium quality treats today!<\/p>\n<\/div>\n<p><img decoding=\"async\" style=\"display: none;\" src=\"https:\/\/godisfabrica.com\/wp-content\/uploads\/2024\/08\/IMG_5948-scaled.jpg\" alt=\"Candy Shop\" \/><img decoding=\"async\" style=\"display: none;\" src=\"https:\/\/godisfabrica.com\/wp-content\/uploads\/2024\/08\/IMG_5948-scaled.jpg\" alt=\"Candy Shop\" \/><\/p>","protected":false},"excerpt":{"rendered":"<p>50g<\/p>","protected":false},"featured_media":17604,"comment_status":"open","ping_status":"closed","template":"","meta":[],"product_brand":[],"product_cat":[225],"product_tag":[1128,731,1517,1515,1514,1110,508,540,1205,507,1324,1276,1213,1516,1493,835,552,1507,1508],"flavor":[411,417,419,415],"allergens":[428,427],"class_list":{"0":"post-17587","1":"product","2":"type-product","3":"status-publish","4":"has-post-thumbnail","6":"product_cat-pick-mix-candy-godis-fabrica","7":"product_tag-acida","8":"product_tag-acido","9":"product_tag-anillos","10":"product_tag-arlequin","11":"product_tag-arlequin-fizz-rings","12":"product_tag-chuches-acidas","13":"product_tag-fruit","14":"product_tag-fruit-candy","15":"product_tag-fruits","16":"product_tag-fruity","17":"product_tag-fruity-sour-candy","18":"product_tag-frutal","19":"product_tag-frutos","20":"product_tag-harlequin","21":"product_tag-ring","22":"product_tag-summer","23":"product_tag-swedish-candy","24":"product_tag-tropical","25":"product_tag-verano","26":"flavor-fruity","27":"flavor-jelly","28":"flavor-palm-oil-free","29":"flavor-sour","30":"allergens-gluten-free","31":"allergens-lactose-free","33":"first","34":"instock","35":"taxable","36":"shipping-taxable","37":"purchasable","38":"product-type-simple"},"_links":{"self":[{"href":"https:\/\/godisfabrica.com\/es\/wp-json\/wp\/v2\/product\/17587","targetHints":{"allow":["GET"]}}],"collection":[{"href":"https:\/\/godisfabrica.com\/es\/wp-json\/wp\/v2\/product"}],"about":[{"href":"https:\/\/godisfabrica.com\/es\/wp-json\/wp\/v2\/types\/product"}],"replies":[{"embeddable":true,"href":"https:\/\/godisfabrica.com\/es\/wp-json\/wp\/v2\/comments?post=17587"}],"wp:featuredmedia":[{"embeddable":true,"href":"https:\/\/godisfabrica.com\/es\/wp-json\/wp\/v2\/media\/17604"}],"wp:attachment":[{"href":"https:\/\/godisfabrica.com\/es\/wp-json\/wp\/v2\/media?parent=17587"}],"wp:term":[{"taxonomy":"product_brand","embeddable":true,"href":"https:\/\/godisfabrica.com\/es\/wp-json\/wp\/v2\/product_brand?post=17587"},{"taxonomy":"product_cat","embeddable":true,"href":"https:\/\/godisfabrica.com\/es\/wp-json\/wp\/v2\/product_cat?post=17587"},{"taxonomy":"product_tag","embeddable":true,"href":"https:\/\/godisfabrica.com\/es\/wp-json\/wp\/v2\/product_tag?post=17587"},{"taxonomy":"flavor","embeddable":true,"href":"https:\/\/godisfabrica.com\/es\/wp-json\/wp\/v2\/flavor?post=17587"},{"taxonomy":"allergens","embeddable":true,"href":"https:\/\/godisfabrica.com\/es\/wp-json\/wp\/v2\/allergens?post=17587"}],"curies":[{"name":"wp","href":"https:\/\/api.w.org\/{rel}","templated":true}]}}