{"id":17591,"date":"2025-07-11T22:02:26","date_gmt":"2025-07-11T20:02:26","guid":{"rendered":"https:\/\/godisfabrica.com\/?post_type=product&#038;p=17591"},"modified":"2026-03-31T15:43:14","modified_gmt":"2026-03-31T13:43:14","slug":"bubs-sour-skull-mini","status":"publish","type":"product","link":"https:\/\/godisfabrica.com\/es\/producto\/bubs-sour-skull-mini\/","title":{"rendered":"Bubs Calavera \u00c1cida Mini"},"content":{"rendered":"<p>Bubs Calavera \u00c1cida Mini \u2013 Peque\u00f1a. \u00c1cida. Vegana.<\/p>\n<p data-start=\"157\" data-end=\"438\">Estas mini calaveritas \u00e1cidas pueden ser peque\u00f1as, pero tienen una acidez tan intensa que tus papilas gustativas querr\u00e1n poner una queja formal. Bubs pas\u00f3 horas en el laboratorio intentando decidir si son m\u00e1s peque\u00f1as o m\u00e1s \u00e1cidas. Resultado: inconcluso. Ahora te toca a ti probar y sacar tus propias conclusiones. Como todos los dulces Bubs, estas calaveras est\u00e1n libres de gelatina y otros ingredientes de origen animal.<\/p>\n<p data-start=\"157\" data-end=\"438\">Al lanzarte unas pocas Bubs Calavera \u00c1cida Mini a la boca... prep\u00e1rate para arrugar la cara en exceso, hacer sonidos espont\u00e1neos y debatir si el tama\u00f1o realmente importa cuando se trata de poder \u00e1cido.<\/p>\n<div style=\"display: none;\">\n<h5 style=\"display: none;\">Frambuesa de Gelatina<\/h5>\n<h5><img decoding=\"async\" style=\"display: none;\" src=\"https:\/\/godisfabrica.com\/wp-content\/uploads\/2024\/08\/IMG_5948-scaled.jpg\" alt=\"Candy Shop\" \/><\/h5>\n<p style=\"display: none;\">Shop delicious candies at our online candy shop in Spain. Explore a variety of sweets at Godisfabrica and enjoy fast delivery across Spain! &#8220;Shop your favorite candies at our online candy shop in Spain. Fast delivery, wide selection, and sweet deals await. Order now!&#8221; Shop online at Godisfabrica for the best candy in Spain. Discover delicious sweets, fast shipping, and premium quality treats today!<\/p>\n<\/div>\n<div style=\"display: none;\">\n<h5 style=\"display: none;\">Raspberry<\/h5>\n<h5><img decoding=\"async\" style=\"display: none;\" src=\"https:\/\/godisfabrica.com\/wp-content\/uploads\/2024\/08\/IMG_5948-scaled.jpg\" alt=\"Candy Shop\" \/><\/h5>\n<p style=\"display: none;\">Shop delicious candies at our online candy shop in Spain. Explore a variety of sweets at Godisfabrica and enjoy fast delivery across Spain! &#8220;Shop your favorite candies at our online candy shop in Spain. Fast delivery, wide selection, and sweet deals await. Order now!&#8221; Shop online at Godisfabrica for the best candy in Spain. Discover delicious sweets, fast shipping, and premium quality treats today!<\/p>\n<\/div>\n<p><img decoding=\"async\" style=\"display: none;\" src=\"https:\/\/godisfabrica.com\/wp-content\/uploads\/2024\/08\/IMG_5948-scaled.jpg\" alt=\"Candy Shop\" \/><img decoding=\"async\" style=\"display: none;\" src=\"https:\/\/godisfabrica.com\/wp-content\/uploads\/2024\/08\/IMG_5948-scaled.jpg\" alt=\"Candy Shop\" \/><\/p>","protected":false},"excerpt":{"rendered":"<p>50g<\/p>","protected":false},"featured_media":17367,"comment_status":"open","ping_status":"closed","template":"","meta":[],"product_brand":[],"product_cat":[290,225],"product_tag":[434,1368,682,1156,537,443,735,615,508,540,1205,507,1276,1213,968,702,522,1060,552,231,291,445,607],"flavor":[411,419,415],"allergens":[426,428,425],"class_list":{"0":"post-17591","1":"product","2":"type-product","3":"status-publish","4":"has-post-thumbnail","6":"product_cat-vegan-products-godis-fabrica","7":"product_cat-pick-mix-candy-godis-fabrica","8":"product_tag-bubs","9":"product_tag-bubs-godis","10":"product_tag-bubs-mini","11":"product_tag-bubsgodis","12":"product_tag-chuches-veganas","13":"product_tag-foam","14":"product_tag-foamy","15":"product_tag-fresa","16":"product_tag-fruit","17":"product_tag-fruit-candy","18":"product_tag-fruits","19":"product_tag-fruity","20":"product_tag-frutal","21":"product_tag-frutos","22":"product_tag-golosinas-veganas","23":"product_tag-new","24":"product_tag-strawberry","25":"product_tag-strawberry-candy","26":"product_tag-swedish-candy","27":"product_tag-vanilla","28":"product_tag-vegan","29":"product_tag-vegan-candy","30":"product_tag-vegano","31":"flavor-fruity","32":"flavor-palm-oil-free","33":"flavor-sour","34":"allergens-gelatin-free","35":"allergens-gluten-free","36":"allergens-vegan","38":"first","39":"instock","40":"taxable","41":"shipping-taxable","42":"purchasable","43":"product-type-simple"},"_links":{"self":[{"href":"https:\/\/godisfabrica.com\/es\/wp-json\/wp\/v2\/product\/17591","targetHints":{"allow":["GET"]}}],"collection":[{"href":"https:\/\/godisfabrica.com\/es\/wp-json\/wp\/v2\/product"}],"about":[{"href":"https:\/\/godisfabrica.com\/es\/wp-json\/wp\/v2\/types\/product"}],"replies":[{"embeddable":true,"href":"https:\/\/godisfabrica.com\/es\/wp-json\/wp\/v2\/comments?post=17591"}],"wp:featuredmedia":[{"embeddable":true,"href":"https:\/\/godisfabrica.com\/es\/wp-json\/wp\/v2\/media\/17367"}],"wp:attachment":[{"href":"https:\/\/godisfabrica.com\/es\/wp-json\/wp\/v2\/media?parent=17591"}],"wp:term":[{"taxonomy":"product_brand","embeddable":true,"href":"https:\/\/godisfabrica.com\/es\/wp-json\/wp\/v2\/product_brand?post=17591"},{"taxonomy":"product_cat","embeddable":true,"href":"https:\/\/godisfabrica.com\/es\/wp-json\/wp\/v2\/product_cat?post=17591"},{"taxonomy":"product_tag","embeddable":true,"href":"https:\/\/godisfabrica.com\/es\/wp-json\/wp\/v2\/product_tag?post=17591"},{"taxonomy":"flavor","embeddable":true,"href":"https:\/\/godisfabrica.com\/es\/wp-json\/wp\/v2\/flavor?post=17591"},{"taxonomy":"allergens","embeddable":true,"href":"https:\/\/godisfabrica.com\/es\/wp-json\/wp\/v2\/allergens?post=17591"}],"curies":[{"name":"wp","href":"https:\/\/api.w.org\/{rel}","templated":true}]}}