{"id":17592,"date":"2025-07-11T22:11:31","date_gmt":"2025-07-11T20:11:31","guid":{"rendered":"https:\/\/godisfabrica.com\/?post_type=product&#038;p=17592"},"modified":"2026-04-24T03:16:40","modified_gmt":"2026-04-24T01:16:40","slug":"banana-bubs-bag","status":"publish","type":"product","link":"https:\/\/godisfabrica.com\/es\/producto\/banana-bubs-bag\/","title":{"rendered":"Bolsa Bubs de Pl\u00e1tano"},"content":{"rendered":"<p class=\"\" data-start=\"91\" data-end=\"160\">Bolsa Bubs de Pl\u00e1tano (Goody) \u2013 \u00a1El dulce que todos adoran en versi\u00f3n mini!<\/p>\n<p class=\"\" data-start=\"162\" data-end=\"429\">Conoce a la legendaria Bolsa Bubs de Pl\u00e1tano: el dulce esponjoso con sabor a pl\u00e1tano, caramelo y toffee que es b\u00e1sicamente la Beyonc\u00e9 de la familia Bubs. No es solo un dulce, es un \u00edcono. Y la Bolsa de Bubs de Pl\u00e1tano en versi\u00f3n mini tiene ese mismo sabor legendario en formato peque\u00f1o.<\/p>\n<p class=\"\" data-start=\"431\" data-end=\"763\">Suaves, dulces y con una sospechosa forma de mini nave espacial platanera, estas peque\u00f1as delicias veganas tienen una misi\u00f3n: invadir tu boca y no salir nunca m\u00e1s. A todos les encantan. \u00bfTu abuela? Obsesionada. \u00bfEse barista cool? Devor\u00e1ndolas a escondidas detr\u00e1s del mostrador. Seguro que hasta tu dentista se atreve a probar unas cuantas. La Bolsa Bubs de Pl\u00e1tano est\u00e1 completamente libre de gelatina y otros ingredientes de origen animal \u2014 un capricho 100% vegano que todos pueden disfrutar.<\/p>\n<div style=\"display: none;\">\n<h5 style=\"display: none;\">Frambuesa de Gelatina<\/h5>\n<h5><img decoding=\"async\" style=\"display: none;\" src=\"https:\/\/godisfabrica.com\/wp-content\/uploads\/2024\/08\/IMG_5948-scaled.jpg\" alt=\"Candy Shop\" \/><\/h5>\n<p style=\"display: none;\">Shop delicious candies at our online candy shop in Spain. Explore a variety of sweets at Godisfabrica and enjoy fast delivery across Spain! &#8220;Shop your favorite candies at our online candy shop in Spain. Fast delivery, wide selection, and sweet deals await. Order now!&#8221; Shop online at Godisfabrica for the best candy in Spain. Discover delicious sweets, fast shipping, and premium quality treats today!<\/p>\n<\/div>\n<div style=\"display: none;\">\n<h5 style=\"display: none;\">Raspberry<\/h5>\n<h5><img decoding=\"async\" style=\"display: none;\" src=\"https:\/\/godisfabrica.com\/wp-content\/uploads\/2024\/08\/IMG_5948-scaled.jpg\" alt=\"Candy Shop\" \/><\/h5>\n<p style=\"display: none;\">Shop delicious candies at our online candy shop in Spain. Explore a variety of sweets at Godisfabrica and enjoy fast delivery across Spain! &#8220;Shop your favorite candies at our online candy shop in Spain. Fast delivery, wide selection, and sweet deals await. Order now!&#8221; Shop online at Godisfabrica for the best candy in Spain. Discover delicious sweets, fast shipping, and premium quality treats today!<\/p>\n<\/div>\n<p><img decoding=\"async\" style=\"display: none;\" src=\"https:\/\/godisfabrica.com\/wp-content\/uploads\/2024\/08\/IMG_5948-scaled.jpg\" alt=\"Candy Shop\" \/><img decoding=\"async\" style=\"display: none;\" src=\"https:\/\/godisfabrica.com\/wp-content\/uploads\/2024\/08\/IMG_5948-scaled.jpg\" alt=\"Candy Shop\" \/><\/p>","protected":false},"excerpt":{"rendered":"<p>90g<\/p>","protected":false},"featured_media":19345,"comment_status":"open","ping_status":"closed","template":"","meta":[],"product_brand":[],"product_cat":[290,293],"product_tag":[475,609,434,1090,1368,1462,1459,227,580,537,735,508,540,1463,702,1461,1457,1458,610,1290,1467,552,226,291,445,607],"flavor":[416,411,422],"allergens":[426,425],"class_list":{"0":"post-17592","1":"product","2":"type-product","3":"status-publish","4":"has-post-thumbnail","6":"product_cat-vegan-products-godis-fabrica","7":"product_cat-candy-products-godis-fabrica","8":"product_tag-banana","9":"product_tag-bananas","10":"product_tag-bubs","11":"product_tag-bubs-candy","12":"product_tag-bubs-godis","13":"product_tag-bubs-karkki","14":"product_tag-bubs-oval","15":"product_tag-caramel","16":"product_tag-caramelo","17":"product_tag-chuches-veganas","18":"product_tag-foamy","19":"product_tag-fruit","20":"product_tag-fruit-candy","21":"product_tag-godis","22":"product_tag-new","23":"product_tag-ovaali","24":"product_tag-oval","25":"product_tag-ovals","26":"product_tag-platano","27":"product_tag-sabor-platano","28":"product_tag-soft-candy","29":"product_tag-swedish-candy","30":"product_tag-toffee","31":"product_tag-vegan","32":"product_tag-vegan-candy","33":"product_tag-vegano","34":"flavor-caramel-toffee","35":"flavor-fruity","36":"flavor-wrapped","37":"allergens-gelatin-free","38":"allergens-vegan","40":"first","41":"instock","42":"taxable","43":"shipping-taxable","44":"purchasable","45":"product-type-simple"},"_links":{"self":[{"href":"https:\/\/godisfabrica.com\/es\/wp-json\/wp\/v2\/product\/17592","targetHints":{"allow":["GET"]}}],"collection":[{"href":"https:\/\/godisfabrica.com\/es\/wp-json\/wp\/v2\/product"}],"about":[{"href":"https:\/\/godisfabrica.com\/es\/wp-json\/wp\/v2\/types\/product"}],"replies":[{"embeddable":true,"href":"https:\/\/godisfabrica.com\/es\/wp-json\/wp\/v2\/comments?post=17592"}],"wp:featuredmedia":[{"embeddable":true,"href":"https:\/\/godisfabrica.com\/es\/wp-json\/wp\/v2\/media\/19345"}],"wp:attachment":[{"href":"https:\/\/godisfabrica.com\/es\/wp-json\/wp\/v2\/media?parent=17592"}],"wp:term":[{"taxonomy":"product_brand","embeddable":true,"href":"https:\/\/godisfabrica.com\/es\/wp-json\/wp\/v2\/product_brand?post=17592"},{"taxonomy":"product_cat","embeddable":true,"href":"https:\/\/godisfabrica.com\/es\/wp-json\/wp\/v2\/product_cat?post=17592"},{"taxonomy":"product_tag","embeddable":true,"href":"https:\/\/godisfabrica.com\/es\/wp-json\/wp\/v2\/product_tag?post=17592"},{"taxonomy":"flavor","embeddable":true,"href":"https:\/\/godisfabrica.com\/es\/wp-json\/wp\/v2\/flavor?post=17592"},{"taxonomy":"allergens","embeddable":true,"href":"https:\/\/godisfabrica.com\/es\/wp-json\/wp\/v2\/allergens?post=17592"}],"curies":[{"name":"wp","href":"https:\/\/api.w.org\/{rel}","templated":true}]}}