{"id":17732,"date":"2025-09-22T13:48:23","date_gmt":"2025-09-22T11:48:23","guid":{"rendered":"https:\/\/godisfabrica.com\/?post_type=product&#038;p=17732"},"modified":"2026-04-18T18:36:44","modified_gmt":"2026-04-18T16:36:44","slug":"raspberry-liquorice-fish","status":"publish","type":"product","link":"https:\/\/godisfabrica.com\/es\/producto\/raspberry-liquorice-fish\/","title":{"rendered":"Peces de Regaliz y Frambuesa"},"content":{"rendered":"<p data-start=\"108\" data-end=\"170\">Peces de Regaliz y Frambuesa \u2013 \u00a1La pesca del d\u00eda!<\/p>\n<p data-start=\"172\" data-end=\"339\">Estos Peces de Regaliz y Frambuesa \u00c1cida pueden parecer adorables, pero no te f\u00edes\u2026 \u00a1tienen un mordisco \u00e1cido, un toque salado de regaliz y un sabor dulce a frambuesa! Dise\u00f1ados para rebeldes del dulce y amantes del regaliz, estas peque\u00f1as criaturas marinas nadan en un oc\u00e9ano de frambuesa \u00e1cida con un giro inesperado de regaliz. 100 % veganos, 1000 % deliciosos y 0 % pescado real \u2014 porque lo \u00fanico que pescamos son buenas vibras.<\/p>\n<p data-start=\"601\" data-end=\"679\">Perfectos para picar, compartir o asustar a tu primo al que no le gustan las chuches.\nL\u00e1nzate. Esto se va a poner raro.<\/p>\n<div style=\"display: none;\">\n<h5 style=\"display: none;\">Frambuesa de Gelatina<\/h5>\n<h5><img decoding=\"async\" style=\"display: none;\" src=\"https:\/\/godisfabrica.com\/wp-content\/uploads\/2024\/08\/IMG_5948-scaled.jpg\" alt=\"Candy Shop\" \/><\/h5>\n<p style=\"display: none;\">Shop delicious candies at our online candy shop in Spain. Explore a variety of sweets at Godisfabrica and enjoy fast delivery across Spain! &#8220;Shop your favorite candies at our online candy shop in Spain. Fast delivery, wide selection, and sweet deals await. Order now!&#8221; Shop online at Godisfabrica for the best candy in Spain. Discover delicious sweets, fast shipping, and premium quality treats today!<\/p>\n<\/div>\n<div style=\"display: none;\">\n<h5 style=\"display: none;\">Raspberry<\/h5>\n<h5><img decoding=\"async\" style=\"display: none;\" src=\"https:\/\/godisfabrica.com\/wp-content\/uploads\/2024\/08\/IMG_5948-scaled.jpg\" alt=\"Candy Shop\" \/><\/h5>\n<p style=\"display: none;\">Shop delicious candies at our online candy shop in Spain. Explore a variety of sweets at Godisfabrica and enjoy fast delivery across Spain! &#8220;Shop your favorite candies at our online candy shop in Spain. Fast delivery, wide selection, and sweet deals await. Order now!&#8221; Shop online at Godisfabrica for the best candy in Spain. Discover delicious sweets, fast shipping, and premium quality treats today!<\/p>\n<\/div>\n<p><img decoding=\"async\" style=\"display: none;\" src=\"https:\/\/godisfabrica.com\/wp-content\/uploads\/2024\/08\/IMG_5948-scaled.jpg\" alt=\"Candy Shop\" \/><img decoding=\"async\" style=\"display: none;\" src=\"https:\/\/godisfabrica.com\/wp-content\/uploads\/2024\/08\/IMG_5948-scaled.jpg\" alt=\"Candy Shop\" \/><\/p>","protected":false},"excerpt":{"rendered":"<p>50g<\/p>","protected":false},"featured_media":17738,"comment_status":"open","ping_status":"closed","template":"","meta":[],"product_brand":[],"product_cat":[225,290],"product_tag":[1275,628,537,631,508,540,1213,968,236,529,446,677,561,923,435,1518,552,291,445,607],"flavor":[411,413,419],"allergens":[426,428,427,425],"class_list":{"0":"post-17732","1":"product","2":"type-product","3":"status-publish","4":"has-post-thumbnail","6":"product_cat-pick-mix-candy-godis-fabrica","7":"product_cat-vegan-products-godis-fabrica","8":"product_tag-baya","9":"product_tag-berry","10":"product_tag-chuches-veganas","11":"product_tag-frambuesa","12":"product_tag-fruit","13":"product_tag-fruit-candy","14":"product_tag-frutos","15":"product_tag-golosinas-veganas","16":"product_tag-licorice","17":"product_tag-liquorice","18":"product_tag-raspberry","19":"product_tag-regaliz","20":"product_tag-salty","21":"product_tag-salty-liquorice","22":"product_tag-sour","23":"product_tag-sour-liquorice","24":"product_tag-swedish-candy","25":"product_tag-vegan","26":"product_tag-vegan-candy","27":"product_tag-vegano","28":"flavor-fruity","29":"flavor-liquorice","30":"flavor-palm-oil-free","31":"allergens-gelatin-free","32":"allergens-gluten-free","33":"allergens-lactose-free","34":"allergens-vegan","36":"first","37":"outofstock","38":"taxable","39":"shipping-taxable","40":"purchasable","41":"product-type-simple"},"_links":{"self":[{"href":"https:\/\/godisfabrica.com\/es\/wp-json\/wp\/v2\/product\/17732","targetHints":{"allow":["GET"]}}],"collection":[{"href":"https:\/\/godisfabrica.com\/es\/wp-json\/wp\/v2\/product"}],"about":[{"href":"https:\/\/godisfabrica.com\/es\/wp-json\/wp\/v2\/types\/product"}],"replies":[{"embeddable":true,"href":"https:\/\/godisfabrica.com\/es\/wp-json\/wp\/v2\/comments?post=17732"}],"wp:featuredmedia":[{"embeddable":true,"href":"https:\/\/godisfabrica.com\/es\/wp-json\/wp\/v2\/media\/17738"}],"wp:attachment":[{"href":"https:\/\/godisfabrica.com\/es\/wp-json\/wp\/v2\/media?parent=17732"}],"wp:term":[{"taxonomy":"product_brand","embeddable":true,"href":"https:\/\/godisfabrica.com\/es\/wp-json\/wp\/v2\/product_brand?post=17732"},{"taxonomy":"product_cat","embeddable":true,"href":"https:\/\/godisfabrica.com\/es\/wp-json\/wp\/v2\/product_cat?post=17732"},{"taxonomy":"product_tag","embeddable":true,"href":"https:\/\/godisfabrica.com\/es\/wp-json\/wp\/v2\/product_tag?post=17732"},{"taxonomy":"flavor","embeddable":true,"href":"https:\/\/godisfabrica.com\/es\/wp-json\/wp\/v2\/flavor?post=17732"},{"taxonomy":"allergens","embeddable":true,"href":"https:\/\/godisfabrica.com\/es\/wp-json\/wp\/v2\/allergens?post=17732"}],"curies":[{"name":"wp","href":"https:\/\/api.w.org\/{rel}","templated":true}]}}