{"id":17835,"date":"2025-10-14T08:46:58","date_gmt":"2025-10-14T06:46:58","guid":{"rendered":"https:\/\/godisfabrica.com\/?post_type=product&#038;p=17835"},"modified":"2026-04-08T23:44:18","modified_gmt":"2026-04-08T21:44:18","slug":"dumle-winter-mix","status":"publish","type":"product","link":"https:\/\/godisfabrica.com\/es\/producto\/dumle-winter-mix\/","title":{"rendered":"Dumle Mix Invernal"},"content":{"rendered":"<p data-start=\"151\" data-end=\"200\">Dumle Mix Invernal \u2013 \u00a1Para los d\u00edas de invierno m\u00e1s dulces!<\/p>\n<p data-start=\"202\" data-end=\"595\">Dumle Mix Invernal re\u00fane el encanto ca\u00f3tico del invierno en forma de caramelo. En su interior descubrir\u00e1s toffee suave y masticable vestido con su mejor atuendo festivo: desde el refrescante Polka mint envuelto en chocolate negro, hasta el acogedor Gingerbread y el intenso Chocolate Brownie, ambos cubiertos de suave chocolate con leche. Tu caramelo favorito (Dumle) se puso en modo invierno y decidi\u00f3 montar una fiesta navide\u00f1a llena de sabor.<\/p>\n<p data-start=\"597\" data-end=\"872\">Cada mordisco es una sorpresa, un poco de locura navide\u00f1a y un mont\u00f3n de delicioso sabor. Elaborado con cacao 100% de origen responsable, es un capricho que puedes disfrutar sin culpa\u2026 incluso si te comes toda la bolsa mientras ves caer la nieve (o simplemente tu salvapantallas). El invierno es incre\u00edble\u2026 \u00a1y tus caramelos tambi\u00e9n deber\u00edan serlo!<\/p>\n<div style=\"display: none;\">\n<h5 style=\"display: none;\">Frambuesa de Gelatina<\/h5>\n<h5><img decoding=\"async\" style=\"display: none;\" src=\"https:\/\/godisfabrica.com\/wp-content\/uploads\/2024\/08\/IMG_5948-scaled.jpg\" alt=\"Candy Shop\" \/><\/h5>\n<p style=\"display: none;\">Shop delicious candies at our online candy shop in Spain. Explore a variety of sweets at Godisfabrica and enjoy fast delivery across Spain! &#8220;Shop your favorite candies at our online candy shop in Spain. Fast delivery, wide selection, and sweet deals await. Order now!&#8221; Shop online at Godisfabrica for the best candy in Spain. Discover delicious sweets, fast shipping, and premium quality treats today!<\/p>\n<\/div>\n<p><img decoding=\"async\" style=\"display: none;\" src=\"https:\/\/godisfabrica.com\/wp-content\/uploads\/2024\/08\/IMG_5948-scaled.jpg\" alt=\"Candy Shop\" \/><img decoding=\"async\" style=\"display: none;\" src=\"https:\/\/godisfabrica.com\/wp-content\/uploads\/2024\/08\/IMG_5948-scaled.jpg\" alt=\"Candy Shop\" \/><img decoding=\"async\" style=\"display: none;\" src=\"https:\/\/godisfabrica.com\/wp-content\/uploads\/2024\/08\/IMG_5948-scaled.jpg\" alt=\"Candy Shop\" \/><img decoding=\"async\" style=\"display: none;\" src=\"https:\/\/godisfabrica.com\/wp-content\/uploads\/2024\/08\/IMG_5948-scaled.jpg\" alt=\"Candy Shop\" \/><\/p>","protected":false},"excerpt":{"rendered":"<p>50g<\/p>","protected":false},"featured_media":18124,"comment_status":"open","ping_status":"closed","template":"","meta":[],"product_brand":[],"product_cat":[243,225],"product_tag":[230,1422,1159,1144,1145,1158,1147,500,229,1551,1526,1001,469,701,1425,1550,1348,1146,1525,1222,570,1356,1419,1148,1552],"flavor":[416,412,420],"allergens":[426],"class_list":{"0":"post-17835","1":"product","2":"type-product","3":"status-publish","4":"has-post-thumbnail","6":"product_cat-chocolate-category-godis-fabrica","7":"product_cat-pick-mix-candy-godis-fabrica","8":"product_tag-chocolate","9":"product_tag-chocolate-con-leche","10":"product_tag-chocolate-de-navidad","11":"product_tag-christmas","12":"product_tag-christmas-candy","13":"product_tag-christmas-chocolate","14":"product_tag-chuches-de-navidad","15":"product_tag-dumle","16":"product_tag-fazer","17":"product_tag-fazer-dumle","18":"product_tag-filled-chocolate","19":"product_tag-finland","20":"product_tag-finnish-chocolate","21":"product_tag-gelatin-free","22":"product_tag-karl-fazer","23":"product_tag-konvehti","24":"product_tag-natural","25":"product_tag-navidad","26":"product_tag-praline","27":"product_tag-sin-gelatina","28":"product_tag-suklaa","29":"product_tag-suomi","30":"product_tag-suomi-suklaa","31":"product_tag-winter","32":"product_tag-winter-mix","33":"flavor-caramel-toffee","34":"flavor-chocolate","35":"flavor-mint","36":"allergens-gelatin-free","38":"first","39":"instock","40":"taxable","41":"shipping-taxable","42":"purchasable","43":"product-type-simple"},"_links":{"self":[{"href":"https:\/\/godisfabrica.com\/es\/wp-json\/wp\/v2\/product\/17835","targetHints":{"allow":["GET"]}}],"collection":[{"href":"https:\/\/godisfabrica.com\/es\/wp-json\/wp\/v2\/product"}],"about":[{"href":"https:\/\/godisfabrica.com\/es\/wp-json\/wp\/v2\/types\/product"}],"replies":[{"embeddable":true,"href":"https:\/\/godisfabrica.com\/es\/wp-json\/wp\/v2\/comments?post=17835"}],"wp:featuredmedia":[{"embeddable":true,"href":"https:\/\/godisfabrica.com\/es\/wp-json\/wp\/v2\/media\/18124"}],"wp:attachment":[{"href":"https:\/\/godisfabrica.com\/es\/wp-json\/wp\/v2\/media?parent=17835"}],"wp:term":[{"taxonomy":"product_brand","embeddable":true,"href":"https:\/\/godisfabrica.com\/es\/wp-json\/wp\/v2\/product_brand?post=17835"},{"taxonomy":"product_cat","embeddable":true,"href":"https:\/\/godisfabrica.com\/es\/wp-json\/wp\/v2\/product_cat?post=17835"},{"taxonomy":"product_tag","embeddable":true,"href":"https:\/\/godisfabrica.com\/es\/wp-json\/wp\/v2\/product_tag?post=17835"},{"taxonomy":"flavor","embeddable":true,"href":"https:\/\/godisfabrica.com\/es\/wp-json\/wp\/v2\/flavor?post=17835"},{"taxonomy":"allergens","embeddable":true,"href":"https:\/\/godisfabrica.com\/es\/wp-json\/wp\/v2\/allergens?post=17835"}],"curies":[{"name":"wp","href":"https:\/\/api.w.org\/{rel}","templated":true}]}}