{"id":17894,"date":"2025-10-17T15:41:12","date_gmt":"2025-10-17T13:41:12","guid":{"rendered":"https:\/\/godisfabrica.com\/?post_type=product&#038;p=17894"},"modified":"2026-02-17T04:25:50","modified_gmt":"2026-02-17T03:25:50","slug":"dark-chocolate","status":"publish","type":"product","link":"https:\/\/godisfabrica.com\/es\/producto\/dark-chocolate\/","title":{"rendered":"Chocolate Negro"},"content":{"rendered":"<p data-start=\"528\" data-end=\"857\">Chocolate Negro de Fazer \u2013 Para quienes se toman el chocolate muy en serio<\/p>\n<p data-start=\"266\" data-end=\"553\">\u00bfBuscas un chocolate que no se anda con tonter\u00edas? El Chocolate Negro Fazer 70% est\u00e1 aqu\u00ed para satisfacer tus m\u00e1s profundos y oscuros antojos de cacao. Creado para los verdaderos fan\u00e1ticos del chocolate, Chocolate Negro de Fazer ofrece un sabor intenso y rico con un acabado irresistible y suave. Elaborado con el mejor cacao Arriba y m\u00e1s de un siglo de experiencia finlandesa en la fabricaci\u00f3n de chocolate, este no es un chocolate negro cualquiera. Es intenso, arom\u00e1tico y lo suficientemente sofisticado para hacerte sentir elegante\u2026 sin necesidad de llevar mon\u00f3culo.<\/p>\n<p data-start=\"800\" data-end=\"1063\">Perfecto para un capricho consciente, para acompa\u00f1ar tu caf\u00e9 o para esconderlo de tu compa\u00f1ero de piso, el chocolate 70% de Karl Fazer demuestra que el lujo y la diversi\u00f3n pueden ir de la mano. Y adem\u00e1s, est\u00e1 hecho con cacao 100% de origen responsable, para que disfrutes cada bocado con la conciencia tranquila.<\/p>\n<div style=\"display: none;\">\n<h5 style=\"display: none;\">Frambuesa de Gelatina<\/h5>\n<h5><img decoding=\"async\" style=\"display: none;\" src=\"https:\/\/godisfabrica.com\/wp-content\/uploads\/2024\/08\/IMG_5948-scaled.jpg\" alt=\"Candy Shop\" \/><\/h5>\n<p style=\"display: none;\">Shop delicious candies at our online candy shop in Spain. Explore a variety of sweets at Godisfabrica and enjoy fast delivery across Spain! &#8220;Shop your favorite candies at our online candy shop in Spain. Fast delivery, wide selection, and sweet deals await. Order now!&#8221; Shop online at Godisfabrica for the best candy in Spain. Discover delicious sweets, fast shipping, and premium quality treats today!<\/p>\n<\/div>\n<p><img decoding=\"async\" style=\"display: none;\" src=\"https:\/\/godisfabrica.com\/wp-content\/uploads\/2024\/08\/IMG_5948-scaled.jpg\" alt=\"Candy Shop\" \/><img decoding=\"async\" style=\"display: none;\" src=\"https:\/\/godisfabrica.com\/wp-content\/uploads\/2024\/08\/IMG_5948-scaled.jpg\" alt=\"Candy Shop\" \/><img decoding=\"async\" style=\"display: none;\" src=\"https:\/\/godisfabrica.com\/wp-content\/uploads\/2024\/08\/IMG_5948-scaled.jpg\" alt=\"Candy Shop\" \/><img decoding=\"async\" style=\"display: none;\" src=\"https:\/\/godisfabrica.com\/wp-content\/uploads\/2024\/08\/IMG_5948-scaled.jpg\" alt=\"Candy Shop\" \/><\/p>","protected":false},"excerpt":{"rendered":"<p>50g<\/p>","protected":false},"featured_media":17867,"comment_status":"open","ping_status":"closed","template":"","meta":[],"product_brand":[],"product_cat":[243,225],"product_tag":[230,1559,1158,1558,773,229,467,1424,1001,469,1425,1139,1135,1348,1146,622,1525,570,1356,1419],"flavor":[412,419,422],"allergens":[426],"class_list":{"0":"post-17894","1":"product","2":"type-product","3":"status-publish","4":"has-post-thumbnail","6":"product_cat-chocolate-category-godis-fabrica","7":"product_cat-pick-mix-candy-godis-fabrica","8":"product_tag-chocolate","9":"product_tag-chocolate-negro","10":"product_tag-christmas-chocolate","11":"product_tag-dark","12":"product_tag-dark-chocolate","13":"product_tag-fazer","14":"product_tag-fazer-blue","15":"product_tag-fazerin-sininen","16":"product_tag-finland","17":"product_tag-finnish-chocolate","18":"product_tag-karl-fazer","19":"product_tag-lujo","20":"product_tag-luxury","21":"product_tag-natural","22":"product_tag-navidad","23":"product_tag-negro","24":"product_tag-praline","25":"product_tag-suklaa","26":"product_tag-suomi","27":"product_tag-suomi-suklaa","28":"flavor-chocolate","29":"flavor-palm-oil-free","30":"flavor-wrapped","31":"allergens-gelatin-free","33":"first","34":"instock","35":"taxable","36":"shipping-taxable","37":"purchasable","38":"product-type-simple"},"_links":{"self":[{"href":"https:\/\/godisfabrica.com\/es\/wp-json\/wp\/v2\/product\/17894","targetHints":{"allow":["GET"]}}],"collection":[{"href":"https:\/\/godisfabrica.com\/es\/wp-json\/wp\/v2\/product"}],"about":[{"href":"https:\/\/godisfabrica.com\/es\/wp-json\/wp\/v2\/types\/product"}],"replies":[{"embeddable":true,"href":"https:\/\/godisfabrica.com\/es\/wp-json\/wp\/v2\/comments?post=17894"}],"wp:featuredmedia":[{"embeddable":true,"href":"https:\/\/godisfabrica.com\/es\/wp-json\/wp\/v2\/media\/17867"}],"wp:attachment":[{"href":"https:\/\/godisfabrica.com\/es\/wp-json\/wp\/v2\/media?parent=17894"}],"wp:term":[{"taxonomy":"product_brand","embeddable":true,"href":"https:\/\/godisfabrica.com\/es\/wp-json\/wp\/v2\/product_brand?post=17894"},{"taxonomy":"product_cat","embeddable":true,"href":"https:\/\/godisfabrica.com\/es\/wp-json\/wp\/v2\/product_cat?post=17894"},{"taxonomy":"product_tag","embeddable":true,"href":"https:\/\/godisfabrica.com\/es\/wp-json\/wp\/v2\/product_tag?post=17894"},{"taxonomy":"flavor","embeddable":true,"href":"https:\/\/godisfabrica.com\/es\/wp-json\/wp\/v2\/flavor?post=17894"},{"taxonomy":"allergens","embeddable":true,"href":"https:\/\/godisfabrica.com\/es\/wp-json\/wp\/v2\/allergens?post=17894"}],"curies":[{"name":"wp","href":"https:\/\/api.w.org\/{rel}","templated":true}]}}