{"id":17909,"date":"2025-10-18T17:17:57","date_gmt":"2025-10-18T15:17:57","guid":{"rendered":"https:\/\/godisfabrica.com\/?post_type=product&#038;p=17909"},"modified":"2026-04-20T16:57:00","modified_gmt":"2026-04-20T14:57:00","slug":"red-hearts","status":"publish","type":"product","link":"https:\/\/godisfabrica.com\/es\/producto\/red-hearts\/","title":{"rendered":"Corazones Rojos"},"content":{"rendered":"<p data-start=\"111\" data-end=\"163\">Corazones Rojos \u2013 Enam\u00f3rate, bocado a bocado \u2764\ufe0f<\/p>\n<p data-start=\"165\" data-end=\"502\">\u00bfQui\u00e9n necesita flores cuando puedes regalar caramelos que de verdad saben bien? (O ambos). Los Corazones Rojos de Aroma son el capricho perfecto para compartir... o no compartir. Con forma de coraz\u00f3n y un sabor jugoso irresistible, estos dulces blanditos son ideales para San Valent\u00edn, aniversarios, citas rom\u00e1nticas\u2026 o simplemente para sobrevivir a un lunes.<\/p>\n<p data-start=\"504\" data-end=\"706\">Son peligrosamente adictivos, as\u00ed que cuidado: en cuanto abras tu bolsa de pick&amp;mix, se acab\u00f3 el juego. Dulces, suaves y totalmente irresistibles, los Corazones Rojos de Aroma no son solo caramelos \u2014 son un aut\u00e9ntico romance azucarado. Perfectos para regalar, a\u00fan mejores como tesoro secreto.<\/p>\n<div style=\"display: none;\">\n<h5 style=\"display: none;\">Anillos de Fruta \u00c1cidas<\/h5>\n<h5><img decoding=\"async\" style=\"display: none;\" src=\"https:\/\/godisfabrica.com\/wp-content\/uploads\/2024\/08\/IMG_5948-scaled.jpg\" alt=\"Candy Shop\" \/><\/h5>\n<p style=\"display: none;\">Shop delicious candies at our online candy shop in Spain. Explore a variety of sweets at Godisfabrica and enjoy fast delivery across Spain! &#8220;Shop your favorite candies at our online candy shop in Spain. Fast delivery, wide selection, and sweet deals await. Order now!&#8221; Shop online at Godisfabrica for the best candy in Spain. Discover delicious sweets, fast shipping, and premium quality treats today!<\/p>\n<\/div>\n<div style=\"display: none;\">\n<h5 style=\"display: none;\">Anillos de Fruta \u00c1cidas<\/h5>\n<h5><img decoding=\"async\" style=\"display: none;\" src=\"https:\/\/godisfabrica.com\/wp-content\/uploads\/2024\/08\/IMG_5948-scaled.jpg\" alt=\"Candy Shop\" \/><\/h5>\n<p style=\"display: none;\">Shop delicious candies at our online candy shop in Spain. Explore a variety of sweets at Godisfabrica and enjoy fast delivery across Spain! &#8220;Shop your favorite candies at our online candy shop in Spain. Fast delivery, wide selection, and sweet deals await. Order now!&#8221; Shop online at Godisfabrica for the best candy in Spain. Discover delicious sweets, fast shipping, and premium quality treats today!<\/p>\n<\/div>\n<div style=\"display: none;\">\n<h5 style=\"display: none;\">Anillos de Fruta \u00c1cidas<\/h5>\n<h5><img decoding=\"async\" style=\"display: none;\" src=\"https:\/\/godisfabrica.com\/wp-content\/uploads\/2024\/08\/IMG_5948-scaled.jpg\" alt=\"Candy Shop\" \/><\/h5>\n<p style=\"display: none;\">Shop delicious candies at our online candy shop in Spain. Explore a variety of sweets at Godisfabrica and enjoy fast delivery across Spain! &#8220;Shop your favorite candies at our online candy shop in Spain. Fast delivery, wide selection, and sweet deals await. Order now!&#8221; Shop online at Godisfabrica for the best candy in Spain. Discover delicious sweets, fast shipping, and premium quality treats today!<\/p>\n<\/div>\n<p><img decoding=\"async\" style=\"display: none;\" src=\"https:\/\/godisfabrica.com\/wp-content\/uploads\/2024\/08\/IMG_5948-scaled.jpg\" alt=\"Candy Shop\" \/><\/p>","protected":false},"excerpt":{"rendered":"<p>50g<\/p>","protected":false},"featured_media":18215,"comment_status":"open","ping_status":"closed","template":"","meta":[],"product_brand":[],"product_cat":[225],"product_tag":[1169,1866,626,1867,441,1174,1868,540,507,729,438,1173,439,925,446,842,584,1170,938,1177,552,568,1167,1585],"flavor":[411,417,419],"allergens":[428,427],"class_list":{"0":"post-17909","1":"product","2":"type-product","3":"status-publish","4":"has-post-thumbnail","6":"product_cat-pick-mix-candy-godis-fabrica","7":"product_tag-amor","8":"product_tag-amore","9":"product_tag-aroma","10":"product_tag-chuches-rojos","11":"product_tag-corazon","12":"product_tag-corazones","13":"product_tag-forma-de-corazon","14":"product_tag-fruit-candy","15":"product_tag-fruity","16":"product_tag-hallon","17":"product_tag-heart","18":"product_tag-heart-candy","19":"product_tag-hearts","20":"product_tag-muy-acido","21":"product_tag-raspberry","22":"product_tag-raspberry-taste","23":"product_tag-red","24":"product_tag-red-candy","25":"product_tag-rojo","26":"product_tag-san-valentin","27":"product_tag-swedish-candy","28":"product_tag-vadelma","29":"product_tag-valentine","30":"product_tag-valentines-day","31":"flavor-fruity","32":"flavor-jelly","33":"flavor-palm-oil-free","34":"allergens-gluten-free","35":"allergens-lactose-free","37":"first","38":"instock","39":"taxable","40":"shipping-taxable","41":"purchasable","42":"product-type-simple"},"_links":{"self":[{"href":"https:\/\/godisfabrica.com\/es\/wp-json\/wp\/v2\/product\/17909","targetHints":{"allow":["GET"]}}],"collection":[{"href":"https:\/\/godisfabrica.com\/es\/wp-json\/wp\/v2\/product"}],"about":[{"href":"https:\/\/godisfabrica.com\/es\/wp-json\/wp\/v2\/types\/product"}],"replies":[{"embeddable":true,"href":"https:\/\/godisfabrica.com\/es\/wp-json\/wp\/v2\/comments?post=17909"}],"wp:featuredmedia":[{"embeddable":true,"href":"https:\/\/godisfabrica.com\/es\/wp-json\/wp\/v2\/media\/18215"}],"wp:attachment":[{"href":"https:\/\/godisfabrica.com\/es\/wp-json\/wp\/v2\/media?parent=17909"}],"wp:term":[{"taxonomy":"product_brand","embeddable":true,"href":"https:\/\/godisfabrica.com\/es\/wp-json\/wp\/v2\/product_brand?post=17909"},{"taxonomy":"product_cat","embeddable":true,"href":"https:\/\/godisfabrica.com\/es\/wp-json\/wp\/v2\/product_cat?post=17909"},{"taxonomy":"product_tag","embeddable":true,"href":"https:\/\/godisfabrica.com\/es\/wp-json\/wp\/v2\/product_tag?post=17909"},{"taxonomy":"flavor","embeddable":true,"href":"https:\/\/godisfabrica.com\/es\/wp-json\/wp\/v2\/flavor?post=17909"},{"taxonomy":"allergens","embeddable":true,"href":"https:\/\/godisfabrica.com\/es\/wp-json\/wp\/v2\/allergens?post=17909"}],"curies":[{"name":"wp","href":"https:\/\/api.w.org\/{rel}","templated":true}]}}