{"id":17950,"date":"2025-10-24T16:50:02","date_gmt":"2025-10-24T14:50:02","guid":{"rendered":"https:\/\/godisfabrica.com\/?post_type=product&#038;p=17950"},"modified":"2026-04-18T18:32:27","modified_gmt":"2026-04-18T16:32:27","slug":"sour-foam-lips","status":"publish","type":"product","link":"https:\/\/godisfabrica.com\/es\/producto\/sour-foam-lips\/","title":{"rendered":"Labios \u00c1cidos"},"content":{"rendered":"<p data-start=\"134\" data-end=\"194\">Labios \u00c1cidos \u2013 \u00a1Dulces, \u00e1cidas y totalmente besables!<\/p>\n<p data-start=\"196\" data-end=\"458\">\u00a1Prep\u00e1rate, amante de las nubes! Estas Nubes de Labios \u00c1cidos rosas no son solo chuches, \u00a1son el beso \u00e1cido que no sab\u00edas que necesitabas! Suaves, esponjosas y llenas de un sabor agridulce, cada mordisco se siente como un beso coquet\u00f3n de tu crush (o tal vez de tu ex).<\/p>\n<p data-start=\"460\" data-end=\"685\">Estas nubes \u00e1cidas son escandalosamente deliciosas: perfectamente masticables, perfectamente rosas y peligrosamente adictivas. Pueden causar sonrisas espont\u00e1neas, subidones de az\u00facar y ansias de un beso m\u00e1s. \u00c1cidas, dulces, suaves y absolutamente besables \u2014 \u00a1Nubes Labios \u00c1cidos son tu billete directo a la qu\u00edmica de las chuches!<\/p>\n<div style=\"display: none;\">\n<h5 style=\"display: none;\">Frambuesa de Gelatina<\/h5>\n<h5><img decoding=\"async\" style=\"display: none;\" src=\"https:\/\/godisfabrica.com\/wp-content\/uploads\/2024\/08\/IMG_5948-scaled.jpg\" alt=\"Candy Shop\" \/><\/h5>\n<p style=\"display: none;\">Shop delicious candies at our online candy shop in Spain. Explore a variety of sweets at Godisfabrica and enjoy fast delivery across Spain! &#8220;Shop your favorite candies at our online candy shop in Spain. Fast delivery, wide selection, and sweet deals await. Order now!&#8221; Shop online at Godisfabrica for the best candy in Spain. Discover delicious sweets, fast shipping, and premium quality treats today!<\/p>\n<\/div>\n<div style=\"display: none;\">\n<h5 style=\"display: none;\">Raspberry<\/h5>\n<h5><img decoding=\"async\" style=\"display: none;\" src=\"https:\/\/godisfabrica.com\/wp-content\/uploads\/2024\/08\/IMG_5948-scaled.jpg\" alt=\"Candy Shop\" \/><\/h5>\n<p style=\"display: none;\">Shop delicious candies at our online candy shop in Spain. Explore a variety of sweets at Godisfabrica and enjoy fast delivery across Spain! &#8220;Shop your favorite candies at our online candy shop in Spain. Fast delivery, wide selection, and sweet deals await. Order now!&#8221; Shop online at Godisfabrica for the best candy in Spain. Discover delicious sweets, fast shipping, and premium quality treats today!<\/p>\n<\/div>\n<p><img decoding=\"async\" style=\"display: none;\" src=\"https:\/\/godisfabrica.com\/wp-content\/uploads\/2024\/08\/IMG_5948-scaled.jpg\" alt=\"Candy Shop\" \/><img decoding=\"async\" style=\"display: none;\" src=\"https:\/\/godisfabrica.com\/wp-content\/uploads\/2024\/08\/IMG_5948-scaled.jpg\" alt=\"Candy Shop\" \/><\/p>","protected":false},"excerpt":{"rendered":"<p>50g<\/p>","protected":false},"featured_media":18114,"comment_status":"open","ping_status":"closed","template":"","meta":[],"product_brand":[],"product_cat":[225],"product_tag":[615,508,540,1324,1213,1492,1857,440,1491,1856,1179,904,1858,1855,1091,702,1288,1490,903,1172,1861,1859,1860,522,552,1167],"flavor":[410,411,419,415],"allergens":[],"class_list":{"0":"post-17950","1":"product","2":"type-product","3":"status-publish","4":"has-post-thumbnail","6":"product_cat-pick-mix-candy-godis-fabrica","7":"product_tag-fresa","8":"product_tag-fruit","9":"product_tag-fruit-candy","10":"product_tag-fruity-sour-candy","11":"product_tag-frutos","12":"product_tag-hotlips","13":"product_tag-huulet","14":"product_tag-jelly","15":"product_tag-kiss","16":"product_tag-labio","17":"product_tag-labios","18":"product_tag-labios-rojos","19":"product_tag-lip","20":"product_tag-lips","21":"product_tag-marshmallow","22":"product_tag-new","23":"product_tag-nube","24":"product_tag-pussmun","25":"product_tag-red-lips","26":"product_tag-rosa","27":"product_tag-rose","28":"product_tag-rose-lips","29":"product_tag-sour-marshmallow","30":"product_tag-strawberry","31":"product_tag-swedish-candy","32":"product_tag-valentine","33":"flavor-foam","34":"flavor-fruity","35":"flavor-palm-oil-free","36":"flavor-sour","38":"first","39":"outofstock","40":"taxable","41":"shipping-taxable","42":"purchasable","43":"product-type-simple"},"_links":{"self":[{"href":"https:\/\/godisfabrica.com\/es\/wp-json\/wp\/v2\/product\/17950","targetHints":{"allow":["GET"]}}],"collection":[{"href":"https:\/\/godisfabrica.com\/es\/wp-json\/wp\/v2\/product"}],"about":[{"href":"https:\/\/godisfabrica.com\/es\/wp-json\/wp\/v2\/types\/product"}],"replies":[{"embeddable":true,"href":"https:\/\/godisfabrica.com\/es\/wp-json\/wp\/v2\/comments?post=17950"}],"wp:featuredmedia":[{"embeddable":true,"href":"https:\/\/godisfabrica.com\/es\/wp-json\/wp\/v2\/media\/18114"}],"wp:attachment":[{"href":"https:\/\/godisfabrica.com\/es\/wp-json\/wp\/v2\/media?parent=17950"}],"wp:term":[{"taxonomy":"product_brand","embeddable":true,"href":"https:\/\/godisfabrica.com\/es\/wp-json\/wp\/v2\/product_brand?post=17950"},{"taxonomy":"product_cat","embeddable":true,"href":"https:\/\/godisfabrica.com\/es\/wp-json\/wp\/v2\/product_cat?post=17950"},{"taxonomy":"product_tag","embeddable":true,"href":"https:\/\/godisfabrica.com\/es\/wp-json\/wp\/v2\/product_tag?post=17950"},{"taxonomy":"flavor","embeddable":true,"href":"https:\/\/godisfabrica.com\/es\/wp-json\/wp\/v2\/flavor?post=17950"},{"taxonomy":"allergens","embeddable":true,"href":"https:\/\/godisfabrica.com\/es\/wp-json\/wp\/v2\/allergens?post=17950"}],"curies":[{"name":"wp","href":"https:\/\/api.w.org\/{rel}","templated":true}]}}