{"id":17994,"date":"2025-10-26T17:12:32","date_gmt":"2025-10-26T16:12:32","guid":{"rendered":"https:\/\/godisfabrica.com\/?post_type=product&#038;p=17994"},"modified":"2026-04-18T18:30:44","modified_gmt":"2026-04-18T16:30:44","slug":"fazermint-truffle","status":"publish","type":"product","link":"https:\/\/godisfabrica.com\/es\/producto\/fazermint-truffle\/","title":{"rendered":"Chocolate Trufa de Menta"},"content":{"rendered":"<p data-start=\"167\" data-end=\"246\">Chocolate Trufa de Menta \u2013 \u00a1Fresco, elegante e irresistiblemente chocolatoso!<\/p>\n<p data-start=\"248\" data-end=\"483\">\u00bfBuscas un capricho tan suave como tus mejores pasos de baile? Descubre Fazermint Truffle: pralin\u00e9s de chocolate con leche sedoso rellenos de un refrescante centro de menta que har\u00e1 cantar a tus papilas gustativas (probablemente en finland\u00e9s).<\/p>\n<p data-start=\"485\" data-end=\"757\">Estos peque\u00f1os y lujosos bocados del cielo son perfectos para compartir\u2026 o, bueno, no compartirlos. Envueltos en un elegante verde que grita \u201c\u00a1reg\u00fayame!\u201d (\u00a1o cons\u00e9rvame!), los chocolates Fazermint son ideales para cualquier ocasi\u00f3n: desde reuniones familiares hasta picoteos secretos a medianoche.<\/p>\n<p data-start=\"759\" data-end=\"939\">Elaborados con cacao de origen responsable y la legendaria maestr\u00eda finlandesa de Fazer, cada trufa ofrece el equilibrio perfecto entre la frescura de la menta y el chocolate con leche que se derrite en la boca.<\/p>\n<div style=\"display: none;\">\n<h5 style=\"display: none;\">Frambuesa de Gelatina<\/h5>\n<h5><img decoding=\"async\" style=\"display: none;\" src=\"https:\/\/godisfabrica.com\/wp-content\/uploads\/2024\/08\/IMG_5948-scaled.jpg\" alt=\"Candy Shop\" \/><\/h5>\n<p style=\"display: none;\">Shop delicious candies at our online candy shop in Spain. Explore a variety of sweets at Godisfabrica and enjoy fast delivery across Spain! &#8220;Shop your favorite candies at our online candy shop in Spain. Fast delivery, wide selection, and sweet deals await. Order now!&#8221; Shop online at Godisfabrica for the best candy in Spain. Discover delicious sweets, fast shipping, and premium quality treats today!<\/p>\n<\/div>\n<p><img decoding=\"async\" style=\"display: none;\" src=\"https:\/\/godisfabrica.com\/wp-content\/uploads\/2024\/08\/IMG_5948-scaled.jpg\" alt=\"Candy Shop\" \/><img decoding=\"async\" style=\"display: none;\" src=\"https:\/\/godisfabrica.com\/wp-content\/uploads\/2024\/08\/IMG_5948-scaled.jpg\" alt=\"Candy Shop\" \/><img decoding=\"async\" style=\"display: none;\" src=\"https:\/\/godisfabrica.com\/wp-content\/uploads\/2024\/08\/IMG_5948-scaled.jpg\" alt=\"Candy Shop\" \/><img decoding=\"async\" style=\"display: none;\" src=\"https:\/\/godisfabrica.com\/wp-content\/uploads\/2024\/08\/IMG_5948-scaled.jpg\" alt=\"Candy Shop\" \/><\/p>","protected":false},"excerpt":{"rendered":"<p>50g<\/p>","protected":false},"featured_media":18095,"comment_status":"open","ping_status":"closed","template":"","meta":[],"product_brand":[],"product_cat":[243,225],"product_tag":[230,1158,229,467,1424,571,1579,1636,1001,469,1425,1139,1135,460,1637,722,1348,1146,1525,570,1356,1419,1235,484],"flavor":[412,420,422],"allergens":[426],"class_list":{"0":"post-17994","1":"product","2":"type-product","3":"status-publish","4":"has-post-thumbnail","6":"product_cat-chocolate-category-godis-fabrica","7":"product_cat-pick-mix-candy-godis-fabrica","8":"product_tag-chocolate","9":"product_tag-christmas-chocolate","10":"product_tag-fazer","11":"product_tag-fazer-blue","12":"product_tag-fazerin-sininen","13":"product_tag-fazerina","14":"product_tag-fazerina-suklaa","15":"product_tag-fazermint","16":"product_tag-finland","17":"product_tag-finnish-chocolate","18":"product_tag-karl-fazer","19":"product_tag-lujo","20":"product_tag-luxury","21":"product_tag-mint","22":"product_tag-mint-truffle","23":"product_tag-minty","24":"product_tag-natural","25":"product_tag-navidad","26":"product_tag-praline","27":"product_tag-suklaa","28":"product_tag-suomi","29":"product_tag-suomi-suklaa","30":"product_tag-trufa","31":"product_tag-truffle","32":"flavor-chocolate","33":"flavor-mint","34":"flavor-wrapped","35":"allergens-gelatin-free","37":"first","38":"instock","39":"taxable","40":"shipping-taxable","41":"purchasable","42":"product-type-simple"},"_links":{"self":[{"href":"https:\/\/godisfabrica.com\/es\/wp-json\/wp\/v2\/product\/17994","targetHints":{"allow":["GET"]}}],"collection":[{"href":"https:\/\/godisfabrica.com\/es\/wp-json\/wp\/v2\/product"}],"about":[{"href":"https:\/\/godisfabrica.com\/es\/wp-json\/wp\/v2\/types\/product"}],"replies":[{"embeddable":true,"href":"https:\/\/godisfabrica.com\/es\/wp-json\/wp\/v2\/comments?post=17994"}],"wp:featuredmedia":[{"embeddable":true,"href":"https:\/\/godisfabrica.com\/es\/wp-json\/wp\/v2\/media\/18095"}],"wp:attachment":[{"href":"https:\/\/godisfabrica.com\/es\/wp-json\/wp\/v2\/media?parent=17994"}],"wp:term":[{"taxonomy":"product_brand","embeddable":true,"href":"https:\/\/godisfabrica.com\/es\/wp-json\/wp\/v2\/product_brand?post=17994"},{"taxonomy":"product_cat","embeddable":true,"href":"https:\/\/godisfabrica.com\/es\/wp-json\/wp\/v2\/product_cat?post=17994"},{"taxonomy":"product_tag","embeddable":true,"href":"https:\/\/godisfabrica.com\/es\/wp-json\/wp\/v2\/product_tag?post=17994"},{"taxonomy":"flavor","embeddable":true,"href":"https:\/\/godisfabrica.com\/es\/wp-json\/wp\/v2\/flavor?post=17994"},{"taxonomy":"allergens","embeddable":true,"href":"https:\/\/godisfabrica.com\/es\/wp-json\/wp\/v2\/allergens?post=17994"}],"curies":[{"name":"wp","href":"https:\/\/api.w.org\/{rel}","templated":true}]}}