{"id":18025,"date":"2025-10-28T08:49:44","date_gmt":"2025-10-28T07:49:44","guid":{"rendered":"https:\/\/godisfabrica.com\/?post_type=product&#038;p=18025"},"modified":"2026-03-25T21:51:25","modified_gmt":"2026-03-25T20:51:25","slug":"violet-pistols","status":"publish","type":"product","link":"https:\/\/godisfabrica.com\/es\/producto\/violet-pistols\/","title":{"rendered":"Pistolas de Violeta"},"content":{"rendered":"<p data-start=\"148\" data-end=\"217\">Pistolas de Violeta \u2013 \u00a1El disparo m\u00e1s dulce de violeta que jam\u00e1s probar\u00e1s!<\/p>\n<p data-start=\"219\" data-end=\"548\">\u00a1Carga, apunta y prep\u00e1rate para saborear la nostalgia! Las Pistolas de Violeta son atrevidas golosinas de gelatina moradas, repletas del inconfundible sabor a violeta: floral, fragante y totalmente adictivo. Suaves, masticables y con forma de peque\u00f1as pistolas de caramelo, son una llegada divertida y original que \u00faltimamente ha conquistado a los m\u00e1s golosos.<\/p>\n<p data-start=\"550\" data-end=\"766\">No te dejes enga\u00f1ar por el delicado color de las Pistolas de Violeta: estas bellezas dan un golpe de sabor elegante y un poquito rebelde. Perfectas para los amantes de los caramelos que disfrutan de dulces con personalidad (y un toque de peligro). Apunta a tus antojos y dispara \u2014 \u00a1las Pistolas de Violeta siempre dan en el blanco del sabor!<\/p>\n<div style=\"display: none;\">\n<h5 style=\"display: none;\">Anillos de Fruta \u00c1cidas<\/h5>\n<h5><img decoding=\"async\" style=\"display: none;\" src=\"https:\/\/godisfabrica.com\/wp-content\/uploads\/2024\/08\/IMG_5948-scaled.jpg\" alt=\"Candy Shop\" \/><\/h5>\n<p style=\"display: none;\">Shop delicious candies at our online candy shop in Spain. Explore a variety of sweets at Godisfabrica and enjoy fast delivery across Spain! &#8220;Shop your favorite candies at our online candy shop in Spain. Fast delivery, wide selection, and sweet deals await. Order now!&#8221; Shop online at Godisfabrica for the best candy in Spain. Discover delicious sweets, fast shipping, and premium quality treats today!<\/p>\n<\/div>\n<div style=\"display: none;\">\n<h5 style=\"display: none;\">Anillos de Fruta \u00c1cidas<\/h5>\n<h5><img decoding=\"async\" style=\"display: none;\" src=\"https:\/\/godisfabrica.com\/wp-content\/uploads\/2024\/08\/IMG_5948-scaled.jpg\" alt=\"Candy Shop\" \/><\/h5>\n<p style=\"display: none;\">Shop delicious candies at our online candy shop in Spain. Explore a variety of sweets at Godisfabrica and enjoy fast delivery across Spain! &#8220;Shop your favorite candies at our online candy shop in Spain. Fast delivery, wide selection, and sweet deals await. Order now!&#8221; Shop online at Godisfabrica for the best candy in Spain. Discover delicious sweets, fast shipping, and premium quality treats today!<\/p>\n<\/div>\n<div style=\"display: none;\">\n<h5 style=\"display: none;\">Anillos de Fruta \u00c1cidas<\/h5>\n<h5><img decoding=\"async\" style=\"display: none;\" src=\"https:\/\/godisfabrica.com\/wp-content\/uploads\/2024\/08\/IMG_5948-scaled.jpg\" alt=\"Candy Shop\" \/><\/h5>\n<p style=\"display: none;\">Shop delicious candies at our online candy shop in Spain. Explore a variety of sweets at Godisfabrica and enjoy fast delivery across Spain! &#8220;Shop your favorite candies at our online candy shop in Spain. Fast delivery, wide selection, and sweet deals await. Order now!&#8221; Shop online at Godisfabrica for the best candy in Spain. Discover delicious sweets, fast shipping, and premium quality treats today!<\/p>\n<\/div>\n<p><img decoding=\"async\" style=\"display: none;\" src=\"https:\/\/godisfabrica.com\/wp-content\/uploads\/2024\/08\/IMG_5948-scaled.jpg\" alt=\"Candy Shop\" \/><\/p>","protected":false},"excerpt":{"rendered":"<p>50g<\/p>","protected":false},"featured_media":18141,"comment_status":"open","ping_status":"closed","template":"","meta":[],"product_brand":[],"product_cat":[225],"product_tag":[1742,1671,1672,1670,440,801,1668,1669,1498,1743,696,552,604,1254,1633,1666,1667,1634,1497,1745,1665,1744,899],"flavor":[411,417,419],"allergens":[],"class_list":{"0":"post-18025","1":"product","2":"type-product","3":"status-publish","4":"has-post-thumbnail","6":"product_cat-pick-mix-candy-godis-fabrica","7":"product_tag-arma","8":"product_tag-candy-gun","9":"product_tag-gelatin","10":"product_tag-gun","11":"product_tag-jelly","12":"product_tag-jelly-candy","13":"product_tag-pistol","14":"product_tag-pistol-candy","15":"product_tag-purple","16":"product_tag-pyssy","17":"product_tag-revolver","18":"product_tag-swedish-candy","19":"product_tag-sweet","20":"product_tag-sweet-candy","21":"product_tag-viol","22":"product_tag-viol-candy","23":"product_tag-viol-pistols","24":"product_tag-viola","25":"product_tag-violet","26":"product_tag-violet-gun","27":"product_tag-violeta","28":"product_tag-violetti","29":"product_tag-wild-berries","30":"flavor-fruity","31":"flavor-jelly","32":"flavor-palm-oil-free","34":"first","35":"instock","36":"taxable","37":"shipping-taxable","38":"purchasable","39":"product-type-simple"},"_links":{"self":[{"href":"https:\/\/godisfabrica.com\/es\/wp-json\/wp\/v2\/product\/18025","targetHints":{"allow":["GET"]}}],"collection":[{"href":"https:\/\/godisfabrica.com\/es\/wp-json\/wp\/v2\/product"}],"about":[{"href":"https:\/\/godisfabrica.com\/es\/wp-json\/wp\/v2\/types\/product"}],"replies":[{"embeddable":true,"href":"https:\/\/godisfabrica.com\/es\/wp-json\/wp\/v2\/comments?post=18025"}],"wp:featuredmedia":[{"embeddable":true,"href":"https:\/\/godisfabrica.com\/es\/wp-json\/wp\/v2\/media\/18141"}],"wp:attachment":[{"href":"https:\/\/godisfabrica.com\/es\/wp-json\/wp\/v2\/media?parent=18025"}],"wp:term":[{"taxonomy":"product_brand","embeddable":true,"href":"https:\/\/godisfabrica.com\/es\/wp-json\/wp\/v2\/product_brand?post=18025"},{"taxonomy":"product_cat","embeddable":true,"href":"https:\/\/godisfabrica.com\/es\/wp-json\/wp\/v2\/product_cat?post=18025"},{"taxonomy":"product_tag","embeddable":true,"href":"https:\/\/godisfabrica.com\/es\/wp-json\/wp\/v2\/product_tag?post=18025"},{"taxonomy":"flavor","embeddable":true,"href":"https:\/\/godisfabrica.com\/es\/wp-json\/wp\/v2\/flavor?post=18025"},{"taxonomy":"allergens","embeddable":true,"href":"https:\/\/godisfabrica.com\/es\/wp-json\/wp\/v2\/allergens?post=18025"}],"curies":[{"name":"wp","href":"https:\/\/api.w.org\/{rel}","templated":true}]}}