{"id":18036,"date":"2025-10-29T11:06:28","date_gmt":"2025-10-29T10:06:28","guid":{"rendered":"https:\/\/godisfabrica.com\/?post_type=product&#038;p=18036"},"modified":"2026-03-04T19:52:35","modified_gmt":"2026-03-04T18:52:35","slug":"salty-liquorice-jungle-roar","status":"publish","type":"product","link":"https:\/\/godisfabrica.com\/es\/producto\/salty-liquorice-jungle-roar\/","title":{"rendered":"Rugido de la Jungla Salmiak"},"content":{"rendered":"<p>Rugido de la Jungla Salmiak (Djungelvr\u00e5l) \u2013 El caramelo n\u00f3rdico que grita!<\/p>\n<p>Ad\u00e9ntrate en la jungla\u2026 si te atreves. Los Rugidos de la Jungla son peque\u00f1os animales de regaliz recubiertos con un polvo salado que golpea tus papilas gustativas como un rugido salvaje entre los \u00e1rboles. La explosi\u00f3n intensa de salmiak desaparece r\u00e1pido, dejando paso a un regaliz masticable con una personalidad m\u00e1s dulce y tranquila \u2014 como descubrir que la bestia de la jungla en realidad es bastante adorable.<\/p>\n<p>En lugar de la saturaci\u00f3n de az\u00facar que ofrecen otros caramelos de regaliz, Jungle Roar apuesta por la dulzura natural de la ra\u00edz de regaliz, ofreci\u00e9ndote una audaz y terrenal aventura de sabor desde el primer mordisco impactante hasta el final m\u00e1s suave. Si tienes valor, coge un pu\u00f1ado y deja que tu boca viva un safari completo. Gritar como Tarz\u00e1n es opcional, aunque lo m\u00e1s probable es que acabes haci\u00e9ndolo.<\/p>\n<div style=\"display: none;\">\n<h5 style=\"display: none;\">Frambuesa de Gelatina<\/h5>\n<h5><img decoding=\"async\" style=\"display: none;\" src=\"https:\/\/godisfabrica.com\/wp-content\/uploads\/2024\/08\/IMG_5948-scaled.jpg\" alt=\"Candy Shop\" \/><\/h5>\n<p style=\"display: none;\">Shop delicious candies at our online candy shop in Spain. Explore a variety of sweets at Godisfabrica and enjoy fast delivery across Spain! &#8220;Shop your favorite candies at our online candy shop in Spain. Fast delivery, wide selection, and sweet deals await. Order now!&#8221; Shop online at Godisfabrica for the best candy in Spain. Discover delicious sweets, fast shipping, and premium quality treats today!<\/p>\n<\/div>\n<div style=\"display: none;\">\n<h5 style=\"display: none;\">Raspberry<\/h5>\n<h5><img decoding=\"async\" style=\"display: none;\" src=\"https:\/\/godisfabrica.com\/wp-content\/uploads\/2024\/08\/IMG_5948-scaled.jpg\" alt=\"Candy Shop\" \/><\/h5>\n<p style=\"display: none;\">Shop delicious candies at our online candy shop in Spain. Explore a variety of sweets at Godisfabrica and enjoy fast delivery across Spain! &#8220;Shop your favorite candies at our online candy shop in Spain. Fast delivery, wide selection, and sweet deals await. Order now!&#8221; Shop online at Godisfabrica for the best candy in Spain. Discover delicious sweets, fast shipping, and premium quality treats today!<\/p>\n<\/div>\n<p><img decoding=\"async\" style=\"display: none;\" src=\"https:\/\/godisfabrica.com\/wp-content\/uploads\/2024\/08\/IMG_5948-scaled.jpg\" alt=\"Candy Shop\" \/><img decoding=\"async\" style=\"display: none;\" src=\"https:\/\/godisfabrica.com\/wp-content\/uploads\/2024\/08\/IMG_5948-scaled.jpg\" alt=\"Candy Shop\" \/><\/p>","protected":false},"excerpt":{"rendered":"<p>50g<\/p>","protected":false},"featured_media":19508,"comment_status":"open","ping_status":"closed","template":"","meta":[],"product_brand":[],"product_cat":[290,225],"product_tag":[1684,799,1685,1353,1675,537,1678,1683,1680,1681,236,529,579,1355,1354,677,1362,1686,732,517,516,1032,561,923,1682,552,291,445,607,1853,1679],"flavor":[413,419,414],"allergens":[426,425],"class_list":{"0":"post-18036","1":"product","2":"type-product","3":"status-publish","4":"has-post-thumbnail","6":"product_cat-vegan-products-godis-fabrica","7":"product_cat-pick-mix-candy-godis-fabrica","8":"product_tag-animal","9":"product_tag-animal-candy","10":"product_tag-animals","11":"product_tag-bold-licorice","12":"product_tag-chuches-salados","13":"product_tag-chuches-veganas","14":"product_tag-djungelvral","15":"product_tag-jungla","16":"product_tag-jungle","17":"product_tag-jungle-roar","18":"product_tag-licorice","19":"product_tag-liquorice","20":"product_tag-malaco","21":"product_tag-pure","22":"product_tag-real-liquorice","23":"product_tag-regaliz","24":"product_tag-regaliz-salado","25":"product_tag-roar","26":"product_tag-salado","27":"product_tag-salmiak","28":"product_tag-salmiakki","29":"product_tag-salta","30":"product_tag-salty","31":"product_tag-salty-liquorice","32":"product_tag-salty-powder","33":"product_tag-swedish-candy","34":"product_tag-vegan","35":"product_tag-vegan-candy","36":"product_tag-vegano","37":"product_tag-vegetal","38":"product_tag-zoo","39":"flavor-liquorice","40":"flavor-palm-oil-free","41":"flavor-salty","42":"allergens-gelatin-free","43":"allergens-vegan","45":"first","46":"instock","47":"taxable","48":"shipping-taxable","49":"purchasable","50":"product-type-simple"},"_links":{"self":[{"href":"https:\/\/godisfabrica.com\/es\/wp-json\/wp\/v2\/product\/18036","targetHints":{"allow":["GET"]}}],"collection":[{"href":"https:\/\/godisfabrica.com\/es\/wp-json\/wp\/v2\/product"}],"about":[{"href":"https:\/\/godisfabrica.com\/es\/wp-json\/wp\/v2\/types\/product"}],"replies":[{"embeddable":true,"href":"https:\/\/godisfabrica.com\/es\/wp-json\/wp\/v2\/comments?post=18036"}],"wp:featuredmedia":[{"embeddable":true,"href":"https:\/\/godisfabrica.com\/es\/wp-json\/wp\/v2\/media\/19508"}],"wp:attachment":[{"href":"https:\/\/godisfabrica.com\/es\/wp-json\/wp\/v2\/media?parent=18036"}],"wp:term":[{"taxonomy":"product_brand","embeddable":true,"href":"https:\/\/godisfabrica.com\/es\/wp-json\/wp\/v2\/product_brand?post=18036"},{"taxonomy":"product_cat","embeddable":true,"href":"https:\/\/godisfabrica.com\/es\/wp-json\/wp\/v2\/product_cat?post=18036"},{"taxonomy":"product_tag","embeddable":true,"href":"https:\/\/godisfabrica.com\/es\/wp-json\/wp\/v2\/product_tag?post=18036"},{"taxonomy":"flavor","embeddable":true,"href":"https:\/\/godisfabrica.com\/es\/wp-json\/wp\/v2\/flavor?post=18036"},{"taxonomy":"allergens","embeddable":true,"href":"https:\/\/godisfabrica.com\/es\/wp-json\/wp\/v2\/allergens?post=18036"}],"curies":[{"name":"wp","href":"https:\/\/api.w.org\/{rel}","templated":true}]}}