{"id":18038,"date":"2025-10-29T11:33:36","date_gmt":"2025-10-29T10:33:36","guid":{"rendered":"https:\/\/godisfabrica.com\/?post_type=product&#038;p=18038"},"modified":"2026-03-27T19:01:32","modified_gmt":"2026-03-27T18:01:32","slug":"orange-crunch-chocolate-bar","status":"publish","type":"product","link":"https:\/\/godisfabrica.com\/es\/producto\/orange-crunch-chocolate-bar\/","title":{"rendered":"Barra de Chocolate con Naranja Crujiente"},"content":{"rendered":"<p>Barra de Chocolate con Naranja Crujiente (Apelsinkrokant) \u2013 \u00a1Chocolate Marabou con crujido y actitud!<\/p>\n<p data-start=\"193\" data-end=\"541\">Prep\u00e1rate, amantes del chocolate: la Barra de Chocolate con Naranja Crujiente Marabou ha llegado para alegrarte el d\u00eda con una explosi\u00f3n dulce de c\u00edtricos y estilo. Este cl\u00e1sico sueco combina el famoso chocolate con leche cremoso de Marabou con crujientes trozos de naranja que chisporrotean, estallan y bailan sobre tus papilas gustativas como peque\u00f1os fuegos artificiales c\u00edtricos.<\/p>\n<p data-start=\"543\" data-end=\"779\">La Barra de Chocolate con Naranja Crujiente es suave, crujiente y sorprendentemente refrescante \u2014 como si alguien susurrara \u201csol\u201d dentro de un chocolate. Perfecta para compartir\u2026 o no. No juzgamos si esta tableta desaparece misteriosamente en cuanto la abres. Todos hemos pasado por eso. Un poco afrutada, un poco caramelizada y absolutamente irresistible, la Barra de Chocolate con Naranja Crujiente Marabou demuestra que el chocolate y la naranja siguen siendo la pareja perfecta del mundo de los dulces.<\/p>\n<div style=\"display: none;\">\n<h5 style=\"display: none;\">Marabou Sea Salt Chocolateh5&gt;<br \/>\n<img decoding=\"async\" style=\"display: none;\" src=\"https:\/\/godisfabrica.com\/wp-content\/uploads\/2024\/08\/IMG_5948-scaled.jpg\" alt=\"Candy Shop\" \/><\/h5>\n<p style=\"display: none;\">Shop delicious candies at our online candy shop in Spain. Explore a variety of sweets at Godisfabrica and enjoy fast delivery across Spain! &#8220;Shop your favorite candies at our online candy shop in Spain. Fast delivery, wide selection, and sweet deals await. Order now!&#8221; Shop online at Godisfabrica for the best candy in Spain. Discover delicious sweets, fast shipping, and premium quality treats today!<\/p>\n<\/div>\n<div style=\"display: none;\">\n<h5 style=\"display: none;\">Marabou Sea Salt Chocolateh5&gt;<br \/>\n<img decoding=\"async\" style=\"display: none;\" src=\"https:\/\/godisfabrica.com\/wp-content\/uploads\/2024\/08\/IMG_5948-scaled.jpg\" alt=\"Candy Shop\" \/><\/h5>\n<p style=\"display: none;\">Shop delicious candies at our online candy shop in Spain. Explore a variety of sweets at Godisfabrica and enjoy fast delivery across Spain! &#8220;Shop your favorite candies at our online candy shop in Spain. Fast delivery, wide selection, and sweet deals await. Order now!&#8221; Shop online at Godisfabrica for the best candy in Spain. Discover delicious sweets, fast shipping, and premium quality treats today!<\/p>\n<\/div>\n<div style=\"display: none;\">\n<h5 style=\"display: none;\">Marabou Sea Salt Chocolateh5&gt;<br \/>\n<img decoding=\"async\" style=\"display: none;\" src=\"https:\/\/godisfabrica.com\/wp-content\/uploads\/2024\/08\/IMG_5948-scaled.jpg\" alt=\"Candy Shop\" \/><\/h5>\n<p style=\"display: none;\">Shop delicious candies at our online candy shop in Spain. Explore a variety of sweets at Godisfabrica and enjoy fast delivery across Spain! &#8220;Shop your favorite candies at our online candy shop in Spain. Fast delivery, wide selection, and sweet deals await. Order now!&#8221; Shop online at Godisfabrica for the best candy in Spain. Discover delicious sweets, fast shipping, and premium quality treats today!<\/p>\n<\/div>\n<p><img decoding=\"async\" style=\"display: none;\" src=\"https:\/\/godisfabrica.com\/wp-content\/uploads\/2024\/08\/IMG_5948-scaled.jpg\" alt=\"Candy Shop\" \/><\/p>","protected":false},"excerpt":{"rendered":"<p>43g<\/p>","protected":false},"featured_media":18199,"comment_status":"open","ping_status":"closed","template":"","meta":[],"product_brand":[],"product_cat":[243,293],"product_tag":[1320,627,1688,574,230,1687,1022,502,1689,499,573,572,625,468,503,497],"flavor":[412,411,422],"allergens":[],"class_list":{"0":"post-18038","1":"product","2":"type-product","3":"status-publish","4":"has-post-thumbnail","6":"product_cat-chocolate-category-godis-fabrica","7":"product_cat-candy-products-godis-fabrica","8":"product_tag-apelsin","9":"product_tag-apelsinchoklad","10":"product_tag-apelsinkrokant","11":"product_tag-appelsiini","12":"product_tag-chocolate","13":"product_tag-chocolate-con-naranja","14":"product_tag-chocolate-tablet","15":"product_tag-marabou","16":"product_tag-marabou-chocolate","17":"product_tag-milk-chocolate","18":"product_tag-naranja","19":"product_tag-orange","20":"product_tag-orange-chocolate","21":"product_tag-original","22":"product_tag-popular","23":"product_tag-swedish-chocolate","24":"flavor-chocolate","25":"flavor-fruity","26":"flavor-wrapped","28":"first","29":"instock","30":"taxable","31":"shipping-taxable","32":"purchasable","33":"product-type-simple"},"_links":{"self":[{"href":"https:\/\/godisfabrica.com\/es\/wp-json\/wp\/v2\/product\/18038","targetHints":{"allow":["GET"]}}],"collection":[{"href":"https:\/\/godisfabrica.com\/es\/wp-json\/wp\/v2\/product"}],"about":[{"href":"https:\/\/godisfabrica.com\/es\/wp-json\/wp\/v2\/types\/product"}],"replies":[{"embeddable":true,"href":"https:\/\/godisfabrica.com\/es\/wp-json\/wp\/v2\/comments?post=18038"}],"wp:featuredmedia":[{"embeddable":true,"href":"https:\/\/godisfabrica.com\/es\/wp-json\/wp\/v2\/media\/18199"}],"wp:attachment":[{"href":"https:\/\/godisfabrica.com\/es\/wp-json\/wp\/v2\/media?parent=18038"}],"wp:term":[{"taxonomy":"product_brand","embeddable":true,"href":"https:\/\/godisfabrica.com\/es\/wp-json\/wp\/v2\/product_brand?post=18038"},{"taxonomy":"product_cat","embeddable":true,"href":"https:\/\/godisfabrica.com\/es\/wp-json\/wp\/v2\/product_cat?post=18038"},{"taxonomy":"product_tag","embeddable":true,"href":"https:\/\/godisfabrica.com\/es\/wp-json\/wp\/v2\/product_tag?post=18038"},{"taxonomy":"flavor","embeddable":true,"href":"https:\/\/godisfabrica.com\/es\/wp-json\/wp\/v2\/flavor?post=18038"},{"taxonomy":"allergens","embeddable":true,"href":"https:\/\/godisfabrica.com\/es\/wp-json\/wp\/v2\/allergens?post=18038"}],"curies":[{"name":"wp","href":"https:\/\/api.w.org\/{rel}","templated":true}]}}