{"id":18066,"date":"2025-10-30T20:30:43","date_gmt":"2025-10-30T19:30:43","guid":{"rendered":"https:\/\/godisfabrica.com\/?post_type=product&#038;p=18066"},"modified":"2026-03-28T17:53:54","modified_gmt":"2026-03-28T16:53:54","slug":"jelly-heart","status":"publish","type":"product","link":"https:\/\/godisfabrica.com\/es\/producto\/jelly-heart\/","title":{"rendered":"Coraz\u00f3n Dulce"},"content":{"rendered":"<p data-start=\"99\" data-end=\"142\">Coraz\u00f3n Dulce \u2013 \u00a1Dulce Amor, Cero Az\u00facar!<\/p>\n<p data-start=\"144\" data-end=\"453\">Enam\u00f3rate del rojo Coraz\u00f3n Dulce, las chuches sin az\u00facar que demuestran que puedes disfrutar de toda la dulzura sin remordimientos. Estos corazones masticables y afrutados est\u00e1n llenos de sabor, de amor\u2026 \u00a1y sin la culpa del az\u00facar! Perfectos para picar a escondidas, compartir con tu crush o a\u00f1adir un toque rom\u00e1ntico a tu d\u00eda.<\/p>\n<p data-start=\"455\" data-end=\"677\">Suaves, masticables e irresistiblemente frutales, los Corazones Dulces son las chuches que dicen \u201cTe \u2764\ufe0f\u201d sin el baj\u00f3n de az\u00facar. Date un capricho, comparte con amigos o sorprende a esa persona especial, porque el amor siempre deber\u00eda ser dulce\u2026 incluso sin az\u00facar.<\/p>\n<div style=\"display: none;\">\n<h5 style=\"display: none;\">Frambuesa de Gelatina<\/h5>\n<h5><img decoding=\"async\" style=\"display: none;\" src=\"https:\/\/godisfabrica.com\/wp-content\/uploads\/2024\/08\/IMG_5948-scaled.jpg\" alt=\"Candy Shop\" \/><\/h5>\n<p style=\"display: none;\">Shop delicious candies at our online candy shop in Spain. Explore a variety of sweets at Godisfabrica and enjoy fast delivery across Spain! &#8220;Shop your favorite candies at our online candy shop in Spain. Fast delivery, wide selection, and sweet deals await. Order now!&#8221; Shop online at Godisfabrica for the best candy in Spain. Discover delicious sweets, fast shipping, and premium quality treats today!<\/p>\n<\/div>\n<div style=\"display: none;\">\n<h5 style=\"display: none;\">Raspberry<\/h5>\n<h5><img decoding=\"async\" style=\"display: none;\" src=\"https:\/\/godisfabrica.com\/wp-content\/uploads\/2024\/08\/IMG_5948-scaled.jpg\" alt=\"Candy Shop\" \/><\/h5>\n<p style=\"display: none;\">Shop delicious candies at our online candy shop in Spain. Explore a variety of sweets at Godisfabrica and enjoy fast delivery across Spain! &#8220;Shop your favorite candies at our online candy shop in Spain. Fast delivery, wide selection, and sweet deals await. Order now!&#8221; Shop online at Godisfabrica for the best candy in Spain. Discover delicious sweets, fast shipping, and premium quality treats today!<\/p>\n<\/div>\n<p><img decoding=\"async\" style=\"display: none;\" src=\"https:\/\/godisfabrica.com\/wp-content\/uploads\/2024\/08\/IMG_5948-scaled.jpg\" alt=\"Candy Shop\" \/><img decoding=\"async\" style=\"display: none;\" src=\"https:\/\/godisfabrica.com\/wp-content\/uploads\/2024\/08\/IMG_5948-scaled.jpg\" alt=\"Candy Shop\" \/><\/p>","protected":false},"excerpt":{"rendered":"<p>8 unidades - 27g<\/p>","protected":false},"featured_media":18138,"comment_status":"open","ping_status":"closed","template":"","meta":[],"product_brand":[],"product_cat":[225],"product_tag":[1169,1275,629,628,1382,1380,1381,1366,229,615,508,540,1205,507,1276,1213,1341,438,439,440,1741,442,702,584,1177,1166,1365,1364],"flavor":[411,417,1269],"allergens":[],"class_list":{"0":"post-18066","1":"product","2":"type-product","3":"status-publish","4":"has-post-thumbnail","6":"product_cat-pick-mix-candy-godis-fabrica","7":"product_tag-amor","8":"product_tag-baya","9":"product_tag-berries","10":"product_tag-berry","11":"product_tag-cereza","12":"product_tag-cherry","13":"product_tag-cherry-taste","14":"product_tag-chuches-sin-azucar","15":"product_tag-fazer","16":"product_tag-fresa","17":"product_tag-fruit","18":"product_tag-fruit-candy","19":"product_tag-fruits","20":"product_tag-fruity","21":"product_tag-frutal","22":"product_tag-frutos","23":"product_tag-gel-candy","24":"product_tag-heart","25":"product_tag-hearts","26":"product_tag-jelly","27":"product_tag-jelly-heart","28":"product_tag-love","29":"product_tag-new","30":"product_tag-red","31":"product_tag-san-valentin","32":"product_tag-san-valentine","33":"product_tag-sin-azucar","34":"product_tag-sugar-free","35":"flavor-fruity","36":"flavor-jelly","37":"flavor-sugar-free","39":"first","40":"instock","41":"taxable","42":"shipping-taxable","43":"purchasable","44":"product-type-simple"},"_links":{"self":[{"href":"https:\/\/godisfabrica.com\/es\/wp-json\/wp\/v2\/product\/18066","targetHints":{"allow":["GET"]}}],"collection":[{"href":"https:\/\/godisfabrica.com\/es\/wp-json\/wp\/v2\/product"}],"about":[{"href":"https:\/\/godisfabrica.com\/es\/wp-json\/wp\/v2\/types\/product"}],"replies":[{"embeddable":true,"href":"https:\/\/godisfabrica.com\/es\/wp-json\/wp\/v2\/comments?post=18066"}],"wp:featuredmedia":[{"embeddable":true,"href":"https:\/\/godisfabrica.com\/es\/wp-json\/wp\/v2\/media\/18138"}],"wp:attachment":[{"href":"https:\/\/godisfabrica.com\/es\/wp-json\/wp\/v2\/media?parent=18066"}],"wp:term":[{"taxonomy":"product_brand","embeddable":true,"href":"https:\/\/godisfabrica.com\/es\/wp-json\/wp\/v2\/product_brand?post=18066"},{"taxonomy":"product_cat","embeddable":true,"href":"https:\/\/godisfabrica.com\/es\/wp-json\/wp\/v2\/product_cat?post=18066"},{"taxonomy":"product_tag","embeddable":true,"href":"https:\/\/godisfabrica.com\/es\/wp-json\/wp\/v2\/product_tag?post=18066"},{"taxonomy":"flavor","embeddable":true,"href":"https:\/\/godisfabrica.com\/es\/wp-json\/wp\/v2\/flavor?post=18066"},{"taxonomy":"allergens","embeddable":true,"href":"https:\/\/godisfabrica.com\/es\/wp-json\/wp\/v2\/allergens?post=18066"}],"curies":[{"name":"wp","href":"https:\/\/api.w.org\/{rel}","templated":true}]}}