{"id":18163,"date":"2025-11-05T23:33:08","date_gmt":"2025-11-05T22:33:08","guid":{"rendered":"https:\/\/godisfabrica.com\/?post_type=product&#038;p=18163"},"modified":"2026-01-15T11:39:15","modified_gmt":"2026-01-15T10:39:15","slug":"hard-raspberry-candy","status":"publish","type":"product","link":"https:\/\/godisfabrica.com\/es\/producto\/hard-raspberry-candy\/","title":{"rendered":"Caramelos Duros de Frambuesa"},"content":{"rendered":"<p data-start=\"137\" data-end=\"212\">Caramelos Duros de Frambuesa \u2013 Gammeldags, los caramelos de frambuesa a la antigua<\/p>\n<p data-start=\"214\" data-end=\"520\">\u00bfRecuerdas los caramelos como eran antes? Los Caramelos Duros de Frambuesa son un cl\u00e1sico sueco que llevan el aut\u00e9ntico sabor a frambuesa de toda la vida directamente a tus papilas. Estos caramelos duros no solo son dulces, sino que son un viaje nost\u00e1lgico a tiempos m\u00e1s sencillos, cuando los botes de caramelos siempre estaban llenos y los subidones de az\u00facar eran gloriosos.<\/p>\n<p data-start=\"522\" data-end=\"793\">Cada Caramelo Duro de Frambuesa ofrece una explosi\u00f3n de sabor agridulce a frambuesa, elaborado de manera tradicional, con un crujido tan satisfactorio que casi olvidar\u00e1s el m\u00f3vil. Perfectos para picar, compartir o simplemente imaginar que est\u00e1s en un acogedor pueblo sueco de los a\u00f1os 50.<\/p>\n<div style=\"display: none;\">\n<h5 style=\"display: none;\">Anillos de Fruta \u00c1cidas<\/h5>\n<h5><img decoding=\"async\" style=\"display: none;\" src=\"https:\/\/godisfabrica.com\/wp-content\/uploads\/2024\/08\/IMG_5948-scaled.jpg\" alt=\"Candy Shop\" \/><\/h5>\n<p style=\"display: none;\">Shop delicious candies at our online candy shop in Spain. Explore a variety of sweets at Godisfabrica and enjoy fast delivery across Spain! &#8220;Shop your favorite candies at our online candy shop in Spain. Fast delivery, wide selection, and sweet deals await. Order now!&#8221; Shop online at Godisfabrica for the best candy in Spain. Discover delicious sweets, fast shipping, and premium quality treats today!<\/p>\n<\/div>\n<div style=\"display: none;\">\n<h5 style=\"display: none;\">Anillos de Fruta \u00c1cidas<\/h5>\n<h5><img decoding=\"async\" style=\"display: none;\" src=\"https:\/\/godisfabrica.com\/wp-content\/uploads\/2024\/08\/IMG_5948-scaled.jpg\" alt=\"Candy Shop\" \/><\/h5>\n<p style=\"display: none;\">Shop delicious candies at our online candy shop in Spain. Explore a variety of sweets at Godisfabrica and enjoy fast delivery across Spain! &#8220;Shop your favorite candies at our online candy shop in Spain. Fast delivery, wide selection, and sweet deals await. Order now!&#8221; Shop online at Godisfabrica for the best candy in Spain. Discover delicious sweets, fast shipping, and premium quality treats today!<\/p>\n<\/div>\n<div style=\"display: none;\">\n<h5 style=\"display: none;\">Anillos de Fruta \u00c1cidas<\/h5>\n<h5><img decoding=\"async\" style=\"display: none;\" src=\"https:\/\/godisfabrica.com\/wp-content\/uploads\/2024\/08\/IMG_5948-scaled.jpg\" alt=\"Candy Shop\" \/><\/h5>\n<p style=\"display: none;\">Shop delicious candies at our online candy shop in Spain. Explore a variety of sweets at Godisfabrica and enjoy fast delivery across Spain! &#8220;Shop your favorite candies at our online candy shop in Spain. Fast delivery, wide selection, and sweet deals await. Order now!&#8221; Shop online at Godisfabrica for the best candy in Spain. Discover delicious sweets, fast shipping, and premium quality treats today!<\/p>\n<\/div>\n<p><img decoding=\"async\" style=\"display: none;\" src=\"https:\/\/godisfabrica.com\/wp-content\/uploads\/2024\/08\/IMG_5948-scaled.jpg\" alt=\"Candy Shop\" \/><\/p>","protected":false},"excerpt":{"rendered":"<p>50g<\/p>","protected":false},"featured_media":18172,"comment_status":"open","ping_status":"closed","template":"","meta":[],"product_brand":[],"product_cat":[225],"product_tag":[731,862,553,1523,629,628,1652,1189,950,631,1648,592,1259,924,1650,446,1651,1521,1649,552],"flavor":[411,1327],"allergens":[],"class_list":{"0":"post-18163","1":"product","2":"type-product","3":"status-publish","4":"has-post-thumbnail","6":"product_cat-pick-mix-candy-godis-fabrica","7":"product_tag-acido","8":"product_tag-arando","9":"product_tag-balls","10":"product_tag-bayas","11":"product_tag-berries","12":"product_tag-berry","13":"product_tag-chuches-de-frambuesa","14":"product_tag-chupar","15":"product_tag-duro","16":"product_tag-frambuesa","17":"product_tag-grahns","18":"product_tag-grahns-konfektyr","19":"product_tag-hard","20":"product_tag-hard-candy","21":"product_tag-piedra","22":"product_tag-raspberry","23":"product_tag-raspberry-candy","24":"product_tag-rock","25":"product_tag-rocks","26":"product_tag-swedish-candy","27":"flavor-fruity","28":"flavor-hard-candy","30":"first","31":"instock","32":"taxable","33":"shipping-taxable","34":"purchasable","35":"product-type-simple"},"_links":{"self":[{"href":"https:\/\/godisfabrica.com\/es\/wp-json\/wp\/v2\/product\/18163","targetHints":{"allow":["GET"]}}],"collection":[{"href":"https:\/\/godisfabrica.com\/es\/wp-json\/wp\/v2\/product"}],"about":[{"href":"https:\/\/godisfabrica.com\/es\/wp-json\/wp\/v2\/types\/product"}],"replies":[{"embeddable":true,"href":"https:\/\/godisfabrica.com\/es\/wp-json\/wp\/v2\/comments?post=18163"}],"wp:featuredmedia":[{"embeddable":true,"href":"https:\/\/godisfabrica.com\/es\/wp-json\/wp\/v2\/media\/18172"}],"wp:attachment":[{"href":"https:\/\/godisfabrica.com\/es\/wp-json\/wp\/v2\/media?parent=18163"}],"wp:term":[{"taxonomy":"product_brand","embeddable":true,"href":"https:\/\/godisfabrica.com\/es\/wp-json\/wp\/v2\/product_brand?post=18163"},{"taxonomy":"product_cat","embeddable":true,"href":"https:\/\/godisfabrica.com\/es\/wp-json\/wp\/v2\/product_cat?post=18163"},{"taxonomy":"product_tag","embeddable":true,"href":"https:\/\/godisfabrica.com\/es\/wp-json\/wp\/v2\/product_tag?post=18163"},{"taxonomy":"flavor","embeddable":true,"href":"https:\/\/godisfabrica.com\/es\/wp-json\/wp\/v2\/flavor?post=18163"},{"taxonomy":"allergens","embeddable":true,"href":"https:\/\/godisfabrica.com\/es\/wp-json\/wp\/v2\/allergens?post=18163"}],"curies":[{"name":"wp","href":"https:\/\/api.w.org\/{rel}","templated":true}]}}