{"id":18174,"date":"2025-11-06T19:52:56","date_gmt":"2025-11-06T18:52:56","guid":{"rendered":"https:\/\/godisfabrica.com\/?post_type=product&#038;p=18174"},"modified":"2026-04-05T06:39:40","modified_gmt":"2026-04-05T04:39:40","slug":"plum-madeira-marzipan-box","status":"publish","type":"product","link":"https:\/\/godisfabrica.com\/es\/producto\/plum-madeira-marzipan-box\/","title":{"rendered":"Caja de Mazap\u00e1n con Ciruela y Madeira"},"content":{"rendered":"<p data-start=\"0\" data-end=\"76\">Anthon Berg Caja de Mazap\u00e1n con Ciruela y Madeira \u2013 \u00a1Un capricho adulto que merece la pena probar!<\/p>\n<p data-start=\"78\" data-end=\"391\">Deja a un lado los chocolates corrientes: la Caja de Mazap\u00e1n con Ciruela y Madeira de Anthon Berg llega para demostrar c\u00f3mo se disfruta un tentempi\u00e9 con verdadera sofisticaci\u00f3n. Imagina ciruelas jugosas y maduras mezcladas con mazap\u00e1n, ba\u00f1adas en rico vino de Madeira y envueltas en sedoso chocolate negro. \u00bfEl resultado? Un peque\u00f1o bocado decadente que sabe a lujo, elegancia y, quiz\u00e1, un toque de picard\u00eda.<\/p>\n<p data-start=\"393\" data-end=\"634\">Cada pieza ofrece un equilibrio perfecto entre dulzor afrutado, la intensidad del chocolate negro y ese inconfundible toque del vino de Madeira portugu\u00e9s \u2014un postre que susurra: \u201ceres demasiado elegante para los dulces normales\u201d.<\/p>\n<p data-start=\"636\" data-end=\"821\">Ahora disponible en formato caja completa, ideal para los verdaderos amantes de los dulces Anthon Berg. Perfecta para despu\u00e9s de una comida, para regalar o para impresionar a tus invitados sin esfuerzo.<\/p>\n<div style=\"display: none;\">\n<h5 style=\"display: none;\">Marabou Sea Salt Chocolateh5&gt;<br \/>\n<img decoding=\"async\" style=\"display: none;\" src=\"https:\/\/godisfabrica.com\/wp-content\/uploads\/2024\/08\/IMG_5948-scaled.jpg\" alt=\"Candy Shop\" \/><\/h5>\n<p style=\"display: none;\">Shop delicious candies at our online candy shop in Spain. Explore a variety of sweets at Godisfabrica and enjoy fast delivery across Spain! &#8220;Shop your favorite candies at our online candy shop in Spain. Fast delivery, wide selection, and sweet deals await. Order now!&#8221; Shop online at Godisfabrica for the best candy in Spain. Discover delicious sweets, fast shipping, and premium quality treats today!<\/p>\n<\/div>\n<div style=\"display: none;\">\n<h5 style=\"display: none;\">Marabou Sea Salt Chocolateh5&gt;<br \/>\n<img decoding=\"async\" style=\"display: none;\" src=\"https:\/\/godisfabrica.com\/wp-content\/uploads\/2024\/08\/IMG_5948-scaled.jpg\" alt=\"Candy Shop\" \/><\/h5>\n<p style=\"display: none;\">Shop delicious candies at our online candy shop in Spain. Explore a variety of sweets at Godisfabrica and enjoy fast delivery across Spain! &#8220;Shop your favorite candies at our online candy shop in Spain. Fast delivery, wide selection, and sweet deals await. Order now!&#8221; Shop online at Godisfabrica for the best candy in Spain. Discover delicious sweets, fast shipping, and premium quality treats today!<\/p>\n<\/div>\n<div style=\"display: none;\">\n<h5 style=\"display: none;\">Marabou Sea Salt Chocolateh5&gt;<br \/>\n<img decoding=\"async\" style=\"display: none;\" src=\"https:\/\/godisfabrica.com\/wp-content\/uploads\/2024\/08\/IMG_5948-scaled.jpg\" alt=\"Candy Shop\" \/><\/h5>\n<p style=\"display: none;\">Shop delicious candies at our online candy shop in Spain. Explore a variety of sweets at Godisfabrica and enjoy fast delivery across Spain! &#8220;Shop your favorite candies at our online candy shop in Spain. Fast delivery, wide selection, and sweet deals await. Order now!&#8221; Shop online at Godisfabrica for the best candy in Spain. Discover delicious sweets, fast shipping, and premium quality treats today!<\/p>\n<\/div>\n<p><img decoding=\"async\" style=\"display: none;\" src=\"https:\/\/godisfabrica.com\/wp-content\/uploads\/2024\/08\/IMG_5948-scaled.jpg\" alt=\"Candy Shop\" \/><\/p>","protected":false},"excerpt":{"rendered":"<p>220g<\/p>","protected":false},"featured_media":18178,"comment_status":"open","ping_status":"closed","template":"","meta":[],"product_brand":[],"product_cat":[293,243],"product_tag":[1768,1770,1161,1160,1792,230,1559,1144,1793,1145,1158,1775,773,1139,1135,1772,1776,1771,1769,1146,622,468,1774,1773,503,1778,1777],"flavor":[412,422],"allergens":[],"class_list":{"0":"post-18174","1":"product","2":"type-product","3":"status-publish","4":"has-post-thumbnail","6":"product_cat-candy-products-godis-fabrica","7":"product_cat-chocolate-category-godis-fabrica","8":"product_tag-anthon-berg","9":"product_tag-barra-de-marzipan","10":"product_tag-box","11":"product_tag-caja","12":"product_tag-caja-navidad","13":"product_tag-chocolate","14":"product_tag-chocolate-negro","15":"product_tag-christmas","16":"product_tag-christmas-box","17":"product_tag-christmas-candy","18":"product_tag-christmas-chocolate","19":"product_tag-circuela","20":"product_tag-dark-chocolate","21":"product_tag-lujo","22":"product_tag-luxury","23":"product_tag-luxury-candy","24":"product_tag-madeira","25":"product_tag-marsipaani","26":"product_tag-marzipan","27":"product_tag-navidad","28":"product_tag-negro","29":"product_tag-original","30":"product_tag-plum","31":"product_tag-plum-madeira-marzipan","32":"product_tag-popular","33":"product_tag-vine","34":"product_tag-wine","35":"flavor-chocolate","36":"flavor-wrapped","38":"first","39":"instock","40":"sale","41":"taxable","42":"shipping-taxable","43":"purchasable","44":"product-type-simple"},"_links":{"self":[{"href":"https:\/\/godisfabrica.com\/es\/wp-json\/wp\/v2\/product\/18174","targetHints":{"allow":["GET"]}}],"collection":[{"href":"https:\/\/godisfabrica.com\/es\/wp-json\/wp\/v2\/product"}],"about":[{"href":"https:\/\/godisfabrica.com\/es\/wp-json\/wp\/v2\/types\/product"}],"replies":[{"embeddable":true,"href":"https:\/\/godisfabrica.com\/es\/wp-json\/wp\/v2\/comments?post=18174"}],"wp:featuredmedia":[{"embeddable":true,"href":"https:\/\/godisfabrica.com\/es\/wp-json\/wp\/v2\/media\/18178"}],"wp:attachment":[{"href":"https:\/\/godisfabrica.com\/es\/wp-json\/wp\/v2\/media?parent=18174"}],"wp:term":[{"taxonomy":"product_brand","embeddable":true,"href":"https:\/\/godisfabrica.com\/es\/wp-json\/wp\/v2\/product_brand?post=18174"},{"taxonomy":"product_cat","embeddable":true,"href":"https:\/\/godisfabrica.com\/es\/wp-json\/wp\/v2\/product_cat?post=18174"},{"taxonomy":"product_tag","embeddable":true,"href":"https:\/\/godisfabrica.com\/es\/wp-json\/wp\/v2\/product_tag?post=18174"},{"taxonomy":"flavor","embeddable":true,"href":"https:\/\/godisfabrica.com\/es\/wp-json\/wp\/v2\/flavor?post=18174"},{"taxonomy":"allergens","embeddable":true,"href":"https:\/\/godisfabrica.com\/es\/wp-json\/wp\/v2\/allergens?post=18174"}],"curies":[{"name":"wp","href":"https:\/\/api.w.org\/{rel}","templated":true}]}}