{"id":18580,"date":"2025-11-24T18:21:08","date_gmt":"2025-11-24T17:21:08","guid":{"rendered":"https:\/\/godisfabrica.com\/?post_type=product&#038;p=18580"},"modified":"2026-04-08T23:44:18","modified_gmt":"2026-04-08T21:44:18","slug":"super-tag-sour-powder","status":"publish","type":"product","link":"https:\/\/godisfabrica.com\/es\/producto\/super-tag-sour-powder\/","title":{"rendered":"Super Tag Polvo \u00c1cido"},"content":{"rendered":"<p data-start=\"0\" data-end=\"206\">Super Tag Polvo \u00c1cido (S-M\u00e4rke Pulver) \u2013 \u00a1Sour it UP!<\/p>\n<p data-start=\"0\" data-end=\"206\">\u00bfAlguna vez has arrasado con una bolsa de caramelos \u00e1cidos y has pensado: \u201cOlv\u00eddate del caramelo\u2026 \u00a1dame solo lo \u00c1CIDO!\u201d? Pues enhorabuena, temerario del paladar: ha llegado tu momento. Conoce Super Tag Polvo \u00c1cido, el sue\u00f1o \u2014o la pesadilla\u2014 definitiva para cualquier amante de lo \u00e1cido, seg\u00fan lo valiente que seas. Este polvo electrificante es b\u00e1sicamente caos \u00e1cido puro en un peque\u00f1o tubo, creado para quienes creen que los caramelos \u00e1cidos normales son \u201cgraciosos\u201d.<\/p>\n<p data-start=\"554\" data-end=\"643\">Super Tag Polvo \u00c1cido es un golpe de sabor tan potente que quiz\u00e1 te haga replantearte tus decisiones vitales.. y aun as\u00ed volver a por m\u00e1s. Es el toque perfecto para caramelos, bebidas, reposter\u00eda, bromas.. o simplemente para ech\u00e1rtelo directamente en la boca como la leyenda que eres.<\/p>\n<p data-start=\"771\" data-end=\"921\">Si eres de los que buscan ese chute \u00e1cido que hace hormiguear la lengua, fruncir los labios y mandar ondas de choque por toda la boca, entonces este Super Sour Powder ser\u00e1 tu nuevo mejor amigo. Atr\u00e9vete t\u00fa.. o reta a tus amigos. Solo.. mejor no lo huelas.<\/p>\n<div style=\"display: none;\">\n<h5 style=\"display: none;\">Frambuesa de Gelatina<\/h5>\n<h5><img decoding=\"async\" style=\"display: none;\" src=\"https:\/\/godisfabrica.com\/wp-content\/uploads\/2024\/08\/IMG_5948-scaled.jpg\" alt=\"Candy Shop\" \/><\/h5>\n<p style=\"display: none;\">Shop delicious candies at our online candy shop in Spain. Explore a variety of sweets at Godisfabrica and enjoy fast delivery across Spain! &#8220;Shop your favorite candies at our online candy shop in Spain. Fast delivery, wide selection, and sweet deals await. Order now!&#8221; Shop online at Godisfabrica for the best candy in Spain. Discover delicious sweets, fast shipping, and premium quality treats today!<\/p>\n<\/div>\n<div style=\"display: none;\">\n<h5 style=\"display: none;\">Raspberry<\/h5>\n<h5><img decoding=\"async\" style=\"display: none;\" src=\"https:\/\/godisfabrica.com\/wp-content\/uploads\/2024\/08\/IMG_5948-scaled.jpg\" alt=\"Candy Shop\" \/><\/h5>\n<p style=\"display: none;\">Shop delicious candies at our online candy shop in Spain. Explore a variety of sweets at Godisfabrica and enjoy fast delivery across Spain! &#8220;Shop your favorite candies at our online candy shop in Spain. Fast delivery, wide selection, and sweet deals await. Order now!&#8221; Shop online at Godisfabrica for the best candy in Spain. Discover delicious sweets, fast shipping, and premium quality treats today!<\/p>\n<\/div>\n<p><img decoding=\"async\" style=\"display: none;\" src=\"https:\/\/godisfabrica.com\/wp-content\/uploads\/2024\/08\/IMG_5948-scaled.jpg\" alt=\"Candy Shop\" \/><img decoding=\"async\" style=\"display: none;\" src=\"https:\/\/godisfabrica.com\/wp-content\/uploads\/2024\/08\/IMG_5948-scaled.jpg\" alt=\"Candy Shop\" \/><\/p>","protected":false},"excerpt":{"rendered":"<p>50g<\/p>","protected":false},"featured_media":18208,"comment_status":"open","ping_status":"closed","template":"","meta":[],"product_brand":[],"product_cat":[225,293,290],"product_tag":[1828,1128,731,1832,1278,1277,601,1851,1110,1829,1809,925,1782,1827,1781,1830,956,435,585,1826,1279,1831,1833,291],"flavor":[419,415,422],"allergens":[426,428,427,425],"class_list":{"0":"post-18580","1":"product","2":"type-product","3":"status-publish","4":"has-post-thumbnail","6":"product_cat-pick-mix-candy-godis-fabrica","7":"product_cat-candy-products-godis-fabrica","8":"product_cat-vegan-products-godis-fabrica","9":"product_tag-acid","10":"product_tag-acida","11":"product_tag-acido","12":"product_tag-bolda-de-polvo","13":"product_tag-bolsa","14":"product_tag-candy-bag","15":"product_tag-candy-people","16":"product_tag-chapa","17":"product_tag-chuches-acidas","18":"product_tag-malic","19":"product_tag-muy-acida","20":"product_tag-muy-acido","21":"product_tag-polvo","22":"product_tag-polvo-acida","23":"product_tag-powder","24":"product_tag-powder-bag","25":"product_tag-s-marke","26":"product_tag-sour","27":"product_tag-sour-candy","28":"product_tag-sour-powder","29":"product_tag-super-tag","30":"product_tag-tube","31":"product_tag-tubo-de-polvo","32":"product_tag-vegan","33":"flavor-palm-oil-free","34":"flavor-sour","35":"flavor-wrapped","36":"allergens-gelatin-free","37":"allergens-gluten-free","38":"allergens-lactose-free","39":"allergens-vegan","41":"first","42":"instock","43":"taxable","44":"shipping-taxable","45":"purchasable","46":"product-type-simple"},"_links":{"self":[{"href":"https:\/\/godisfabrica.com\/es\/wp-json\/wp\/v2\/product\/18580","targetHints":{"allow":["GET"]}}],"collection":[{"href":"https:\/\/godisfabrica.com\/es\/wp-json\/wp\/v2\/product"}],"about":[{"href":"https:\/\/godisfabrica.com\/es\/wp-json\/wp\/v2\/types\/product"}],"replies":[{"embeddable":true,"href":"https:\/\/godisfabrica.com\/es\/wp-json\/wp\/v2\/comments?post=18580"}],"wp:featuredmedia":[{"embeddable":true,"href":"https:\/\/godisfabrica.com\/es\/wp-json\/wp\/v2\/media\/18208"}],"wp:attachment":[{"href":"https:\/\/godisfabrica.com\/es\/wp-json\/wp\/v2\/media?parent=18580"}],"wp:term":[{"taxonomy":"product_brand","embeddable":true,"href":"https:\/\/godisfabrica.com\/es\/wp-json\/wp\/v2\/product_brand?post=18580"},{"taxonomy":"product_cat","embeddable":true,"href":"https:\/\/godisfabrica.com\/es\/wp-json\/wp\/v2\/product_cat?post=18580"},{"taxonomy":"product_tag","embeddable":true,"href":"https:\/\/godisfabrica.com\/es\/wp-json\/wp\/v2\/product_tag?post=18580"},{"taxonomy":"flavor","embeddable":true,"href":"https:\/\/godisfabrica.com\/es\/wp-json\/wp\/v2\/flavor?post=18580"},{"taxonomy":"allergens","embeddable":true,"href":"https:\/\/godisfabrica.com\/es\/wp-json\/wp\/v2\/allergens?post=18580"}],"curies":[{"name":"wp","href":"https:\/\/api.w.org\/{rel}","templated":true}]}}