{"id":18672,"date":"2025-12-05T13:28:21","date_gmt":"2025-12-05T12:28:21","guid":{"rendered":"https:\/\/godisfabrica.com\/?post_type=product&#038;p=18672"},"modified":"2026-04-05T14:01:43","modified_gmt":"2026-04-05T12:01:43","slug":"fazermint-truffle-box","status":"publish","type":"product","link":"https:\/\/godisfabrica.com\/es\/producto\/fazermint-truffle-box\/","title":{"rendered":"Caja de Chocolate Trufa de Menta"},"content":{"rendered":"<p data-start=\"167\" data-end=\"246\">Caja de Chocolate Trufa de Menta \u2013 \u00a1Fresco, elegante e irresistiblemente chocolatado!<\/p>\n<p data-start=\"248\" data-end=\"483\">\u00bfBuscas un capricho tan suave como tus mejores pasos de baile? Te presentamos la Caja Fazermint Truffle: pralines de chocolate con leche, sedosos y deliciosos, rellenos de un refrescante coraz\u00f3n de trufa de menta que har\u00e1 que tus papilas gustativas canten (probablemente en fin\u00e9s).<\/p>\n<p data-start=\"485\" data-end=\"757\">Estos peque\u00f1os bocados de lujo, presentados en una preciosa caja verde menta, son perfectos para compartir\u2026 o, bueno, para no compartir. Los chocolates Fazermint son ideales para cualquier ocasi\u00f3n: desde reuniones familiares hasta esos tentempi\u00e9s secretos de medianoche.<\/p>\n<p data-start=\"759\" data-end=\"939\">Elaborados con cacao de origen responsable y la legendaria maestr\u00eda finlandesa de Fazer, cada trufa ofrece el equilibrio perfecto entre la frescura de la menta y el chocolate con leche que se derrite en la boca.<\/p>\n<div style=\"display: none;\">\n<h5 style=\"display: none;\">Frambuesa de Gelatina<\/h5>\n<h5><img decoding=\"async\" style=\"display: none;\" src=\"https:\/\/godisfabrica.com\/wp-content\/uploads\/2024\/08\/IMG_5948-scaled.jpg\" alt=\"Candy Shop\" \/><\/h5>\n<p style=\"display: none;\">Shop delicious candies at our online candy shop in Spain. Explore a variety of sweets at Godisfabrica and enjoy fast delivery across Spain! &#8220;Shop your favorite candies at our online candy shop in Spain. Fast delivery, wide selection, and sweet deals await. Order now!&#8221; Shop online at Godisfabrica for the best candy in Spain. Discover delicious sweets, fast shipping, and premium quality treats today!<\/p>\n<\/div>\n<p><img decoding=\"async\" style=\"display: none;\" src=\"https:\/\/godisfabrica.com\/wp-content\/uploads\/2024\/08\/IMG_5948-scaled.jpg\" alt=\"Candy Shop\" \/><img decoding=\"async\" style=\"display: none;\" src=\"https:\/\/godisfabrica.com\/wp-content\/uploads\/2024\/08\/IMG_5948-scaled.jpg\" alt=\"Candy Shop\" \/><img decoding=\"async\" style=\"display: none;\" src=\"https:\/\/godisfabrica.com\/wp-content\/uploads\/2024\/08\/IMG_5948-scaled.jpg\" alt=\"Candy Shop\" \/><img decoding=\"async\" style=\"display: none;\" src=\"https:\/\/godisfabrica.com\/wp-content\/uploads\/2024\/08\/IMG_5948-scaled.jpg\" alt=\"Candy Shop\" \/><\/p>","protected":false},"excerpt":{"rendered":"<p>228g<\/p>","protected":false},"featured_media":18673,"comment_status":"open","ping_status":"closed","template":"","meta":[],"product_brand":[],"product_cat":[243,293],"product_tag":[230,1158,229,467,1424,571,1579,1636,1001,469,1425,1139,1135,460,1637,722,1348,1146,1525,570,1356,1419,1235,484],"flavor":[412,420,422],"allergens":[],"class_list":{"0":"post-18672","1":"product","2":"type-product","3":"status-publish","4":"has-post-thumbnail","6":"product_cat-chocolate-category-godis-fabrica","7":"product_cat-candy-products-godis-fabrica","8":"product_tag-chocolate","9":"product_tag-christmas-chocolate","10":"product_tag-fazer","11":"product_tag-fazer-blue","12":"product_tag-fazerin-sininen","13":"product_tag-fazerina","14":"product_tag-fazerina-suklaa","15":"product_tag-fazermint","16":"product_tag-finland","17":"product_tag-finnish-chocolate","18":"product_tag-karl-fazer","19":"product_tag-lujo","20":"product_tag-luxury","21":"product_tag-mint","22":"product_tag-mint-truffle","23":"product_tag-minty","24":"product_tag-natural","25":"product_tag-navidad","26":"product_tag-praline","27":"product_tag-suklaa","28":"product_tag-suomi","29":"product_tag-suomi-suklaa","30":"product_tag-trufa","31":"product_tag-truffle","32":"flavor-chocolate","33":"flavor-mint","34":"flavor-wrapped","36":"first","37":"instock","38":"sale","39":"taxable","40":"shipping-taxable","41":"purchasable","42":"product-type-simple"},"_links":{"self":[{"href":"https:\/\/godisfabrica.com\/es\/wp-json\/wp\/v2\/product\/18672","targetHints":{"allow":["GET"]}}],"collection":[{"href":"https:\/\/godisfabrica.com\/es\/wp-json\/wp\/v2\/product"}],"about":[{"href":"https:\/\/godisfabrica.com\/es\/wp-json\/wp\/v2\/types\/product"}],"replies":[{"embeddable":true,"href":"https:\/\/godisfabrica.com\/es\/wp-json\/wp\/v2\/comments?post=18672"}],"wp:featuredmedia":[{"embeddable":true,"href":"https:\/\/godisfabrica.com\/es\/wp-json\/wp\/v2\/media\/18673"}],"wp:attachment":[{"href":"https:\/\/godisfabrica.com\/es\/wp-json\/wp\/v2\/media?parent=18672"}],"wp:term":[{"taxonomy":"product_brand","embeddable":true,"href":"https:\/\/godisfabrica.com\/es\/wp-json\/wp\/v2\/product_brand?post=18672"},{"taxonomy":"product_cat","embeddable":true,"href":"https:\/\/godisfabrica.com\/es\/wp-json\/wp\/v2\/product_cat?post=18672"},{"taxonomy":"product_tag","embeddable":true,"href":"https:\/\/godisfabrica.com\/es\/wp-json\/wp\/v2\/product_tag?post=18672"},{"taxonomy":"flavor","embeddable":true,"href":"https:\/\/godisfabrica.com\/es\/wp-json\/wp\/v2\/flavor?post=18672"},{"taxonomy":"allergens","embeddable":true,"href":"https:\/\/godisfabrica.com\/es\/wp-json\/wp\/v2\/allergens?post=18672"}],"curies":[{"name":"wp","href":"https:\/\/api.w.org\/{rel}","templated":true}]}}