{"id":18995,"date":"2026-01-14T16:41:41","date_gmt":"2026-01-14T15:41:41","guid":{"rendered":"https:\/\/godisfabrica.com\/?post_type=product&#038;p=18995"},"modified":"2026-04-18T18:26:51","modified_gmt":"2026-04-18T16:26:51","slug":"super-tag-salty-bag","status":"publish","type":"product","link":"https:\/\/godisfabrica.com\/es\/producto\/super-tag-salty-bag\/","title":{"rendered":"Bolsa de Chapa Super Salada"},"content":{"rendered":"<p data-start=\"105\" data-end=\"166\">Bolsa de Chapa Super Salada (S-M\u00e4rke) \u2013 Salada, Sorprendente y S\u00faper adictiva.<\/p>\n<p data-start=\"168\" data-end=\"403\">Vestidos de un misterioso color negro medianoche, estos rebeldes salados llegan para sacudir tus papilas gustativas. Marcados con una \u201cS\u201d de Salado, Sorprendente y S\u00faper adictivo, ofrecen un sabor n\u00f3rdico intenso que no es para los golosos casuales. Estas peque\u00f1as etiquetas de locura n\u00f3rdica sirven una salinidad ex\u00f3tica que no es apta para bocas t\u00edmidas.<\/p>\n<p data-start=\"405\" data-end=\"597\">Hechos por Candy People de Suecia (fundada en 1982), creen que \u201cprobar es creer\u201d \u2014 y tras un solo bocado, creer\u00e1s en la magia de los caramelos salados. Perfectos para amantes del regaliz y atrevidos del sabor por igual. Ideales para aventureros, fans del regaliz y cualquiera que piense que los caramelos normales son cosa de aficionados. Pueden provocar confusi\u00f3n, antojos y un intenso despertar de sabor.<\/p>\n<div style=\"display: none;\">\n<h5 style=\"display: none;\">Frambuesa de Gelatina<\/h5>\n<h5><img decoding=\"async\" style=\"display: none;\" src=\"https:\/\/godisfabrica.com\/wp-content\/uploads\/2024\/08\/IMG_5948-scaled.jpg\" alt=\"Candy Shop\" \/><\/h5>\n<p style=\"display: none;\">Shop delicious candies at our online candy shop in Spain. Explore a variety of sweets at Godisfabrica and enjoy fast delivery across Spain! &#8220;Shop your favorite candies at our online candy shop in Spain. Fast delivery, wide selection, and sweet deals await. Order now!&#8221; Shop online at Godisfabrica for the best candy in Spain. Discover delicious sweets, fast shipping, and premium quality treats today!<\/p>\n<\/div>\n<div style=\"display: none;\">\n<h5 style=\"display: none;\">Raspberry<\/h5>\n<h5><img decoding=\"async\" style=\"display: none;\" src=\"https:\/\/godisfabrica.com\/wp-content\/uploads\/2024\/08\/IMG_5948-scaled.jpg\" alt=\"Candy Shop\" \/><\/h5>\n<p style=\"display: none;\">Shop delicious candies at our online candy shop in Spain. Explore a variety of sweets at Godisfabrica and enjoy fast delivery across Spain! &#8220;Shop your favorite candies at our online candy shop in Spain. Fast delivery, wide selection, and sweet deals await. Order now!&#8221; Shop online at Godisfabrica for the best candy in Spain. Discover delicious sweets, fast shipping, and premium quality treats today!<\/p>\n<\/div>\n<p><img decoding=\"async\" style=\"display: none;\" src=\"https:\/\/godisfabrica.com\/wp-content\/uploads\/2024\/08\/IMG_5948-scaled.jpg\" alt=\"Candy Shop\" \/><img decoding=\"async\" style=\"display: none;\" src=\"https:\/\/godisfabrica.com\/wp-content\/uploads\/2024\/08\/IMG_5948-scaled.jpg\" alt=\"Candy Shop\" \/><\/p>","protected":false},"excerpt":{"rendered":"<p>80g<\/p>","protected":false},"featured_media":18996,"comment_status":"open","ping_status":"closed","template":"","meta":[],"product_brand":[],"product_cat":[293],"product_tag":[1128,731,1281,601,1851,1110,236,529,958,956,561,923,957,955,922,1279,552,618],"flavor":[413,414],"allergens":[],"class_list":{"0":"post-18995","1":"product","2":"type-product","3":"status-publish","4":"has-post-thumbnail","6":"product_cat-candy-products-godis-fabrica","7":"product_tag-acida","8":"product_tag-acido","9":"product_tag-bag","10":"product_tag-candy-people","11":"product_tag-chapa","12":"product_tag-chuches-acidas","13":"product_tag-licorice","14":"product_tag-liquorice","15":"product_tag-s-mark","16":"product_tag-s-marke","17":"product_tag-salty","18":"product_tag-salty-liquorice","19":"product_tag-salty-salmiak","20":"product_tag-super","21":"product_tag-super-salty","22":"product_tag-super-tag","23":"product_tag-swedish-candy","24":"product_tag-very-salty","25":"flavor-liquorice","26":"flavor-salty","28":"first","29":"outofstock","30":"taxable","31":"shipping-taxable","32":"purchasable","33":"product-type-simple"},"_links":{"self":[{"href":"https:\/\/godisfabrica.com\/es\/wp-json\/wp\/v2\/product\/18995","targetHints":{"allow":["GET"]}}],"collection":[{"href":"https:\/\/godisfabrica.com\/es\/wp-json\/wp\/v2\/product"}],"about":[{"href":"https:\/\/godisfabrica.com\/es\/wp-json\/wp\/v2\/types\/product"}],"replies":[{"embeddable":true,"href":"https:\/\/godisfabrica.com\/es\/wp-json\/wp\/v2\/comments?post=18995"}],"wp:featuredmedia":[{"embeddable":true,"href":"https:\/\/godisfabrica.com\/es\/wp-json\/wp\/v2\/media\/18996"}],"wp:attachment":[{"href":"https:\/\/godisfabrica.com\/es\/wp-json\/wp\/v2\/media?parent=18995"}],"wp:term":[{"taxonomy":"product_brand","embeddable":true,"href":"https:\/\/godisfabrica.com\/es\/wp-json\/wp\/v2\/product_brand?post=18995"},{"taxonomy":"product_cat","embeddable":true,"href":"https:\/\/godisfabrica.com\/es\/wp-json\/wp\/v2\/product_cat?post=18995"},{"taxonomy":"product_tag","embeddable":true,"href":"https:\/\/godisfabrica.com\/es\/wp-json\/wp\/v2\/product_tag?post=18995"},{"taxonomy":"flavor","embeddable":true,"href":"https:\/\/godisfabrica.com\/es\/wp-json\/wp\/v2\/flavor?post=18995"},{"taxonomy":"allergens","embeddable":true,"href":"https:\/\/godisfabrica.com\/es\/wp-json\/wp\/v2\/allergens?post=18995"}],"curies":[{"name":"wp","href":"https:\/\/api.w.org\/{rel}","templated":true}]}}