{"id":19217,"date":"2026-01-28T15:37:37","date_gmt":"2026-01-28T14:37:37","guid":{"rendered":"https:\/\/godisfabrica.com\/?post_type=product&#038;p=19217"},"modified":"2026-04-28T16:23:36","modified_gmt":"2026-04-28T14:23:36","slug":"super-tag-passion-fruit","status":"publish","type":"product","link":"https:\/\/godisfabrica.com\/es\/producto\/super-tag-passion-fruit\/","title":{"rendered":"Chapa Super Maracuy\u00e1"},"content":{"rendered":"<p data-start=\"54\" data-end=\"352\">Chapa Super Maracuy\u00e1 (S-m\u00e4rke) estalla con la actitud audaz y tropical de la aut\u00e9ntica fruta de la pasi\u00f3n, combinando una dulzura jugosa con un toque \u00e1cido que hace agua la boca. Los colores vibrantes amarillo y rojo no solo llaman la atenci\u00f3n, sino que reflejan la energ\u00eda del sabor: fuerte, soleada y imposible de ignorar.<\/p>\n<p data-start=\"354\" data-end=\"616\">Este es el tipo de golosina agridulce que impacta al instante, sigue haciendo cosquillas en el paladar y, de alguna manera, te convence de que una m\u00e1s es siempre buena idea. Brillante, \u00e1cida y totalmente adictiva, S\u00faper Maracuy\u00e1 trae vibras tropicales serias y un sabor que no sabe quedarse callado.<\/p>\n<p data-start=\"354\" data-end=\"616\">Si buscas un snack de fruta de la pasi\u00f3n que sea divertido, frutal y lleno de personalidad, S\u00faper Maracuy\u00e1 ofrece sol, descaro y la cantidad justa de caos en cada bocado.<\/p>\n<div style=\"display: none;\">\n<h5 style=\"display: none;\">Frambuesa de Gelatina<\/h5>\n<h5><img decoding=\"async\" style=\"display: none;\" src=\"https:\/\/godisfabrica.com\/wp-content\/uploads\/2024\/08\/IMG_5948-scaled.jpg\" alt=\"Candy Shop\" \/><\/h5>\n<p style=\"display: none;\">Shop delicious candies at our online candy shop in Spain. Explore a variety of sweets at Godisfabrica and enjoy fast delivery across Spain! &#8220;Shop your favorite candies at our online candy shop in Spain. Fast delivery, wide selection, and sweet deals await. Order now!&#8221; Shop online at Godisfabrica for the best candy in Spain. Discover delicious sweets, fast shipping, and premium quality treats today!<\/p>\n<\/div>\n<div style=\"display: none;\">\n<h5 style=\"display: none;\">Raspberry<\/h5>\n<h5><img decoding=\"async\" style=\"display: none;\" src=\"https:\/\/godisfabrica.com\/wp-content\/uploads\/2024\/08\/IMG_5948-scaled.jpg\" alt=\"Candy Shop\" \/><\/h5>\n<p style=\"display: none;\">Shop delicious candies at our online candy shop in Spain. Explore a variety of sweets at Godisfabrica and enjoy fast delivery across Spain! &#8220;Shop your favorite candies at our online candy shop in Spain. Fast delivery, wide selection, and sweet deals await. Order now!&#8221; Shop online at Godisfabrica for the best candy in Spain. Discover delicious sweets, fast shipping, and premium quality treats today!<\/p>\n<\/div>\n<p><img decoding=\"async\" style=\"display: none;\" src=\"https:\/\/godisfabrica.com\/wp-content\/uploads\/2024\/08\/IMG_5948-scaled.jpg\" alt=\"Candy Shop\" \/><img decoding=\"async\" style=\"display: none;\" src=\"https:\/\/godisfabrica.com\/wp-content\/uploads\/2024\/08\/IMG_5948-scaled.jpg\" alt=\"Candy Shop\" \/><\/p>","protected":false},"excerpt":{"rendered":"<p>50g<\/p>","protected":false},"featured_media":19326,"comment_status":"open","ping_status":"closed","template":"","meta":[],"product_brand":[],"product_cat":[225,290],"product_tag":[1128,731,601,1851,1110,537,508,540,1205,507,1276,1213,701,2019,2017,2018,956,1313,1222,1279,543,291,607],"flavor":[411,415],"allergens":[426,2020,427,425],"class_list":{"0":"post-19217","1":"product","2":"type-product","3":"status-publish","4":"has-post-thumbnail","6":"product_cat-pick-mix-candy-godis-fabrica","7":"product_cat-vegan-products-godis-fabrica","8":"product_tag-acida","9":"product_tag-acido","10":"product_tag-candy-people","11":"product_tag-chapa","12":"product_tag-chuches-acidas","13":"product_tag-chuches-veganas","14":"product_tag-fruit","15":"product_tag-fruit-candy","16":"product_tag-fruits","17":"product_tag-fruity","18":"product_tag-frutal","19":"product_tag-frutos","20":"product_tag-gelatin-free","21":"product_tag-halal","22":"product_tag-maracuja","23":"product_tag-passion-fruit","24":"product_tag-s-marke","25":"product_tag-sin-gelatin","26":"product_tag-sin-gelatina","27":"product_tag-super-tag","28":"product_tag-tutti-frutti","29":"product_tag-vegan","30":"product_tag-vegano","31":"flavor-fruity","32":"flavor-sour","33":"allergens-gelatin-free","34":"allergens-halal","35":"allergens-lactose-free","36":"allergens-vegan","38":"first","39":"instock","40":"taxable","41":"shipping-taxable","42":"purchasable","43":"product-type-simple"},"_links":{"self":[{"href":"https:\/\/godisfabrica.com\/es\/wp-json\/wp\/v2\/product\/19217","targetHints":{"allow":["GET"]}}],"collection":[{"href":"https:\/\/godisfabrica.com\/es\/wp-json\/wp\/v2\/product"}],"about":[{"href":"https:\/\/godisfabrica.com\/es\/wp-json\/wp\/v2\/types\/product"}],"replies":[{"embeddable":true,"href":"https:\/\/godisfabrica.com\/es\/wp-json\/wp\/v2\/comments?post=19217"}],"wp:featuredmedia":[{"embeddable":true,"href":"https:\/\/godisfabrica.com\/es\/wp-json\/wp\/v2\/media\/19326"}],"wp:attachment":[{"href":"https:\/\/godisfabrica.com\/es\/wp-json\/wp\/v2\/media?parent=19217"}],"wp:term":[{"taxonomy":"product_brand","embeddable":true,"href":"https:\/\/godisfabrica.com\/es\/wp-json\/wp\/v2\/product_brand?post=19217"},{"taxonomy":"product_cat","embeddable":true,"href":"https:\/\/godisfabrica.com\/es\/wp-json\/wp\/v2\/product_cat?post=19217"},{"taxonomy":"product_tag","embeddable":true,"href":"https:\/\/godisfabrica.com\/es\/wp-json\/wp\/v2\/product_tag?post=19217"},{"taxonomy":"flavor","embeddable":true,"href":"https:\/\/godisfabrica.com\/es\/wp-json\/wp\/v2\/flavor?post=19217"},{"taxonomy":"allergens","embeddable":true,"href":"https:\/\/godisfabrica.com\/es\/wp-json\/wp\/v2\/allergens?post=19217"}],"curies":[{"name":"wp","href":"https:\/\/api.w.org\/{rel}","templated":true}]}}