{"id":19219,"date":"2026-01-28T16:00:16","date_gmt":"2026-01-28T15:00:16","guid":{"rendered":"https:\/\/godisfabrica.com\/?post_type=product&#038;p=19219"},"modified":"2026-04-29T18:33:58","modified_gmt":"2026-04-29T16:33:58","slug":"super-tag-peach-dragon-fruit","status":"publish","type":"product","link":"https:\/\/godisfabrica.com\/es\/producto\/super-tag-peach-dragon-fruit\/","title":{"rendered":"Chapa Super Melocot\u00f3n Pitaya"},"content":{"rendered":"<p data-start=\"0\" data-end=\"320\">Chapa Super Melocot\u00f3n-Pitaya (S-m\u00e4rke) es donde la dulzura jugosa del melocot\u00f3n se encuentra con el frescor ex\u00f3tico de la pitaya, creando una combinaci\u00f3n de sabores suave, vibrante y realmente dif\u00edcil de dejar. Cada bocado ofrece un delicado resplandor a melocot\u00f3n seguido de un ligero toque tropical que mantiene todo fresco, divertido y adictivamente apetecible.<\/p>\n<p data-start=\"322\" data-end=\"639\" data-is-last-node=\"\" data-is-only-node=\"\">Con sus colores llamativos y un sabor que se siente como el verano en pleno espect\u00e1culo, Chapa Super Melocot\u00f3n Pitaya equilibra la suavidad frutal con el toque justo de acidez para mantenerte enganchado. Brillante, juguet\u00f3n y totalmente adictivo, Chapa Super Melocot\u00f3n-Pitaya convierte cada pausa para picar en una mini escapada tropical \u2014 sin necesidad de pasaporte.<\/p>\n<div style=\"display: none;\">\n<h5 style=\"display: none;\">Frambuesa de Gelatina<\/h5>\n<h5><img decoding=\"async\" style=\"display: none;\" src=\"https:\/\/godisfabrica.com\/wp-content\/uploads\/2024\/08\/IMG_5948-scaled.jpg\" alt=\"Candy Shop\" \/><\/h5>\n<p style=\"display: none;\">Shop delicious candies at our online candy shop in Spain. Explore a variety of sweets at Godisfabrica and enjoy fast delivery across Spain! &#8220;Shop your favorite candies at our online candy shop in Spain. Fast delivery, wide selection, and sweet deals await. Order now!&#8221; Shop online at Godisfabrica for the best candy in Spain. Discover delicious sweets, fast shipping, and premium quality treats today!<\/p>\n<\/div>\n<div style=\"display: none;\">\n<h5 style=\"display: none;\">Raspberry<\/h5>\n<h5><img decoding=\"async\" style=\"display: none;\" src=\"https:\/\/godisfabrica.com\/wp-content\/uploads\/2024\/08\/IMG_5948-scaled.jpg\" alt=\"Candy Shop\" \/><\/h5>\n<p style=\"display: none;\">Shop delicious candies at our online candy shop in Spain. Explore a variety of sweets at Godisfabrica and enjoy fast delivery across Spain! &#8220;Shop your favorite candies at our online candy shop in Spain. Fast delivery, wide selection, and sweet deals await. Order now!&#8221; Shop online at Godisfabrica for the best candy in Spain. Discover delicious sweets, fast shipping, and premium quality treats today!<\/p>\n<\/div>\n<p><img decoding=\"async\" style=\"display: none;\" src=\"https:\/\/godisfabrica.com\/wp-content\/uploads\/2024\/08\/IMG_5948-scaled.jpg\" alt=\"Candy Shop\" \/><img decoding=\"async\" style=\"display: none;\" src=\"https:\/\/godisfabrica.com\/wp-content\/uploads\/2024\/08\/IMG_5948-scaled.jpg\" alt=\"Candy Shop\" \/><\/p>","protected":false},"excerpt":{"rendered":"<p>50g<\/p>","protected":false},"featured_media":19318,"comment_status":"open","ping_status":"closed","template":"","meta":[],"product_brand":[],"product_cat":[225,290],"product_tag":[1128,731,601,1851,1110,537,2022,2021,508,540,1205,507,1276,1213,701,2019,520,541,532,845,539,852,956,1313,1222,1279,291,607],"flavor":[411,415],"allergens":[426,2020,427,425],"class_list":{"0":"post-19219","1":"product","2":"type-product","3":"status-publish","4":"has-post-thumbnail","6":"product_cat-pick-mix-candy-godis-fabrica","7":"product_cat-vegan-products-godis-fabrica","8":"product_tag-acida","9":"product_tag-acido","10":"product_tag-candy-people","11":"product_tag-chapa","12":"product_tag-chuches-acidas","13":"product_tag-chuches-veganas","14":"product_tag-dragon","15":"product_tag-dragon-fruit","16":"product_tag-fruit","17":"product_tag-fruit-candy","18":"product_tag-fruits","19":"product_tag-fruity","20":"product_tag-frutal","21":"product_tag-frutos","22":"product_tag-gelatin-free","23":"product_tag-halal","24":"product_tag-melon","25":"product_tag-meloncoton","26":"product_tag-peach","27":"product_tag-peaches","28":"product_tag-peachy","29":"product_tag-persikka","30":"product_tag-s-marke","31":"product_tag-sin-gelatin","32":"product_tag-sin-gelatina","33":"product_tag-super-tag","34":"product_tag-vegan","35":"product_tag-vegano","36":"flavor-fruity","37":"flavor-sour","38":"allergens-gelatin-free","39":"allergens-halal","40":"allergens-lactose-free","41":"allergens-vegan","43":"first","44":"instock","45":"taxable","46":"shipping-taxable","47":"purchasable","48":"product-type-simple"},"_links":{"self":[{"href":"https:\/\/godisfabrica.com\/es\/wp-json\/wp\/v2\/product\/19219","targetHints":{"allow":["GET"]}}],"collection":[{"href":"https:\/\/godisfabrica.com\/es\/wp-json\/wp\/v2\/product"}],"about":[{"href":"https:\/\/godisfabrica.com\/es\/wp-json\/wp\/v2\/types\/product"}],"replies":[{"embeddable":true,"href":"https:\/\/godisfabrica.com\/es\/wp-json\/wp\/v2\/comments?post=19219"}],"wp:featuredmedia":[{"embeddable":true,"href":"https:\/\/godisfabrica.com\/es\/wp-json\/wp\/v2\/media\/19318"}],"wp:attachment":[{"href":"https:\/\/godisfabrica.com\/es\/wp-json\/wp\/v2\/media?parent=19219"}],"wp:term":[{"taxonomy":"product_brand","embeddable":true,"href":"https:\/\/godisfabrica.com\/es\/wp-json\/wp\/v2\/product_brand?post=19219"},{"taxonomy":"product_cat","embeddable":true,"href":"https:\/\/godisfabrica.com\/es\/wp-json\/wp\/v2\/product_cat?post=19219"},{"taxonomy":"product_tag","embeddable":true,"href":"https:\/\/godisfabrica.com\/es\/wp-json\/wp\/v2\/product_tag?post=19219"},{"taxonomy":"flavor","embeddable":true,"href":"https:\/\/godisfabrica.com\/es\/wp-json\/wp\/v2\/flavor?post=19219"},{"taxonomy":"allergens","embeddable":true,"href":"https:\/\/godisfabrica.com\/es\/wp-json\/wp\/v2\/allergens?post=19219"}],"curies":[{"name":"wp","href":"https:\/\/api.w.org\/{rel}","templated":true}]}}