{"id":19242,"date":"2026-01-28T21:37:57","date_gmt":"2026-01-28T20:37:57","guid":{"rendered":"https:\/\/godisfabrica.com\/?post_type=product&#038;p=19242"},"modified":"2026-04-08T23:44:18","modified_gmt":"2026-04-08T21:44:18","slug":"fruit-soda-cans","status":"publish","type":"product","link":"https:\/\/godisfabrica.com\/es\/producto\/fruit-soda-cans\/","title":{"rendered":"Latas Refresco de Fruta"},"content":{"rendered":"<p data-start=\"97\" data-end=\"147\">Latas de Refresco de Fruta \u2013 \u00a1Listas para explotar y hacer bailar a tus papilas! Estas adorables mini latas de refresco vienen en divertidos colores rosa y amarillo, y ofrecen un golpe frutal dulce y totalmente irresistible. Es como tu refresco favorito, \u00a1pero en forma de caramelo afrutado y masticable, sin necesidad de burbujas!<\/p>\n<p data-start=\"465\" data-end=\"792\">Perfectas para los amantes de los caramelos de fruta, los fans de los gummies o cualquiera que disfrute de snacks adorables, masticables y s\u00faper divertidos, las Latas de Refresco de Fruta convierten cada bocado en una mini celebraci\u00f3n. Comp\u00e1rtelas con amigos (o gu\u00e1rdalas todas\u2026 no diremos nada) y prep\u00e1rate para una fiesta dulce y afrutada.<\/p>\n<div style=\"display: none;\">\n<h5 style=\"display: none;\">Anillos de Fruta \u00c1cidas<\/h5>\n<h5><img decoding=\"async\" style=\"display: none;\" src=\"https:\/\/godisfabrica.com\/wp-content\/uploads\/2024\/08\/IMG_5948-scaled.jpg\" alt=\"Candy Shop\" \/><\/h5>\n<p style=\"display: none;\">Shop delicious candies at our online candy shop in Spain. Explore a variety of sweets at Godisfabrica and enjoy fast delivery across Spain! &#8220;Shop your favorite candies at our online candy shop in Spain. Fast delivery, wide selection, and sweet deals await. Order now!&#8221; Shop online at Godisfabrica for the best candy in Spain. Discover delicious sweets, fast shipping, and premium quality treats today!<\/p>\n<\/div>\n<div style=\"display: none;\">\n<h5 style=\"display: none;\">Anillos de Fruta \u00c1cidas<\/h5>\n<h5><img decoding=\"async\" style=\"display: none;\" src=\"https:\/\/godisfabrica.com\/wp-content\/uploads\/2024\/08\/IMG_5948-scaled.jpg\" alt=\"Candy Shop\" \/><\/h5>\n<p style=\"display: none;\">Shop delicious candies at our online candy shop in Spain. Explore a variety of sweets at Godisfabrica and enjoy fast delivery across Spain! &#8220;Shop your favorite candies at our online candy shop in Spain. Fast delivery, wide selection, and sweet deals await. Order now!&#8221; Shop online at Godisfabrica for the best candy in Spain. Discover delicious sweets, fast shipping, and premium quality treats today!<\/p>\n<\/div>\n<div style=\"display: none;\">\n<h5 style=\"display: none;\">Anillos de Fruta \u00c1cidas<\/h5>\n<h5><img decoding=\"async\" style=\"display: none;\" src=\"https:\/\/godisfabrica.com\/wp-content\/uploads\/2024\/08\/IMG_5948-scaled.jpg\" alt=\"Candy Shop\" \/><\/h5>\n<p style=\"display: none;\">Shop delicious candies at our online candy shop in Spain. Explore a variety of sweets at Godisfabrica and enjoy fast delivery across Spain! &#8220;Shop your favorite candies at our online candy shop in Spain. Fast delivery, wide selection, and sweet deals await. Order now!&#8221; Shop online at Godisfabrica for the best candy in Spain. Discover delicious sweets, fast shipping, and premium quality treats today!<\/p>\n<\/div>\n<p><img decoding=\"async\" style=\"display: none;\" src=\"https:\/\/godisfabrica.com\/wp-content\/uploads\/2024\/08\/IMG_5948-scaled.jpg\" alt=\"Candy Shop\" \/><\/p>","protected":false},"excerpt":{"rendered":"<p>50g<\/p>","protected":false},"featured_media":19288,"comment_status":"open","ping_status":"closed","template":"","meta":[],"product_brand":[],"product_cat":[225],"product_tag":[2055,2061,2058,508,540,2054,1907,1276,611,1213,531,1672,2051,2062,2057,1054,1670,440,801,2060,2059,1371,2056,552,604,1254],"flavor":[411,419],"allergens":[428,427],"class_list":{"0":"post-19242","1":"product","2":"type-product","3":"status-publish","4":"has-post-thumbnail","6":"product_cat-pick-mix-candy-godis-fabrica","7":"product_tag-can","8":"product_tag-cerveza","9":"product_tag-chuches-de-fiesta","10":"product_tag-fruit","11":"product_tag-fruit-candy","12":"product_tag-fruit-soda-cans","13":"product_tag-fruta","14":"product_tag-frutal","15":"product_tag-frutas","16":"product_tag-frutos","17":"product_tag-funny","18":"product_tag-gelatin","19":"product_tag-goma","20":"product_tag-gominola","21":"product_tag-gracioso","22":"product_tag-gummy","23":"product_tag-gun","24":"product_tag-jelly","25":"product_tag-jelly-candy","26":"product_tag-lata","27":"product_tag-party-candy","28":"product_tag-soda","29":"product_tag-soda-can","30":"product_tag-swedish-candy","31":"product_tag-sweet","32":"product_tag-sweet-candy","33":"flavor-fruity","34":"flavor-palm-oil-free","35":"allergens-gluten-free","36":"allergens-lactose-free","38":"first","39":"instock","40":"taxable","41":"shipping-taxable","42":"purchasable","43":"product-type-simple"},"_links":{"self":[{"href":"https:\/\/godisfabrica.com\/es\/wp-json\/wp\/v2\/product\/19242","targetHints":{"allow":["GET"]}}],"collection":[{"href":"https:\/\/godisfabrica.com\/es\/wp-json\/wp\/v2\/product"}],"about":[{"href":"https:\/\/godisfabrica.com\/es\/wp-json\/wp\/v2\/types\/product"}],"replies":[{"embeddable":true,"href":"https:\/\/godisfabrica.com\/es\/wp-json\/wp\/v2\/comments?post=19242"}],"wp:featuredmedia":[{"embeddable":true,"href":"https:\/\/godisfabrica.com\/es\/wp-json\/wp\/v2\/media\/19288"}],"wp:attachment":[{"href":"https:\/\/godisfabrica.com\/es\/wp-json\/wp\/v2\/media?parent=19242"}],"wp:term":[{"taxonomy":"product_brand","embeddable":true,"href":"https:\/\/godisfabrica.com\/es\/wp-json\/wp\/v2\/product_brand?post=19242"},{"taxonomy":"product_cat","embeddable":true,"href":"https:\/\/godisfabrica.com\/es\/wp-json\/wp\/v2\/product_cat?post=19242"},{"taxonomy":"product_tag","embeddable":true,"href":"https:\/\/godisfabrica.com\/es\/wp-json\/wp\/v2\/product_tag?post=19242"},{"taxonomy":"flavor","embeddable":true,"href":"https:\/\/godisfabrica.com\/es\/wp-json\/wp\/v2\/flavor?post=19242"},{"taxonomy":"allergens","embeddable":true,"href":"https:\/\/godisfabrica.com\/es\/wp-json\/wp\/v2\/allergens?post=19242"}],"curies":[{"name":"wp","href":"https:\/\/api.w.org\/{rel}","templated":true}]}}