{"id":19261,"date":"2026-01-29T21:35:43","date_gmt":"2026-01-29T20:35:43","guid":{"rendered":"https:\/\/godisfabrica.com\/?post_type=product&#038;p=19261"},"modified":"2026-04-30T17:40:03","modified_gmt":"2026-04-30T15:40:03","slug":"sour-watermelon-soothers","status":"publish","type":"product","link":"https:\/\/godisfabrica.com\/es\/producto\/sour-watermelon-soothers\/","title":{"rendered":"Chupetes de Sand\u00eda \u00c1cida"},"content":{"rendered":"<p data-start=\"105\" data-end=\"172\">Chupetes de Sand\u00eda \u00c1cida \u2013 \u00a1Dulces, \u00e1cidos y totalmente refrescantes!<\/p>\n<p data-start=\"174\" data-end=\"528\">Prep\u00e1rate para una fiesta de sabor en tu boca con los Chupetes de Sand\u00eda \u00c1cida. Estos caramelos masticables y \u00e1cidos combinan el jugoso y dulce sabor de la sand\u00eda con un toque \u00e1cido y juguet\u00f3n que mantiene tus papilas alerta. Suaves, masticables y totalmente adictivos, son el snack perfecto para los amantes de los caramelos que disfrutan de un poquito de chispa junto a su dulzura.<\/p>\n<p data-start=\"530\" data-end=\"745\">Ideales para fans de los caramelos \u00e1cidos, amantes de la sand\u00eda o cualquiera que busque un dulce frutal y \u00e1cido, los Chupetes de Sand\u00eda \u00c1cida convierten cualquier momento de picoteo en unas mini vacaciones de verano. Comp\u00e1rtelos o esc\u00f3ndelos\u2026 \u00a1no diremos nada!<\/p>\n<div style=\"display: none;\">\n<h5 style=\"display: none;\">Frambuesa de Gelatina<\/h5>\n<h5><img decoding=\"async\" style=\"display: none;\" src=\"https:\/\/godisfabrica.com\/wp-content\/uploads\/2024\/08\/IMG_5948-scaled.jpg\" alt=\"Candy Shop\" \/><\/h5>\n<p style=\"display: none;\">Shop delicious candies at our online candy shop in Spain. Explore a variety of sweets at Godisfabrica and enjoy fast delivery across Spain! &#8220;Shop your favorite candies at our online candy shop in Spain. Fast delivery, wide selection, and sweet deals await. Order now!&#8221; Shop online at Godisfabrica for the best candy in Spain. Discover delicious sweets, fast shipping, and premium quality treats today!<\/p>\n<\/div>\n<div style=\"display: none;\">\n<h5 style=\"display: none;\">Raspberry<\/h5>\n<h5><img decoding=\"async\" style=\"display: none;\" src=\"https:\/\/godisfabrica.com\/wp-content\/uploads\/2024\/08\/IMG_5948-scaled.jpg\" alt=\"Candy Shop\" \/><\/h5>\n<p style=\"display: none;\">Shop delicious candies at our online candy shop in Spain. Explore a variety of sweets at Godisfabrica and enjoy fast delivery across Spain! &#8220;Shop your favorite candies at our online candy shop in Spain. Fast delivery, wide selection, and sweet deals await. Order now!&#8221; Shop online at Godisfabrica for the best candy in Spain. Discover delicious sweets, fast shipping, and premium quality treats today!<\/p>\n<\/div>\n<p><img decoding=\"async\" style=\"display: none;\" src=\"https:\/\/godisfabrica.com\/wp-content\/uploads\/2024\/08\/IMG_5948-scaled.jpg\" alt=\"Candy Shop\" \/><img decoding=\"async\" style=\"display: none;\" src=\"https:\/\/godisfabrica.com\/wp-content\/uploads\/2024\/08\/IMG_5948-scaled.jpg\" alt=\"Candy Shop\" \/><\/p>","protected":false},"excerpt":{"rendered":"<p>50g<\/p>","protected":false},"featured_media":19304,"comment_status":"open","ping_status":"closed","template":"","meta":[],"product_brand":[],"product_cat":[225,290],"product_tag":[537,1188,1923,1129,509,701,1093,705,520,987,1660,2025,1595,1222,504,505,435,585,510,291,445,1504,607,661,603],"flavor":[411,419,415],"allergens":[426,2020,427,425],"class_list":{"0":"post-19261","1":"product","2":"type-product","3":"status-publish","4":"has-post-thumbnail","6":"product_cat-pick-mix-candy-godis-fabrica","7":"product_cat-vegan-products-godis-fabrica","8":"product_tag-chuches-veganas","9":"product_tag-chupete","10":"product_tag-chupete-grande","11":"product_tag-chupetes","12":"product_tag-colourful","13":"product_tag-gelatin-free","14":"product_tag-gluten-free","15":"product_tag-gum","16":"product_tag-melon","17":"product_tag-nappar","18":"product_tag-pacifier","19":"product_tag-sabor-a-sandia","20":"product_tag-sandia","21":"product_tag-sin-gelatina","22":"product_tag-soother","23":"product_tag-soothers","24":"product_tag-sour","25":"product_tag-sour-candy","26":"product_tag-tutti","27":"product_tag-vegan","28":"product_tag-vegan-candy","29":"product_tag-vegana","30":"product_tag-vegano","31":"product_tag-veggie","32":"product_tag-watermelon","33":"flavor-fruity","34":"flavor-palm-oil-free","35":"flavor-sour","36":"allergens-gelatin-free","37":"allergens-halal","38":"allergens-lactose-free","39":"allergens-vegan","41":"first","42":"instock","43":"taxable","44":"shipping-taxable","45":"purchasable","46":"product-type-simple"},"_links":{"self":[{"href":"https:\/\/godisfabrica.com\/es\/wp-json\/wp\/v2\/product\/19261","targetHints":{"allow":["GET"]}}],"collection":[{"href":"https:\/\/godisfabrica.com\/es\/wp-json\/wp\/v2\/product"}],"about":[{"href":"https:\/\/godisfabrica.com\/es\/wp-json\/wp\/v2\/types\/product"}],"replies":[{"embeddable":true,"href":"https:\/\/godisfabrica.com\/es\/wp-json\/wp\/v2\/comments?post=19261"}],"wp:featuredmedia":[{"embeddable":true,"href":"https:\/\/godisfabrica.com\/es\/wp-json\/wp\/v2\/media\/19304"}],"wp:attachment":[{"href":"https:\/\/godisfabrica.com\/es\/wp-json\/wp\/v2\/media?parent=19261"}],"wp:term":[{"taxonomy":"product_brand","embeddable":true,"href":"https:\/\/godisfabrica.com\/es\/wp-json\/wp\/v2\/product_brand?post=19261"},{"taxonomy":"product_cat","embeddable":true,"href":"https:\/\/godisfabrica.com\/es\/wp-json\/wp\/v2\/product_cat?post=19261"},{"taxonomy":"product_tag","embeddable":true,"href":"https:\/\/godisfabrica.com\/es\/wp-json\/wp\/v2\/product_tag?post=19261"},{"taxonomy":"flavor","embeddable":true,"href":"https:\/\/godisfabrica.com\/es\/wp-json\/wp\/v2\/flavor?post=19261"},{"taxonomy":"allergens","embeddable":true,"href":"https:\/\/godisfabrica.com\/es\/wp-json\/wp\/v2\/allergens?post=19261"}],"curies":[{"name":"wp","href":"https:\/\/api.w.org\/{rel}","templated":true}]}}