{"id":19337,"date":"2026-02-01T14:32:10","date_gmt":"2026-02-01T13:32:10","guid":{"rendered":"https:\/\/godisfabrica.com\/?post_type=product&#038;p=19337"},"modified":"2026-03-26T09:51:51","modified_gmt":"2026-03-26T08:51:51","slug":"fizzy-bottles","status":"publish","type":"product","link":"https:\/\/godisfabrica.com\/es\/producto\/fizzy-bottles\/","title":{"rendered":"Botellas Fizzy"},"content":{"rendered":"<p data-start=\"115\" data-end=\"183\">Botellas Fizzy (P\u00e4ndy) \u2013 \u00a1Botellitas peque\u00f1as, diversi\u00f3n burbujeante a lo grande!<\/p>\n<p data-start=\"185\" data-end=\"419\">Descubre Fizzy Bottles de P\u00e4ndy: las adorables golosinas con forma de botella que combinan un refrescante y ligeramente \u00e1cido sabor a chicle con un toque efervescente.. sin pasarse con el az\u00facar. Estas peque\u00f1as chuches ofrecen una explosi\u00f3n divertida de acidez y un fizz irresistible que har\u00e1 que tus papilas gustativas se vuelvan locas.<\/p>\n<p data-start=\"421\" data-end=\"596\">\u00bfLo mejor? Toda la bolsa contiene solo 1 g de az\u00facar. S\u00ed, la bolsa entera. Eso significa que puedes picar de forma m\u00e1s inteligente, compartir sin remordimientos o qued\u00e1rtela para ti\u2026 aqu\u00ed no juzgamos. Perfecta para los amantes de las golosinas que buscan formas divertidas, sensaciones burbujeantes y un perfil nutricional m\u00e1s ligero. P\u00e4ndy Fizzy Bottles demuestran que bajo en az\u00facar no significa bajo en diversi\u00f3n.<\/p>\n<div style=\"display: none;\">\n<h5 style=\"display: none;\">Frambuesa de Gelatina<\/h5>\n<h5><img decoding=\"async\" style=\"display: none;\" src=\"https:\/\/godisfabrica.com\/wp-content\/uploads\/2024\/08\/IMG_5948-scaled.jpg\" alt=\"Candy Shop\" \/><\/h5>\n<p style=\"display: none;\">Shop delicious candies at our online candy shop in Spain. Explore a variety of sweets at Godisfabrica and enjoy fast delivery across Spain! &#8220;Shop your favorite candies at our online candy shop in Spain. Fast delivery, wide selection, and sweet deals await. Order now!&#8221; Shop online at Godisfabrica for the best candy in Spain. Discover delicious sweets, fast shipping, and premium quality treats today!<\/p>\n<\/div>\n<div style=\"display: none;\">\n<h5 style=\"display: none;\">Raspberry<\/h5>\n<h5><img decoding=\"async\" style=\"display: none;\" src=\"https:\/\/godisfabrica.com\/wp-content\/uploads\/2024\/08\/IMG_5948-scaled.jpg\" alt=\"Candy Shop\" \/><\/h5>\n<p style=\"display: none;\">Shop delicious candies at our online candy shop in Spain. Explore a variety of sweets at Godisfabrica and enjoy fast delivery across Spain! &#8220;Shop your favorite candies at our online candy shop in Spain. Fast delivery, wide selection, and sweet deals await. Order now!&#8221; Shop online at Godisfabrica for the best candy in Spain. Discover delicious sweets, fast shipping, and premium quality treats today!<\/p>\n<\/div>\n<p><img decoding=\"async\" style=\"display: none;\" src=\"https:\/\/godisfabrica.com\/wp-content\/uploads\/2024\/08\/IMG_5948-scaled.jpg\" alt=\"Candy Shop\" \/><img decoding=\"async\" style=\"display: none;\" src=\"https:\/\/godisfabrica.com\/wp-content\/uploads\/2024\/08\/IMG_5948-scaled.jpg\" alt=\"Candy Shop\" \/><\/p>","protected":false},"excerpt":{"rendered":"<p>50g<\/p>","protected":false},"featured_media":19339,"comment_status":"open","ping_status":"closed","template":"","meta":[],"product_brand":[],"product_cat":[293],"product_tag":[1128,1076,544,706,1366,437,1226,2095,1442,1054,1349,2094,1721,1723,1727,1728,707,1365,1467,435,1364,552],"flavor":[424,419,415,1269,422],"allergens":[428,427],"class_list":{"0":"post-19337","1":"product","2":"type-product","3":"status-publish","4":"has-post-thumbnail","6":"product_cat-candy-products-godis-fabrica","7":"product_tag-acida","8":"product_tag-bubble","9":"product_tag-bubblegum","10":"product_tag-chicle","11":"product_tag-chuches-sin-azucar","12":"product_tag-fizzy","13":"product_tag-fizzy-bottle","14":"product_tag-fizzy-bottles","15":"product_tag-fluffy","16":"product_tag-gummy","17":"product_tag-healthy","18":"product_tag-less-sugar","19":"product_tag-low-sugar-candy","20":"product_tag-menos-azucar","21":"product_tag-pandy","22":"product_tag-pandy-candy","23":"product_tag-purkka","24":"product_tag-sin-azucar","25":"product_tag-soft-candy","26":"product_tag-sour","27":"product_tag-sugar-free","28":"product_tag-swedish-candy","29":"flavor-bubblegum","30":"flavor-palm-oil-free","31":"flavor-sour","32":"flavor-sugar-free","33":"flavor-wrapped","34":"allergens-gluten-free","35":"allergens-lactose-free","37":"first","38":"instock","39":"taxable","40":"shipping-taxable","41":"purchasable","42":"product-type-simple"},"_links":{"self":[{"href":"https:\/\/godisfabrica.com\/es\/wp-json\/wp\/v2\/product\/19337","targetHints":{"allow":["GET"]}}],"collection":[{"href":"https:\/\/godisfabrica.com\/es\/wp-json\/wp\/v2\/product"}],"about":[{"href":"https:\/\/godisfabrica.com\/es\/wp-json\/wp\/v2\/types\/product"}],"replies":[{"embeddable":true,"href":"https:\/\/godisfabrica.com\/es\/wp-json\/wp\/v2\/comments?post=19337"}],"wp:featuredmedia":[{"embeddable":true,"href":"https:\/\/godisfabrica.com\/es\/wp-json\/wp\/v2\/media\/19339"}],"wp:attachment":[{"href":"https:\/\/godisfabrica.com\/es\/wp-json\/wp\/v2\/media?parent=19337"}],"wp:term":[{"taxonomy":"product_brand","embeddable":true,"href":"https:\/\/godisfabrica.com\/es\/wp-json\/wp\/v2\/product_brand?post=19337"},{"taxonomy":"product_cat","embeddable":true,"href":"https:\/\/godisfabrica.com\/es\/wp-json\/wp\/v2\/product_cat?post=19337"},{"taxonomy":"product_tag","embeddable":true,"href":"https:\/\/godisfabrica.com\/es\/wp-json\/wp\/v2\/product_tag?post=19337"},{"taxonomy":"flavor","embeddable":true,"href":"https:\/\/godisfabrica.com\/es\/wp-json\/wp\/v2\/flavor?post=19337"},{"taxonomy":"allergens","embeddable":true,"href":"https:\/\/godisfabrica.com\/es\/wp-json\/wp\/v2\/allergens?post=19337"}],"curies":[{"name":"wp","href":"https:\/\/api.w.org\/{rel}","templated":true}]}}