{"id":19688,"date":"2026-04-18T19:55:27","date_gmt":"2026-04-18T17:55:27","guid":{"rendered":"https:\/\/godisfabrica.com\/?post_type=product&#038;p=19688"},"modified":"2026-04-28T20:09:12","modified_gmt":"2026-04-28T18:09:12","slug":"salty-skulls","status":"publish","type":"product","link":"https:\/\/godisfabrica.com\/es\/producto\/salty-skulls\/","title":{"rendered":"Calaveras Saladas"},"content":{"rendered":"<p data-start=\"0\" data-end=\"299\">Atr\u00e9vete a picar del lado oscuro con Calaveras Saladas, los atrevidos caramelos de regaliz salado con forma de calavera que no son aptos para paladares t\u00edmidos. Estas peque\u00f1as calaveras masticables ofrecen ese inconfundible toque salado de regaliz que los fans del regaliz adoran, equilibrado con una dulzura profunda y rica que las hace peligrosamente adictivas.<\/p>\n<p data-start=\"301\" data-end=\"633\" data-is-last-node=\"\" data-is-only-node=\"\">Perfectas para boles de caramelos de Halloween, surtidos de pick &amp; mix o para el picoteo diario si te gustan los dulces con actitud, Calaveras Saladas aportan un gran sabor en una forma divertida y llamativa. Si buscas regaliz salado, caramelos con forma de calavera o dulces n\u00f3rdicos \u00fanicos, estas Calaveras Saladas est\u00e1n garantizadas para despertar tus papilas gustativas.<\/p>\n<div style=\"display: none;\">\n<h5 style=\"display: none;\">Frambuesa de Gelatina<\/h5>\n<h5><img decoding=\"async\" style=\"display: none;\" src=\"https:\/\/godisfabrica.com\/wp-content\/uploads\/2024\/08\/IMG_5948-scaled.jpg\" alt=\"Candy Shop\" \/><\/h5>\n<p style=\"display: none;\">Shop delicious candies at our online candy shop in Spain. Explore a variety of sweets at Godisfabrica and enjoy fast delivery across Spain! &#8220;Shop your favorite candies at our online candy shop in Spain. Fast delivery, wide selection, and sweet deals await. Order now!&#8221; Shop online at Godisfabrica for the best candy in Spain. Discover delicious sweets, fast shipping, and premium quality treats today!<\/p>\n<\/div>\n<div style=\"display: none;\">\n<h5 style=\"display: none;\">Raspberry<\/h5>\n<h5><img decoding=\"async\" style=\"display: none;\" src=\"https:\/\/godisfabrica.com\/wp-content\/uploads\/2024\/08\/IMG_5948-scaled.jpg\" alt=\"Candy Shop\" \/><\/h5>\n<p style=\"display: none;\">Shop delicious candies at our online candy shop in Spain. Explore a variety of sweets at Godisfabrica and enjoy fast delivery across Spain! &#8220;Shop your favorite candies at our online candy shop in Spain. Fast delivery, wide selection, and sweet deals await. Order now!&#8221; Shop online at Godisfabrica for the best candy in Spain. Discover delicious sweets, fast shipping, and premium quality treats today!<\/p>\n<\/div>\n<p><img decoding=\"async\" style=\"display: none;\" src=\"https:\/\/godisfabrica.com\/wp-content\/uploads\/2024\/08\/IMG_5948-scaled.jpg\" alt=\"Candy Shop\" \/><img decoding=\"async\" style=\"display: none;\" src=\"https:\/\/godisfabrica.com\/wp-content\/uploads\/2024\/08\/IMG_5948-scaled.jpg\" alt=\"Candy Shop\" \/><\/p>","protected":false},"excerpt":{"rendered":"<p>50g<\/p>","protected":false},"featured_media":19689,"comment_status":"open","ping_status":"closed","template":"","meta":[],"product_brand":[],"product_cat":[225],"product_tag":[1353,1352,725,236,529,1355,1354,677,1362,732,1032,561,923,552],"flavor":[413,419,414],"allergens":[428,427],"class_list":{"0":"post-19688","1":"product","2":"type-product","3":"status-publish","4":"has-post-thumbnail","6":"product_cat-pick-mix-candy-godis-fabrica","7":"product_tag-bold-licorice","8":"product_tag-finnish-candy","9":"product_tag-karkki","10":"product_tag-licorice","11":"product_tag-liquorice","12":"product_tag-pure","13":"product_tag-real-liquorice","14":"product_tag-regaliz","15":"product_tag-regaliz-salado","16":"product_tag-salado","17":"product_tag-salta","18":"product_tag-salty","19":"product_tag-salty-liquorice","20":"product_tag-swedish-candy","21":"flavor-liquorice","22":"flavor-palm-oil-free","23":"flavor-salty","24":"allergens-gluten-free","25":"allergens-lactose-free","27":"first","28":"outofstock","29":"taxable","30":"shipping-taxable","31":"purchasable","32":"product-type-simple"},"_links":{"self":[{"href":"https:\/\/godisfabrica.com\/es\/wp-json\/wp\/v2\/product\/19688","targetHints":{"allow":["GET"]}}],"collection":[{"href":"https:\/\/godisfabrica.com\/es\/wp-json\/wp\/v2\/product"}],"about":[{"href":"https:\/\/godisfabrica.com\/es\/wp-json\/wp\/v2\/types\/product"}],"replies":[{"embeddable":true,"href":"https:\/\/godisfabrica.com\/es\/wp-json\/wp\/v2\/comments?post=19688"}],"wp:featuredmedia":[{"embeddable":true,"href":"https:\/\/godisfabrica.com\/es\/wp-json\/wp\/v2\/media\/19689"}],"wp:attachment":[{"href":"https:\/\/godisfabrica.com\/es\/wp-json\/wp\/v2\/media?parent=19688"}],"wp:term":[{"taxonomy":"product_brand","embeddable":true,"href":"https:\/\/godisfabrica.com\/es\/wp-json\/wp\/v2\/product_brand?post=19688"},{"taxonomy":"product_cat","embeddable":true,"href":"https:\/\/godisfabrica.com\/es\/wp-json\/wp\/v2\/product_cat?post=19688"},{"taxonomy":"product_tag","embeddable":true,"href":"https:\/\/godisfabrica.com\/es\/wp-json\/wp\/v2\/product_tag?post=19688"},{"taxonomy":"flavor","embeddable":true,"href":"https:\/\/godisfabrica.com\/es\/wp-json\/wp\/v2\/flavor?post=19688"},{"taxonomy":"allergens","embeddable":true,"href":"https:\/\/godisfabrica.com\/es\/wp-json\/wp\/v2\/allergens?post=19688"}],"curies":[{"name":"wp","href":"https:\/\/api.w.org\/{rel}","templated":true}]}}