{"id":19692,"date":"2026-04-18T21:47:39","date_gmt":"2026-04-18T19:47:39","guid":{"rendered":"https:\/\/godisfabrica.com\/?post_type=product&#038;p=19692"},"modified":"2026-04-28T20:09:39","modified_gmt":"2026-04-28T18:09:39","slug":"lime-skulls","status":"publish","type":"product","link":"https:\/\/godisfabrica.com\/es\/producto\/lime-skulls\/","title":{"rendered":"Calaveras de Lima"},"content":{"rendered":"<p data-start=\"0\" data-end=\"219\">Conoce las Calaveras de Lima (Lime Skulls), unos peque\u00f1os caramelos con forma de calavera que no vienen a comportarse. Estas chuches explosivas de lima ofrecen un potente golpe c\u00edtrico con un toque \u00e1cido que despierta tus papilas gustativas m\u00e1s r\u00e1pido de lo que puedes decir \u201csolo una m\u00e1s\u201d.<\/p>\n<p data-start=\"221\" data-end=\"442\">Masticables, afrutadas y con mucho car\u00e1cter, las Calaveras de Lima equilibran un sabor c\u00edtrico intenso con un final dulce que te hace volver a por m\u00e1s sin pensarlo. Pueden parecer tenebrosas, pero lo \u00fanico realmente peligroso es lo adictivas que son. Las Calaveras de Lima ofrecen gran sabor, dise\u00f1o divertido y un toque c\u00edtrico afilado que destaca en cada pu\u00f1ado.<\/p>\n<div style=\"display: none;\">\n<h5 style=\"display: none;\">Frambuesa de Gelatina<\/h5>\n<h5><img decoding=\"async\" style=\"display: none;\" src=\"https:\/\/godisfabrica.com\/wp-content\/uploads\/2024\/08\/IMG_5948-scaled.jpg\" alt=\"Candy Shop\" \/><\/h5>\n<p style=\"display: none;\">Shop delicious candies at our online candy shop in Spain. Explore a variety of sweets at Godisfabrica and enjoy fast delivery across Spain! &#8220;Shop your favorite candies at our online candy shop in Spain. Fast delivery, wide selection, and sweet deals await. Order now!&#8221; Shop online at Godisfabrica for the best candy in Spain. Discover delicious sweets, fast shipping, and premium quality treats today!<\/p>\n<\/div>\n<div style=\"display: none;\">\n<h5 style=\"display: none;\">Raspberry<\/h5>\n<h5><img decoding=\"async\" style=\"display: none;\" src=\"https:\/\/godisfabrica.com\/wp-content\/uploads\/2024\/08\/IMG_5948-scaled.jpg\" alt=\"Candy Shop\" \/><\/h5>\n<p style=\"display: none;\">Shop delicious candies at our online candy shop in Spain. Explore a variety of sweets at Godisfabrica and enjoy fast delivery across Spain! &#8220;Shop your favorite candies at our online candy shop in Spain. Fast delivery, wide selection, and sweet deals await. Order now!&#8221; Shop online at Godisfabrica for the best candy in Spain. Discover delicious sweets, fast shipping, and premium quality treats today!<\/p>\n<\/div>\n<p><img decoding=\"async\" style=\"display: none;\" src=\"https:\/\/godisfabrica.com\/wp-content\/uploads\/2024\/08\/IMG_5948-scaled.jpg\" alt=\"Candy Shop\" \/><img decoding=\"async\" style=\"display: none;\" src=\"https:\/\/godisfabrica.com\/wp-content\/uploads\/2024\/08\/IMG_5948-scaled.jpg\" alt=\"Candy Shop\" \/><\/p>","protected":false},"excerpt":{"rendered":"<p>50g<\/p>","protected":false},"featured_media":19693,"comment_status":"open","ping_status":"closed","template":"","meta":[],"product_brand":[],"product_cat":[225,290],"product_tag":[1128,731,1810,1409,2075,537,508,540,1205,507,1213,701,1093,555,533,546,2098,1037,1428,668,584,565,1870,239,1694,435,585,291,445,1504,607,1206],"flavor":[411,419,415],"allergens":[426,428,2020,427,425],"class_list":{"0":"post-19692","1":"product","2":"type-product","3":"status-publish","4":"has-post-thumbnail","6":"product_cat-pick-mix-candy-godis-fabrica","7":"product_cat-vegan-products-godis-fabrica","8":"product_tag-acida","9":"product_tag-acido","10":"product_tag-amargo","11":"product_tag-calavera","12":"product_tag-calaveras","13":"product_tag-chuches-veganas","14":"product_tag-fruit","15":"product_tag-fruit-candy","16":"product_tag-fruits","17":"product_tag-fruity","18":"product_tag-frutos","19":"product_tag-gelatin-free","20":"product_tag-gluten-free","21":"product_tag-green","22":"product_tag-halloween","23":"product_tag-lemon","24":"product_tag-lemonade","25":"product_tag-lima","26":"product_tag-lime","27":"product_tag-limon","28":"product_tag-red","29":"product_tag-sitruuna","30":"product_tag-skalle","31":"product_tag-skull","32":"product_tag-skull-candy","33":"product_tag-sour","34":"product_tag-sour-candy","35":"product_tag-vegan","36":"product_tag-vegan-candy","37":"product_tag-vegana","38":"product_tag-vegano","39":"product_tag-verde","40":"flavor-fruity","41":"flavor-palm-oil-free","42":"flavor-sour","43":"allergens-gelatin-free","44":"allergens-gluten-free","45":"allergens-halal","46":"allergens-lactose-free","47":"allergens-vegan","49":"first","50":"outofstock","51":"taxable","52":"shipping-taxable","53":"purchasable","54":"product-type-simple"},"_links":{"self":[{"href":"https:\/\/godisfabrica.com\/es\/wp-json\/wp\/v2\/product\/19692","targetHints":{"allow":["GET"]}}],"collection":[{"href":"https:\/\/godisfabrica.com\/es\/wp-json\/wp\/v2\/product"}],"about":[{"href":"https:\/\/godisfabrica.com\/es\/wp-json\/wp\/v2\/types\/product"}],"replies":[{"embeddable":true,"href":"https:\/\/godisfabrica.com\/es\/wp-json\/wp\/v2\/comments?post=19692"}],"wp:featuredmedia":[{"embeddable":true,"href":"https:\/\/godisfabrica.com\/es\/wp-json\/wp\/v2\/media\/19693"}],"wp:attachment":[{"href":"https:\/\/godisfabrica.com\/es\/wp-json\/wp\/v2\/media?parent=19692"}],"wp:term":[{"taxonomy":"product_brand","embeddable":true,"href":"https:\/\/godisfabrica.com\/es\/wp-json\/wp\/v2\/product_brand?post=19692"},{"taxonomy":"product_cat","embeddable":true,"href":"https:\/\/godisfabrica.com\/es\/wp-json\/wp\/v2\/product_cat?post=19692"},{"taxonomy":"product_tag","embeddable":true,"href":"https:\/\/godisfabrica.com\/es\/wp-json\/wp\/v2\/product_tag?post=19692"},{"taxonomy":"flavor","embeddable":true,"href":"https:\/\/godisfabrica.com\/es\/wp-json\/wp\/v2\/flavor?post=19692"},{"taxonomy":"allergens","embeddable":true,"href":"https:\/\/godisfabrica.com\/es\/wp-json\/wp\/v2\/allergens?post=19692"}],"curies":[{"name":"wp","href":"https:\/\/api.w.org\/{rel}","templated":true}]}}