{"id":19696,"date":"2026-04-18T22:03:33","date_gmt":"2026-04-18T20:03:33","guid":{"rendered":"https:\/\/godisfabrica.com\/?post_type=product&#038;p=19696"},"modified":"2026-04-28T20:10:02","modified_gmt":"2026-04-28T18:10:02","slug":"blueberry-skulls","status":"publish","type":"product","link":"https:\/\/godisfabrica.com\/es\/producto\/blueberry-skulls\/","title":{"rendered":"Calaveras de Ar\u00e1ndano"},"content":{"rendered":"<p data-start=\"0\" data-end=\"248\">Conoce las Calaveras de Ar\u00e1ndano (Blueberry Skulls), unas gominolas con forma de calavera m\u00e1s divertidas que aterradoras. Estas chuches est\u00e1n cargadas de intenso sabor a ar\u00e1ndano, combinando la dulzura jugosa de la fruta con una textura suave y masticable que invita a repetir.<\/p>\n<p data-start=\"250\" data-end=\"489\">No te dejes enga\u00f1ar por su forma \u201cespeluznante\u201d\u2014lo \u00fanico realmente inquietante es lo r\u00e1pido que desaparecen de tu bolsa de pick &amp; mix. Cada pieza ofrece un potente golpe afrutado seguido de un dulzor suave de estilo confiter\u00eda que las hace irresistibles. Las Calaveras de Ar\u00e1ndano aportan gran sabor a frutos del bosque, dise\u00f1o divertido y un fuerte atractivo para el picoteo en cada pu\u00f1ado.<\/p>\n<div style=\"display: none;\">\n<h5 style=\"display: none;\">Frambuesa de Gelatina<\/h5>\n<h5><img decoding=\"async\" style=\"display: none;\" src=\"https:\/\/godisfabrica.com\/wp-content\/uploads\/2024\/08\/IMG_5948-scaled.jpg\" alt=\"Candy Shop\" \/><\/h5>\n<p style=\"display: none;\">Shop delicious candies at our online candy shop in Spain. Explore a variety of sweets at Godisfabrica and enjoy fast delivery across Spain! &#8220;Shop your favorite candies at our online candy shop in Spain. Fast delivery, wide selection, and sweet deals await. Order now!&#8221; Shop online at Godisfabrica for the best candy in Spain. Discover delicious sweets, fast shipping, and premium quality treats today!<\/p>\n<\/div>\n<div style=\"display: none;\">\n<h5 style=\"display: none;\">Raspberry<\/h5>\n<h5><img decoding=\"async\" style=\"display: none;\" src=\"https:\/\/godisfabrica.com\/wp-content\/uploads\/2024\/08\/IMG_5948-scaled.jpg\" alt=\"Candy Shop\" \/><\/h5>\n<p style=\"display: none;\">Shop delicious candies at our online candy shop in Spain. Explore a variety of sweets at Godisfabrica and enjoy fast delivery across Spain! &#8220;Shop your favorite candies at our online candy shop in Spain. Fast delivery, wide selection, and sweet deals await. Order now!&#8221; Shop online at Godisfabrica for the best candy in Spain. Discover delicious sweets, fast shipping, and premium quality treats today!<\/p>\n<\/div>\n<p><img decoding=\"async\" style=\"display: none;\" src=\"https:\/\/godisfabrica.com\/wp-content\/uploads\/2024\/08\/IMG_5948-scaled.jpg\" alt=\"Candy Shop\" \/><img decoding=\"async\" style=\"display: none;\" src=\"https:\/\/godisfabrica.com\/wp-content\/uploads\/2024\/08\/IMG_5948-scaled.jpg\" alt=\"Candy Shop\" \/><\/p>","protected":false},"excerpt":{"rendered":"<p>50g<\/p>","protected":false},"featured_media":19697,"comment_status":"open","ping_status":"closed","template":"","meta":[],"product_brand":[],"product_cat":[225,290],"product_tag":[1128,731,2039,1862,629,628,556,538,895,1409,2075,537,508,540,1205,507,1213,701,1093,533,584,1870,239,1694,435,585,291,445,1504,607],"flavor":[411,419,415],"allergens":[426,428,2020,427,425],"class_list":{"0":"post-19696","1":"product","2":"type-product","3":"status-publish","4":"has-post-thumbnail","6":"product_cat-pick-mix-candy-godis-fabrica","7":"product_cat-vegan-products-godis-fabrica","8":"product_tag-acida","9":"product_tag-acido","10":"product_tag-arandano","11":"product_tag-azul","12":"product_tag-berries","13":"product_tag-berry","14":"product_tag-blue","15":"product_tag-blueberry","16":"product_tag-blueberry-candy","17":"product_tag-calavera","18":"product_tag-calaveras","19":"product_tag-chuches-veganas","20":"product_tag-fruit","21":"product_tag-fruit-candy","22":"product_tag-fruits","23":"product_tag-fruity","24":"product_tag-frutos","25":"product_tag-gelatin-free","26":"product_tag-gluten-free","27":"product_tag-halloween","28":"product_tag-red","29":"product_tag-skalle","30":"product_tag-skull","31":"product_tag-skull-candy","32":"product_tag-sour","33":"product_tag-sour-candy","34":"product_tag-vegan","35":"product_tag-vegan-candy","36":"product_tag-vegana","37":"product_tag-vegano","38":"flavor-fruity","39":"flavor-palm-oil-free","40":"flavor-sour","41":"allergens-gelatin-free","42":"allergens-gluten-free","43":"allergens-halal","44":"allergens-lactose-free","45":"allergens-vegan","47":"first","48":"outofstock","49":"taxable","50":"shipping-taxable","51":"purchasable","52":"product-type-simple"},"_links":{"self":[{"href":"https:\/\/godisfabrica.com\/es\/wp-json\/wp\/v2\/product\/19696","targetHints":{"allow":["GET"]}}],"collection":[{"href":"https:\/\/godisfabrica.com\/es\/wp-json\/wp\/v2\/product"}],"about":[{"href":"https:\/\/godisfabrica.com\/es\/wp-json\/wp\/v2\/types\/product"}],"replies":[{"embeddable":true,"href":"https:\/\/godisfabrica.com\/es\/wp-json\/wp\/v2\/comments?post=19696"}],"wp:featuredmedia":[{"embeddable":true,"href":"https:\/\/godisfabrica.com\/es\/wp-json\/wp\/v2\/media\/19697"}],"wp:attachment":[{"href":"https:\/\/godisfabrica.com\/es\/wp-json\/wp\/v2\/media?parent=19696"}],"wp:term":[{"taxonomy":"product_brand","embeddable":true,"href":"https:\/\/godisfabrica.com\/es\/wp-json\/wp\/v2\/product_brand?post=19696"},{"taxonomy":"product_cat","embeddable":true,"href":"https:\/\/godisfabrica.com\/es\/wp-json\/wp\/v2\/product_cat?post=19696"},{"taxonomy":"product_tag","embeddable":true,"href":"https:\/\/godisfabrica.com\/es\/wp-json\/wp\/v2\/product_tag?post=19696"},{"taxonomy":"flavor","embeddable":true,"href":"https:\/\/godisfabrica.com\/es\/wp-json\/wp\/v2\/flavor?post=19696"},{"taxonomy":"allergens","embeddable":true,"href":"https:\/\/godisfabrica.com\/es\/wp-json\/wp\/v2\/allergens?post=19696"}],"curies":[{"name":"wp","href":"https:\/\/api.w.org\/{rel}","templated":true}]}}