{"id":19702,"date":"2026-04-18T22:37:28","date_gmt":"2026-04-18T20:37:28","guid":{"rendered":"https:\/\/godisfabrica.com\/?post_type=product&#038;p=19702"},"modified":"2026-04-28T20:36:51","modified_gmt":"2026-04-28T18:36:51","slug":"foamy-lemon","status":"publish","type":"product","link":"https:\/\/godisfabrica.com\/es\/producto\/foamy-lemon\/","title":{"rendered":"Nubes de Lim\u00f3n"},"content":{"rendered":"<p data-start=\"0\" data-end=\"262\">Conoce el Nube de Lim\u00f3n (Foamy Lemon), un caramelo amarillo brillante con forma de lim\u00f3n que parece fruta\u2026 pero se comporta como una nube con car\u00e1cter. Este dulce esponjoso ofrece un bocado suave y aireado con un intenso sabor c\u00edtrico, dulce y ligeramente \u00e1cido, totalmente adictivo.<\/p>\n<p data-start=\"264\" data-end=\"511\">Cada pieza empieza con un toque alegre de lim\u00f3n y se derrite en una textura ligera y espumosa que hace que seguir picando sea peligrosamente f\u00e1cil. Es el t\u00edpico dulce que promete \u201csolo uno\u201d\u2026 y luego ignora completamente esa promesa. El Nube de Lim\u00f3n combina gran sabor c\u00edtrico, dise\u00f1o divertido y una textura que se deshace en la boca en cada bocado.<\/p>\n<div style=\"display: none;\">\n<h5 style=\"display: none;\">Frambuesa de Gelatina<\/h5>\n<h5><img decoding=\"async\" style=\"display: none;\" src=\"https:\/\/godisfabrica.com\/wp-content\/uploads\/2024\/08\/IMG_5948-scaled.jpg\" alt=\"Candy Shop\" \/><\/h5>\n<p style=\"display: none;\">Shop delicious candies at our online candy shop in Spain. Explore a variety of sweets at Godisfabrica and enjoy fast delivery across Spain! &#8220;Shop your favorite candies at our online candy shop in Spain. Fast delivery, wide selection, and sweet deals await. Order now!&#8221; Shop online at Godisfabrica for the best candy in Spain. Discover delicious sweets, fast shipping, and premium quality treats today!<\/p>\n<\/div>\n<div style=\"display: none;\">\n<h5 style=\"display: none;\">Raspberry<\/h5>\n<h5><img decoding=\"async\" style=\"display: none;\" src=\"https:\/\/godisfabrica.com\/wp-content\/uploads\/2024\/08\/IMG_5948-scaled.jpg\" alt=\"Candy Shop\" \/><\/h5>\n<p style=\"display: none;\">Shop delicious candies at our online candy shop in Spain. Explore a variety of sweets at Godisfabrica and enjoy fast delivery across Spain! &#8220;Shop your favorite candies at our online candy shop in Spain. Fast delivery, wide selection, and sweet deals await. Order now!&#8221; Shop online at Godisfabrica for the best candy in Spain. Discover delicious sweets, fast shipping, and premium quality treats today!<\/p>\n<\/div>\n<p><img decoding=\"async\" style=\"display: none;\" src=\"https:\/\/godisfabrica.com\/wp-content\/uploads\/2024\/08\/IMG_5948-scaled.jpg\" alt=\"Candy Shop\" \/><img decoding=\"async\" style=\"display: none;\" src=\"https:\/\/godisfabrica.com\/wp-content\/uploads\/2024\/08\/IMG_5948-scaled.jpg\" alt=\"Candy Shop\" \/><\/p>","protected":false},"excerpt":{"rendered":"<p>50g<\/p>","protected":false},"featured_media":19703,"comment_status":"open","ping_status":"closed","template":"","meta":[],"product_brand":[],"product_cat":[225],"product_tag":[1128,731,1810,1409,2075,537,508,540,1205,507,1213,701,1093,555,533,546,2098,1037,1428,668,584,565,1870,239,1694,435,585,291,445,1504,607,1206],"flavor":[410,411,419,415],"allergens":[428,427],"class_list":{"0":"post-19702","1":"product","2":"type-product","3":"status-publish","4":"has-post-thumbnail","6":"product_cat-pick-mix-candy-godis-fabrica","7":"product_tag-acida","8":"product_tag-acido","9":"product_tag-amargo","10":"product_tag-calavera","11":"product_tag-calaveras","12":"product_tag-chuches-veganas","13":"product_tag-fruit","14":"product_tag-fruit-candy","15":"product_tag-fruits","16":"product_tag-fruity","17":"product_tag-frutos","18":"product_tag-gelatin-free","19":"product_tag-gluten-free","20":"product_tag-green","21":"product_tag-halloween","22":"product_tag-lemon","23":"product_tag-lemonade","24":"product_tag-lima","25":"product_tag-lime","26":"product_tag-limon","27":"product_tag-red","28":"product_tag-sitruuna","29":"product_tag-skalle","30":"product_tag-skull","31":"product_tag-skull-candy","32":"product_tag-sour","33":"product_tag-sour-candy","34":"product_tag-vegan","35":"product_tag-vegan-candy","36":"product_tag-vegana","37":"product_tag-vegano","38":"product_tag-verde","39":"flavor-foam","40":"flavor-fruity","41":"flavor-palm-oil-free","42":"flavor-sour","43":"allergens-gluten-free","44":"allergens-lactose-free","46":"first","47":"outofstock","48":"taxable","49":"shipping-taxable","50":"purchasable","51":"product-type-simple"},"_links":{"self":[{"href":"https:\/\/godisfabrica.com\/es\/wp-json\/wp\/v2\/product\/19702","targetHints":{"allow":["GET"]}}],"collection":[{"href":"https:\/\/godisfabrica.com\/es\/wp-json\/wp\/v2\/product"}],"about":[{"href":"https:\/\/godisfabrica.com\/es\/wp-json\/wp\/v2\/types\/product"}],"replies":[{"embeddable":true,"href":"https:\/\/godisfabrica.com\/es\/wp-json\/wp\/v2\/comments?post=19702"}],"wp:featuredmedia":[{"embeddable":true,"href":"https:\/\/godisfabrica.com\/es\/wp-json\/wp\/v2\/media\/19703"}],"wp:attachment":[{"href":"https:\/\/godisfabrica.com\/es\/wp-json\/wp\/v2\/media?parent=19702"}],"wp:term":[{"taxonomy":"product_brand","embeddable":true,"href":"https:\/\/godisfabrica.com\/es\/wp-json\/wp\/v2\/product_brand?post=19702"},{"taxonomy":"product_cat","embeddable":true,"href":"https:\/\/godisfabrica.com\/es\/wp-json\/wp\/v2\/product_cat?post=19702"},{"taxonomy":"product_tag","embeddable":true,"href":"https:\/\/godisfabrica.com\/es\/wp-json\/wp\/v2\/product_tag?post=19702"},{"taxonomy":"flavor","embeddable":true,"href":"https:\/\/godisfabrica.com\/es\/wp-json\/wp\/v2\/flavor?post=19702"},{"taxonomy":"allergens","embeddable":true,"href":"https:\/\/godisfabrica.com\/es\/wp-json\/wp\/v2\/allergens?post=19702"}],"curies":[{"name":"wp","href":"https:\/\/api.w.org\/{rel}","templated":true}]}}