{"id":19706,"date":"2026-04-18T23:04:58","date_gmt":"2026-04-18T21:04:58","guid":{"rendered":"https:\/\/godisfabrica.com\/?post_type=product&#038;p=19706"},"modified":"2026-04-28T20:37:09","modified_gmt":"2026-04-28T18:37:09","slug":"sour-lemon-liquorice-clock","status":"publish","type":"product","link":"https:\/\/godisfabrica.com\/es\/producto\/sour-lemon-liquorice-clock\/","title":{"rendered":"Reloj de Regaliz y Lim\u00f3n"},"content":{"rendered":"<p data-start=\"194\" data-end=\"489\">Reloj de Regaliz y Lim\u00f3n (Sour Lemon Liquorice Clock) \u2013 el tiempo vuela cuando est\u00e1s picando algo as\u00ed de bueno.<\/p>\n<p data-start=\"194\" data-end=\"489\">El Reloj de Regaliz y Lim\u00f3n no es un caramelo cualquiera: es una explosi\u00f3n perfectamente \u201ccronometrada\u201d de lim\u00f3n \u00e1cido y rico regaliz que, sorprendentemente, funciona a la perfecci\u00f3n. Con forma de reloj (s\u00ed, relojes de verdad en versi\u00f3n dulce), estas chuches tan originales combinan el golpe afrutado del lim\u00f3n \u00e1cido con el sabor profundo e inconfundible del regaliz tradicional. Es dulce, \u00e1cido, un poco extra\u00f1o\u2026 y peligrosamente adictivo. Un cl\u00e1sico sueco con un giro divertido, este caramelo demuestra que cuando se trata de sabor, Aroma sabe c\u00f3mo mantener el ritmo.<\/p>\n<div style=\"display: none;\">\n<h5 style=\"display: none;\">Frambuesa de Gelatina<\/h5>\n<h5><img decoding=\"async\" style=\"display: none;\" src=\"https:\/\/godisfabrica.com\/wp-content\/uploads\/2024\/08\/IMG_5948-scaled.jpg\" alt=\"Candy Shop\" \/><\/h5>\n<p style=\"display: none;\">Shop delicious candies at our online candy shop in Spain. Explore a variety of sweets at Godisfabrica and enjoy fast delivery across Spain! &#8220;Shop your favorite candies at our online candy shop in Spain. Fast delivery, wide selection, and sweet deals await. Order now!&#8221; Shop online at Godisfabrica for the best candy in Spain. Discover delicious sweets, fast shipping, and premium quality treats today!<\/p>\n<\/div>\n<div style=\"display: none;\">\n<h5 style=\"display: none;\">Raspberry<\/h5>\n<h5><img decoding=\"async\" style=\"display: none;\" src=\"https:\/\/godisfabrica.com\/wp-content\/uploads\/2024\/08\/IMG_5948-scaled.jpg\" alt=\"Candy Shop\" \/><\/h5>\n<p style=\"display: none;\">Shop delicious candies at our online candy shop in Spain. Explore a variety of sweets at Godisfabrica and enjoy fast delivery across Spain! &#8220;Shop your favorite candies at our online candy shop in Spain. Fast delivery, wide selection, and sweet deals await. Order now!&#8221; Shop online at Godisfabrica for the best candy in Spain. Discover delicious sweets, fast shipping, and premium quality treats today!<\/p>\n<\/div>\n<p><img decoding=\"async\" style=\"display: none;\" src=\"https:\/\/godisfabrica.com\/wp-content\/uploads\/2024\/08\/IMG_5948-scaled.jpg\" alt=\"Candy Shop\" \/><img decoding=\"async\" style=\"display: none;\" src=\"https:\/\/godisfabrica.com\/wp-content\/uploads\/2024\/08\/IMG_5948-scaled.jpg\" alt=\"Candy Shop\" \/><\/p>","protected":false},"excerpt":{"rendered":"<p>50g<\/p>","protected":false},"featured_media":19707,"comment_status":"open","ping_status":"closed","template":"","meta":[],"product_brand":[],"product_cat":[225],"product_tag":[1128,1583,229,508,540,1205,507,1276,1213,2106,546,2108,1039,1037,668,529,677,1427,565,2107,1584],"flavor":[411,413,415],"allergens":[],"class_list":{"0":"post-19706","1":"product","2":"type-product","3":"status-publish","4":"has-post-thumbnail","6":"product_cat-pick-mix-candy-godis-fabrica","7":"product_tag-acida","8":"product_tag-clock","9":"product_tag-fazer","10":"product_tag-fruit","11":"product_tag-fruit-candy","12":"product_tag-fruits","13":"product_tag-fruity","14":"product_tag-frutal","15":"product_tag-frutos","16":"product_tag-hora","17":"product_tag-lemon","18":"product_tag-lemon-candy","19":"product_tag-lemon-liquorice","20":"product_tag-lima","21":"product_tag-limon","22":"product_tag-liquorice","23":"product_tag-regaliz","24":"product_tag-regaliz-con-limon","25":"product_tag-sitruuna","26":"product_tag-sour-lemon-liquorice-clock","27":"product_tag-timer","28":"flavor-fruity","29":"flavor-liquorice","30":"flavor-sour","32":"first","33":"outofstock","34":"taxable","35":"shipping-taxable","36":"purchasable","37":"product-type-simple"},"_links":{"self":[{"href":"https:\/\/godisfabrica.com\/es\/wp-json\/wp\/v2\/product\/19706","targetHints":{"allow":["GET"]}}],"collection":[{"href":"https:\/\/godisfabrica.com\/es\/wp-json\/wp\/v2\/product"}],"about":[{"href":"https:\/\/godisfabrica.com\/es\/wp-json\/wp\/v2\/types\/product"}],"replies":[{"embeddable":true,"href":"https:\/\/godisfabrica.com\/es\/wp-json\/wp\/v2\/comments?post=19706"}],"wp:featuredmedia":[{"embeddable":true,"href":"https:\/\/godisfabrica.com\/es\/wp-json\/wp\/v2\/media\/19707"}],"wp:attachment":[{"href":"https:\/\/godisfabrica.com\/es\/wp-json\/wp\/v2\/media?parent=19706"}],"wp:term":[{"taxonomy":"product_brand","embeddable":true,"href":"https:\/\/godisfabrica.com\/es\/wp-json\/wp\/v2\/product_brand?post=19706"},{"taxonomy":"product_cat","embeddable":true,"href":"https:\/\/godisfabrica.com\/es\/wp-json\/wp\/v2\/product_cat?post=19706"},{"taxonomy":"product_tag","embeddable":true,"href":"https:\/\/godisfabrica.com\/es\/wp-json\/wp\/v2\/product_tag?post=19706"},{"taxonomy":"flavor","embeddable":true,"href":"https:\/\/godisfabrica.com\/es\/wp-json\/wp\/v2\/flavor?post=19706"},{"taxonomy":"allergens","embeddable":true,"href":"https:\/\/godisfabrica.com\/es\/wp-json\/wp\/v2\/allergens?post=19706"}],"curies":[{"name":"wp","href":"https:\/\/api.w.org\/{rel}","templated":true}]}}