{"id":19738,"date":"2026-04-24T20:41:32","date_gmt":"2026-04-24T18:41:32","guid":{"rendered":"https:\/\/godisfabrica.com\/?post_type=product&#038;p=19738"},"modified":"2026-04-28T21:55:29","modified_gmt":"2026-04-28T19:55:29","slug":"salty-skulls-bag","status":"publish","type":"product","link":"https:\/\/godisfabrica.com\/es\/producto\/salty-skulls-bag\/","title":{"rendered":"Bolsa de Calaveras Saladas"},"content":{"rendered":"<p data-start=\"0\" data-end=\"299\">Atr\u00e9vete a picar del lado oscuro con Calaveras Saladas, el atrevido caramelo de regaliz salado con forma de calavera que no es apto para paladares t\u00edmidos. Estas peque\u00f1as calaveras masticables ofrecen ese inconfundible golpe salado que los amantes del regaliz anhelan, equilibrado con una dulzura profunda y rica que lo hace peligrosamente adictivo.<\/p>\n<p data-start=\"301\" data-end=\"633\" data-is-last-node=\"\" data-is-only-node=\"\">Perfecto para picar si te gustan los dulces con actitud, Calaveras Saladas aporta un sabor intenso en una forma divertida y llamativa. Si est\u00e1s buscando regaliz salado, chuches con forma de calavera o dulces n\u00f3rdicos \u00fanicos, Bolsa de Calaveras Saladas est\u00e1 garantizado para despertar tus papilas gustativas.<\/p>\n<div style=\"display: none;\">\n<h5 style=\"display: none;\">Frambuesa de Gelatina<\/h5>\n<h5><img decoding=\"async\" style=\"display: none;\" src=\"https:\/\/godisfabrica.com\/wp-content\/uploads\/2024\/08\/IMG_5948-scaled.jpg\" alt=\"Candy Shop\" \/><\/h5>\n<p style=\"display: none;\">Shop delicious candies at our online candy shop in Spain. Explore a variety of sweets at Godisfabrica and enjoy fast delivery across Spain! &#8220;Shop your favorite candies at our online candy shop in Spain. Fast delivery, wide selection, and sweet deals await. Order now!&#8221; Shop online at Godisfabrica for the best candy in Spain. Discover delicious sweets, fast shipping, and premium quality treats today!<\/p>\n<\/div>\n<div style=\"display: none;\">\n<h5 style=\"display: none;\">Raspberry<\/h5>\n<h5><img decoding=\"async\" style=\"display: none;\" src=\"https:\/\/godisfabrica.com\/wp-content\/uploads\/2024\/08\/IMG_5948-scaled.jpg\" alt=\"Candy Shop\" \/><\/h5>\n<p style=\"display: none;\">Shop delicious candies at our online candy shop in Spain. Explore a variety of sweets at Godisfabrica and enjoy fast delivery across Spain! &#8220;Shop your favorite candies at our online candy shop in Spain. Fast delivery, wide selection, and sweet deals await. Order now!&#8221; Shop online at Godisfabrica for the best candy in Spain. Discover delicious sweets, fast shipping, and premium quality treats today!<\/p>\n<\/div>\n<p><img decoding=\"async\" style=\"display: none;\" src=\"https:\/\/godisfabrica.com\/wp-content\/uploads\/2024\/08\/IMG_5948-scaled.jpg\" alt=\"Candy Shop\" \/><img decoding=\"async\" style=\"display: none;\" src=\"https:\/\/godisfabrica.com\/wp-content\/uploads\/2024\/08\/IMG_5948-scaled.jpg\" alt=\"Candy Shop\" \/><\/p>","protected":false},"excerpt":{"rendered":"<p>60g<\/p>","protected":false},"featured_media":19739,"comment_status":"open","ping_status":"closed","template":"","meta":[],"product_brand":[],"product_cat":[293],"product_tag":[1353,1409,1675,1352,592,725,236,529,1544,1355,1354,677,1362,732,1032,561,923,1111,2117,239,552],"flavor":[413,419,414,422],"allergens":[428,427],"class_list":{"0":"post-19738","1":"product","2":"type-product","3":"status-publish","4":"has-post-thumbnail","6":"product_cat-candy-products-godis-fabrica","7":"product_tag-bold-licorice","8":"product_tag-calavera","9":"product_tag-chuches-salados","10":"product_tag-finnish-candy","11":"product_tag-grahns-konfektyr","12":"product_tag-karkki","13":"product_tag-licorice","14":"product_tag-liquorice","15":"product_tag-muy-salado","16":"product_tag-pure","17":"product_tag-real-liquorice","18":"product_tag-regaliz","19":"product_tag-regaliz-salado","20":"product_tag-salado","21":"product_tag-salta","22":"product_tag-salty","23":"product_tag-salty-liquorice","24":"product_tag-salty-skull","25":"product_tag-salty-skulls-bag","26":"product_tag-skull","27":"product_tag-swedish-candy","28":"flavor-liquorice","29":"flavor-palm-oil-free","30":"flavor-salty","31":"flavor-wrapped","32":"allergens-gluten-free","33":"allergens-lactose-free","35":"first","36":"outofstock","37":"taxable","38":"shipping-taxable","39":"purchasable","40":"product-type-simple"},"_links":{"self":[{"href":"https:\/\/godisfabrica.com\/es\/wp-json\/wp\/v2\/product\/19738","targetHints":{"allow":["GET"]}}],"collection":[{"href":"https:\/\/godisfabrica.com\/es\/wp-json\/wp\/v2\/product"}],"about":[{"href":"https:\/\/godisfabrica.com\/es\/wp-json\/wp\/v2\/types\/product"}],"replies":[{"embeddable":true,"href":"https:\/\/godisfabrica.com\/es\/wp-json\/wp\/v2\/comments?post=19738"}],"wp:featuredmedia":[{"embeddable":true,"href":"https:\/\/godisfabrica.com\/es\/wp-json\/wp\/v2\/media\/19739"}],"wp:attachment":[{"href":"https:\/\/godisfabrica.com\/es\/wp-json\/wp\/v2\/media?parent=19738"}],"wp:term":[{"taxonomy":"product_brand","embeddable":true,"href":"https:\/\/godisfabrica.com\/es\/wp-json\/wp\/v2\/product_brand?post=19738"},{"taxonomy":"product_cat","embeddable":true,"href":"https:\/\/godisfabrica.com\/es\/wp-json\/wp\/v2\/product_cat?post=19738"},{"taxonomy":"product_tag","embeddable":true,"href":"https:\/\/godisfabrica.com\/es\/wp-json\/wp\/v2\/product_tag?post=19738"},{"taxonomy":"flavor","embeddable":true,"href":"https:\/\/godisfabrica.com\/es\/wp-json\/wp\/v2\/flavor?post=19738"},{"taxonomy":"allergens","embeddable":true,"href":"https:\/\/godisfabrica.com\/es\/wp-json\/wp\/v2\/allergens?post=19738"}],"curies":[{"name":"wp","href":"https:\/\/api.w.org\/{rel}","templated":true}]}}