{"id":19740,"date":"2026-04-24T20:54:46","date_gmt":"2026-04-24T18:54:46","guid":{"rendered":"https:\/\/godisfabrica.com\/?post_type=product&#038;p=19740"},"modified":"2026-04-28T21:55:41","modified_gmt":"2026-04-28T19:55:41","slug":"sour-chili","status":"publish","type":"product","link":"https:\/\/godisfabrica.com\/es\/producto\/sour-chili\/","title":{"rendered":"Chili \u00c1cido"},"content":{"rendered":"<p data-start=\"0\" data-end=\"302\">Chili \u00c1cido (Sour Chili) es un divertido y \u00fanico caramelo de gominola \u00e1cida con forma de mini guindillas, que ofrece un giro original a los cl\u00e1sicos dulces afrutados. Recubiertos de un ligero az\u00facar para un toque extra de chispa, estos caramelos Chili \u00c1cido combinan una textura suave con un sabor \u00e1cido y afrutado que te hace volver a por m\u00e1s.<\/p>\n<p data-start=\"304\" data-end=\"653\" data-is-last-node=\"\" data-is-only-node=\"\">Perfecto para fiestas, snacks de viernes por la noche, pi\u00f1atas, mesas de chuches o para compartir con amigos, Chili \u00c1cido a\u00f1ade tanto emoci\u00f3n como sabor a cualquier ocasi\u00f3n. Su llamativa forma de guindilla lo convierte en un elemento destacado en cualquier mesa de dulces.<\/p>\n<div style=\"display: none;\">\n<h5 style=\"display: none;\">Frambuesa de Gelatina<\/h5>\n<h5><img decoding=\"async\" style=\"display: none;\" src=\"https:\/\/godisfabrica.com\/wp-content\/uploads\/2024\/08\/IMG_5948-scaled.jpg\" alt=\"Candy Shop\" \/><\/h5>\n<p style=\"display: none;\">Shop delicious candies at our online candy shop in Spain. Explore a variety of sweets at Godisfabrica and enjoy fast delivery across Spain! &#8220;Shop your favorite candies at our online candy shop in Spain. Fast delivery, wide selection, and sweet deals await. Order now!&#8221; Shop online at Godisfabrica for the best candy in Spain. Discover delicious sweets, fast shipping, and premium quality treats today!<\/p>\n<\/div>\n<div style=\"display: none;\">\n<h5 style=\"display: none;\">Raspberry<\/h5>\n<h5><img decoding=\"async\" style=\"display: none;\" src=\"https:\/\/godisfabrica.com\/wp-content\/uploads\/2024\/08\/IMG_5948-scaled.jpg\" alt=\"Candy Shop\" \/><\/h5>\n<p style=\"display: none;\">Shop delicious candies at our online candy shop in Spain. Explore a variety of sweets at Godisfabrica and enjoy fast delivery across Spain! &#8220;Shop your favorite candies at our online candy shop in Spain. Fast delivery, wide selection, and sweet deals await. Order now!&#8221; Shop online at Godisfabrica for the best candy in Spain. Discover delicious sweets, fast shipping, and premium quality treats today!<\/p>\n<\/div>\n<p><img decoding=\"async\" style=\"display: none;\" src=\"https:\/\/godisfabrica.com\/wp-content\/uploads\/2024\/08\/IMG_5948-scaled.jpg\" alt=\"Candy Shop\" \/><img decoding=\"async\" style=\"display: none;\" src=\"https:\/\/godisfabrica.com\/wp-content\/uploads\/2024\/08\/IMG_5948-scaled.jpg\" alt=\"Candy Shop\" \/><\/p>","protected":false},"excerpt":{"rendered":"<p>50g<\/p>","protected":false},"featured_media":19741,"comment_status":"open","ping_status":"closed","template":"","meta":[],"product_brand":[],"product_cat":[225],"product_tag":[1128,731,1810,970,2121,2120,508,507,1907,1276,531,440,2122,873,2119,584,938,435,585,2118,552],"flavor":[411,417,419,415],"allergens":[427],"class_list":{"0":"post-19740","1":"product","2":"type-product","3":"status-publish","4":"has-post-thumbnail","6":"product_cat-pick-mix-candy-godis-fabrica","7":"product_tag-acida","8":"product_tag-acido","9":"product_tag-amargo","10":"product_tag-chili","11":"product_tag-chili-candy","12":"product_tag-forma-de-pimiento","13":"product_tag-fruit","14":"product_tag-fruity","15":"product_tag-fruta","16":"product_tag-frutal","17":"product_tag-funny","18":"product_tag-jelly","19":"product_tag-paprika","20":"product_tag-pepper","21":"product_tag-pimiento","22":"product_tag-red","23":"product_tag-rojo","24":"product_tag-sour","25":"product_tag-sour-candy","26":"product_tag-sour-chili","27":"product_tag-swedish-candy","28":"flavor-fruity","29":"flavor-jelly","30":"flavor-palm-oil-free","31":"flavor-sour","32":"allergens-lactose-free","34":"first","35":"outofstock","36":"taxable","37":"shipping-taxable","38":"purchasable","39":"product-type-simple"},"_links":{"self":[{"href":"https:\/\/godisfabrica.com\/es\/wp-json\/wp\/v2\/product\/19740","targetHints":{"allow":["GET"]}}],"collection":[{"href":"https:\/\/godisfabrica.com\/es\/wp-json\/wp\/v2\/product"}],"about":[{"href":"https:\/\/godisfabrica.com\/es\/wp-json\/wp\/v2\/types\/product"}],"replies":[{"embeddable":true,"href":"https:\/\/godisfabrica.com\/es\/wp-json\/wp\/v2\/comments?post=19740"}],"wp:featuredmedia":[{"embeddable":true,"href":"https:\/\/godisfabrica.com\/es\/wp-json\/wp\/v2\/media\/19741"}],"wp:attachment":[{"href":"https:\/\/godisfabrica.com\/es\/wp-json\/wp\/v2\/media?parent=19740"}],"wp:term":[{"taxonomy":"product_brand","embeddable":true,"href":"https:\/\/godisfabrica.com\/es\/wp-json\/wp\/v2\/product_brand?post=19740"},{"taxonomy":"product_cat","embeddable":true,"href":"https:\/\/godisfabrica.com\/es\/wp-json\/wp\/v2\/product_cat?post=19740"},{"taxonomy":"product_tag","embeddable":true,"href":"https:\/\/godisfabrica.com\/es\/wp-json\/wp\/v2\/product_tag?post=19740"},{"taxonomy":"flavor","embeddable":true,"href":"https:\/\/godisfabrica.com\/es\/wp-json\/wp\/v2\/flavor?post=19740"},{"taxonomy":"allergens","embeddable":true,"href":"https:\/\/godisfabrica.com\/es\/wp-json\/wp\/v2\/allergens?post=19740"}],"curies":[{"name":"wp","href":"https:\/\/api.w.org\/{rel}","templated":true}]}}