{"id":19742,"date":"2026-04-24T21:16:02","date_gmt":"2026-04-24T19:16:02","guid":{"rendered":"https:\/\/godisfabrica.com\/?post_type=product&#038;p=19742"},"modified":"2026-04-28T21:56:04","modified_gmt":"2026-04-28T19:56:04","slug":"polly-tops-banana-split","status":"publish","type":"product","link":"https:\/\/godisfabrica.com\/es\/producto\/polly-tops-banana-split\/","title":{"rendered":"Polly Bolas de Banana Split"},"content":{"rendered":"<p data-start=\"0\" data-end=\"288\">Polly Bolas de Banana Split (Polly Tops Banana Split) es lo que ocurre cuando un postre de pl\u00e1tano decide dejar la restauraci\u00f3n y convertirse en una estrella del picoteo a tiempo completo. Estas suaves y masticables espumas saben a un banana split que ha sido ba\u00f1ado en chocolate, mejorado con personalidad y enviado a alegrar el mundo.<\/p>\n<p data-start=\"290\" data-end=\"520\">Son masticables, afrutadas, chocolatadas y peligrosamente f\u00e1ciles de \u201ccomer sin querer\u201d hasta vaciar toda la bolsa. Un minuto est\u00e1s picando algo, y al siguiente est\u00e1s cuestionando tus decisiones de vida con una bolsa de pick &amp; mix vac\u00eda y chocolate en los dedos. Perfectas para noches de cine o cualquier situaci\u00f3n en la que el autocontrol es solo una buena idea del pasado. Polly Bolas Banana Split: porque los pl\u00e1tanos merecen algo mejor que ser solo pl\u00e1tanos.<\/p>\n<div style=\"display: none;\">\n<h5 style=\"display: none;\">Marabou Sea Salt Chocolateh5&gt;<br \/>\n<img decoding=\"async\" style=\"display: none;\" src=\"https:\/\/godisfabrica.com\/wp-content\/uploads\/2024\/08\/IMG_5948-scaled.jpg\" alt=\"Candy Shop\" \/><\/h5>\n<p style=\"display: none;\">Shop delicious candies at our online candy shop in Spain. Explore a variety of sweets at Godisfabrica and enjoy fast delivery across Spain! &#8220;Shop your favorite candies at our online candy shop in Spain. Fast delivery, wide selection, and sweet deals await. Order now!&#8221; Shop online at Godisfabrica for the best candy in Spain. Discover delicious sweets, fast shipping, and premium quality treats today!<\/p>\n<\/div>\n<div style=\"display: none;\">\n<h5 style=\"display: none;\">Marabou Sea Salt Chocolateh5&gt;<br \/>\n<img decoding=\"async\" style=\"display: none;\" src=\"https:\/\/godisfabrica.com\/wp-content\/uploads\/2024\/08\/IMG_5948-scaled.jpg\" alt=\"Candy Shop\" \/><\/h5>\n<p style=\"display: none;\">Shop delicious candies at our online candy shop in Spain. Explore a variety of sweets at Godisfabrica and enjoy fast delivery across Spain! &#8220;Shop your favorite candies at our online candy shop in Spain. Fast delivery, wide selection, and sweet deals await. Order now!&#8221; Shop online at Godisfabrica for the best candy in Spain. Discover delicious sweets, fast shipping, and premium quality treats today!<\/p>\n<\/div>\n<div style=\"display: none;\">\n<h5 style=\"display: none;\">Marabou Sea Salt Chocolateh5&gt;<br \/>\n<img decoding=\"async\" style=\"display: none;\" src=\"https:\/\/godisfabrica.com\/wp-content\/uploads\/2024\/08\/IMG_5948-scaled.jpg\" alt=\"Candy Shop\" \/><\/h5>\n<p style=\"display: none;\">Shop delicious candies at our online candy shop in Spain. Explore a variety of sweets at Godisfabrica and enjoy fast delivery across Spain! &#8220;Shop your favorite candies at our online candy shop in Spain. Fast delivery, wide selection, and sweet deals await. Order now!&#8221; Shop online at Godisfabrica for the best candy in Spain. Discover delicious sweets, fast shipping, and premium quality treats today!<\/p>\n<\/div>\n<p><img decoding=\"async\" style=\"display: none;\" src=\"https:\/\/godisfabrica.com\/wp-content\/uploads\/2024\/08\/IMG_5948-scaled.jpg\" alt=\"Candy Shop\" \/><\/p>","protected":false},"excerpt":{"rendered":"<p>50g<\/p>","protected":false},"featured_media":19743,"comment_status":"open","ping_status":"closed","template":"","meta":[],"product_brand":[],"product_cat":[243,225],"product_tag":[613,475,2125,775,2127,230,2126,1850,551,443,735,499,468,610,233,2123,2124,2128,503,497,1863,231],"flavor":[412,410,411],"allergens":[],"class_list":{"0":"post-19742","1":"product","2":"type-product","3":"status-publish","4":"has-post-thumbnail","6":"product_cat-chocolate-category-godis-fabrica","7":"product_cat-pick-mix-candy-godis-fabrica","8":"product_tag-banaani","9":"product_tag-banana","10":"product_tag-banana-split","11":"product_tag-choco","12":"product_tag-choco-foam","13":"product_tag-chocolate","14":"product_tag-chuches-de-banana","15":"product_tag-chuches-de-platano","16":"product_tag-cloetta","17":"product_tag-foam","18":"product_tag-foamy","19":"product_tag-milk-chocolate","20":"product_tag-original","21":"product_tag-platano","22":"product_tag-polly","23":"product_tag-polly-banana","24":"product_tag-polly-candy","25":"product_tag-polly-tops-banana-split","26":"product_tag-popular","27":"product_tag-swedish-chocolate","28":"product_tag-tops","29":"product_tag-vanilla","30":"flavor-chocolate","31":"flavor-foam","32":"flavor-fruity","34":"first","35":"outofstock","36":"taxable","37":"shipping-taxable","38":"purchasable","39":"product-type-simple"},"_links":{"self":[{"href":"https:\/\/godisfabrica.com\/es\/wp-json\/wp\/v2\/product\/19742","targetHints":{"allow":["GET"]}}],"collection":[{"href":"https:\/\/godisfabrica.com\/es\/wp-json\/wp\/v2\/product"}],"about":[{"href":"https:\/\/godisfabrica.com\/es\/wp-json\/wp\/v2\/types\/product"}],"replies":[{"embeddable":true,"href":"https:\/\/godisfabrica.com\/es\/wp-json\/wp\/v2\/comments?post=19742"}],"wp:featuredmedia":[{"embeddable":true,"href":"https:\/\/godisfabrica.com\/es\/wp-json\/wp\/v2\/media\/19743"}],"wp:attachment":[{"href":"https:\/\/godisfabrica.com\/es\/wp-json\/wp\/v2\/media?parent=19742"}],"wp:term":[{"taxonomy":"product_brand","embeddable":true,"href":"https:\/\/godisfabrica.com\/es\/wp-json\/wp\/v2\/product_brand?post=19742"},{"taxonomy":"product_cat","embeddable":true,"href":"https:\/\/godisfabrica.com\/es\/wp-json\/wp\/v2\/product_cat?post=19742"},{"taxonomy":"product_tag","embeddable":true,"href":"https:\/\/godisfabrica.com\/es\/wp-json\/wp\/v2\/product_tag?post=19742"},{"taxonomy":"flavor","embeddable":true,"href":"https:\/\/godisfabrica.com\/es\/wp-json\/wp\/v2\/flavor?post=19742"},{"taxonomy":"allergens","embeddable":true,"href":"https:\/\/godisfabrica.com\/es\/wp-json\/wp\/v2\/allergens?post=19742"}],"curies":[{"name":"wp","href":"https:\/\/api.w.org\/{rel}","templated":true}]}}